{"id":9365,"date":"2025-11-05T12:34:10","date_gmt":"2025-11-05T12:34:10","guid":{"rendered":"https:\/\/care4birds.bg\/advices\/"},"modified":"2026-03-17T10:13:58","modified_gmt":"2026-03-17T10:13:58","slug":"advices","status":"publish","type":"page","link":"https:\/\/care4birds.bg\/de\/advices\/","title":{"rendered":"Tipps"},"content":{"rendered":"\t\t<div data-elementor-type=\"wp-page\" data-elementor-id=\"9365\" class=\"elementor elementor-9365 elementor-6607\" data-elementor-post-type=\"page\">\n\t\t\t\t<div class=\"elementor-element elementor-element-568b11c e-flex e-con-boxed e-con e-parent\" data-id=\"568b11c\" data-element_type=\"container\" data-e-type=\"container\">\n\t\t\t\t\t<div class=\"e-con-inner\">\n\t\t<div class=\"elementor-element elementor-element-75b7dcd e-con-full e-flex e-con e-child\" data-id=\"75b7dcd\" data-element_type=\"container\" data-e-type=\"container\">\n\t\t\t\t<div class=\"elementor-element elementor-element-6555c28 elementor-widget elementor-widget-image\" data-id=\"6555c28\" data-element_type=\"widget\" data-e-type=\"widget\" data-widget_type=\"image.default\">\n\t\t\t\t\t\t\t\t\t\t\t\t\t\t\t\t<a href=\"https:\/\/care4birds.bg\/wp-content\/uploads\/2025\/11\/care4birds-catalogue.pdf\" target=\"_blank\">\n\t\t\t\t\t\t\t<img fetchpriority=\"high\" decoding=\"async\" width=\"1527\" height=\"543\" src=\"https:\/\/care4birds.bg\/wp-content\/uploads\/2025\/11\/racing-season.png\" class=\"attachment-full size-full wp-image-9367\" alt=\"\" srcset=\"https:\/\/care4birds.bg\/wp-content\/uploads\/2025\/11\/racing-season.png 1527w, https:\/\/care4birds.bg\/wp-content\/uploads\/2025\/11\/racing-season-460x164.png 460w, https:\/\/care4birds.bg\/wp-content\/uploads\/2025\/11\/racing-season-765x272.png 765w, https:\/\/care4birds.bg\/wp-content\/uploads\/2025\/11\/racing-season-920x327.png 920w, https:\/\/care4birds.bg\/wp-content\/uploads\/2025\/11\/racing-season-231x82.png 231w\" sizes=\"(max-width: 1527px) 100vw, 1527px\" \/>\t\t\t\t\t\t\t\t<\/a>\n\t\t\t\t\t\t\t\t\t\t\t\t\t\t\t<\/div>\n\t\t\t\t<\/div>\n\t\t<div class=\"elementor-element elementor-element-d1ebfd8 e-con-full e-flex e-con e-child\" data-id=\"d1ebfd8\" data-element_type=\"container\" data-e-type=\"container\">\n\t\t\t\t<div class=\"elementor-element elementor-element-1c54cb1 elementor-widget elementor-widget-heading\" data-id=\"1c54cb1\" data-element_type=\"widget\" data-e-type=\"widget\" data-widget_type=\"heading.default\">\n\t\t\t\t\t<h2 class=\"elementor-heading-title elementor-size-default\">Rennsaison<\/h2>\t\t\t\t<\/div>\n\t\t\t\t<div class=\"elementor-element elementor-element-4315113 elementor-widget elementor-widget-heading\" data-id=\"4315113\" data-element_type=\"widget\" data-e-type=\"widget\" data-widget_type=\"heading.default\">\n\t\t\t\t\t<h2 class=\"elementor-heading-title elementor-size-default\">In meiner Kindheit und w\u00e4hrend der Rennen<\/h2>\t\t\t\t<\/div>\n\t\t\t\t<div class=\"elementor-element elementor-element-ed61ab1 elementor-widget elementor-widget-text-editor\" data-id=\"ed61ab1\" data-element_type=\"widget\" data-e-type=\"widget\" data-widget_type=\"text-editor.default\">\n\t\t\t\t\t\t\t\t\t<p>W\u00e4hrend der Flugsaison ben\u00f6tigen Tauben besondere Pflege, um ihre Gesundheit, Ausdauer und Leistungsf\u00e4higkeit zu erhalten. Dieses Programm sorgt f\u00fcr einen reibungslosen \u00dcbergang vom Absetzen bis zu den Wettfl\u00fcgen und hilft den V\u00f6geln dabei, ein starkes Immunsystem aufzubauen, das Darmgleichgewicht zu erhalten und sich nach Anstrengungen schnell zu erholen.<\/p>\t\t\t\t\t\t\t\t<\/div>\n\t\t\t\t<div class=\"elementor-element elementor-element-2b0f43d elementor-align-left elementor-widget elementor-widget-ideapark-button\" data-id=\"2b0f43d\" data-element_type=\"widget\" data-e-type=\"widget\" data-widget_type=\"ideapark-button.default\">\n\t\t\t\t<div class=\"elementor-widget-container\">\n\t\t\t\t\t\t\t<div class=\"c-ip-button__wrap\">\n\t\t\t<a href=\"https:\/\/care4birds.bg\/wp-content\/uploads\/2025\/11\/c4b-advices-racing-season.pdf\" target=\"_blank\" class=\"c-button c-ip-button c-button--default\" role=\"button\">\n\t\t\t\t\t\t\t\t<span class=\"c-ip-button__text\">PDF herunterladen<\/span>\n\t\t\t\t\t\t\t<\/a>\n\t\t<\/div>\n\t\t\t\t\t\t<\/div>\n\t\t\t\t<\/div>\n\t\t\t\t<\/div>\n\t\t\t\t\t<\/div>\n\t\t\t\t<\/div>\n\t\t<div class=\"elementor-element elementor-element-cfc525e e-flex e-con-boxed e-con e-parent\" data-id=\"cfc525e\" data-element_type=\"container\" data-e-type=\"container\" data-settings=\"{&quot;background_background&quot;:&quot;gradient&quot;}\">\n\t\t\t\t\t<div class=\"e-con-inner\">\n\t\t<div class=\"elementor-element elementor-element-d0c621c e-con-full e-flex e-con e-child\" data-id=\"d0c621c\" data-element_type=\"container\" data-e-type=\"container\">\n\t\t\t\t<div class=\"elementor-element elementor-element-2a53d4a elementor-widget elementor-widget-heading\" data-id=\"2a53d4a\" data-element_type=\"widget\" data-e-type=\"widget\" data-widget_type=\"heading.default\">\n\t\t\t\t\t<h2 class=\"elementor-heading-title elementor-size-default\">Fellwechsel<\/h2>\t\t\t\t<\/div>\n\t\t\t\t<div class=\"elementor-element elementor-element-df0c7c4 elementor-widget elementor-widget-heading\" data-id=\"df0c7c4\" data-element_type=\"widget\" data-e-type=\"widget\" data-widget_type=\"heading.default\">\n\t\t\t\t\t<h2 class=\"elementor-heading-title elementor-size-default\">Eine gute Mauser ist die Grundlage f\u00fcr optimale Ergebnisse im n\u00e4chsten Jahr<\/h2>\t\t\t\t<\/div>\n\t\t\t\t<div class=\"elementor-element elementor-element-9a5cfad elementor-widget elementor-widget-text-editor\" data-id=\"9a5cfad\" data-element_type=\"widget\" data-e-type=\"widget\" data-widget_type=\"text-editor.default\">\n\t\t\t\t\t\t\t\t\t<p>Die Mauser ist eine entscheidende Phase im Leben jeder Taube. In dieser Zeit wechseln die V\u00f6gel ihr Gefieder und bereiten ihren K\u00f6rper auf die kommenden Monate vor. Die richtige Ern\u00e4hrung und vorbeugende Pflege sind unerl\u00e4sslich, um das Federwachstum zu f\u00f6rdern, das Immunsystem zu st\u00e4rken und Gesundheitsprobleme zu vermeiden.<\/p>\t\t\t\t\t\t\t\t<\/div>\n\t\t\t\t<div class=\"elementor-element elementor-element-f893617 elementor-align-left elementor-widget elementor-widget-ideapark-button\" data-id=\"f893617\" data-element_type=\"widget\" data-e-type=\"widget\" data-widget_type=\"ideapark-button.default\">\n\t\t\t\t<div class=\"elementor-widget-container\">\n\t\t\t\t\t\t\t<div class=\"c-ip-button__wrap\">\n\t\t\t<a href=\"https:\/\/care4birds.bg\/wp-content\/uploads\/2025\/11\/c4b-advices-moulting-season.pdf\" target=\"_blank\" class=\"c-button c-ip-button c-button--default\" role=\"button\">\n\t\t\t\t\t\t\t\t<span class=\"c-ip-button__text\">PDF herunterladen<\/span>\n\t\t\t\t\t\t\t<\/a>\n\t\t<\/div>\n\t\t\t\t\t\t<\/div>\n\t\t\t\t<\/div>\n\t\t\t\t<\/div>\n\t\t<div class=\"elementor-element elementor-element-9f09371 e-con-full e-flex e-con e-child\" data-id=\"9f09371\" data-element_type=\"container\" data-e-type=\"container\">\n\t\t\t\t<div class=\"elementor-element elementor-element-af3bc7f elementor-widget elementor-widget-image\" data-id=\"af3bc7f\" data-element_type=\"widget\" data-e-type=\"widget\" data-widget_type=\"image.default\">\n\t\t\t\t\t\t\t\t\t\t\t\t\t\t\t\t<a href=\"https:\/\/care4birds.bg\/wp-content\/uploads\/2025\/11\/care4birds-catalogue.pdf\" target=\"_blank\">\n\t\t\t\t\t\t\t<img decoding=\"async\" width=\"1868\" height=\"518\" src=\"https:\/\/care4birds.bg\/wp-content\/uploads\/2025\/11\/moulting-season.png\" class=\"attachment-full size-full wp-image-9368\" alt=\"\" srcset=\"https:\/\/care4birds.bg\/wp-content\/uploads\/2025\/11\/moulting-season.png 1868w, https:\/\/care4birds.bg\/wp-content\/uploads\/2025\/11\/moulting-season-460x128.png 460w, https:\/\/care4birds.bg\/wp-content\/uploads\/2025\/11\/moulting-season-1530x424.png 1530w, https:\/\/care4birds.bg\/wp-content\/uploads\/2025\/11\/moulting-season-765x212.png 765w, https:\/\/care4birds.bg\/wp-content\/uploads\/2025\/11\/moulting-season-920x255.png 920w, https:\/\/care4birds.bg\/wp-content\/uploads\/2025\/11\/moulting-season-231x64.png 231w\" sizes=\"(max-width: 1868px) 100vw, 1868px\" \/>\t\t\t\t\t\t\t\t<\/a>\n\t\t\t\t\t\t\t\t\t\t\t\t\t\t\t<\/div>\n\t\t\t\t<\/div>\n\t\t\t\t\t<\/div>\n\t\t\t\t<\/div>\n\t\t<div class=\"elementor-element elementor-element-74a8424 e-flex e-con-boxed e-con e-parent\" data-id=\"74a8424\" data-element_type=\"container\" data-e-type=\"container\">\n\t\t\t\t\t<div class=\"e-con-inner\">\n\t\t<div class=\"elementor-element elementor-element-21310c2 e-con-full e-flex e-con e-child\" data-id=\"21310c2\" data-element_type=\"container\" data-e-type=\"container\">\n\t\t\t\t<div class=\"elementor-element elementor-element-e7d71d6 elementor-widget elementor-widget-image\" data-id=\"e7d71d6\" data-element_type=\"widget\" data-e-type=\"widget\" data-widget_type=\"image.default\">\n\t\t\t\t\t\t\t\t\t\t\t\t\t\t\t\t<a href=\"https:\/\/care4birds.bg\/wp-content\/uploads\/2025\/11\/care4birds-catalogue.pdf\" target=\"_blank\">\n\t\t\t\t\t\t\t<img decoding=\"async\" width=\"1809\" height=\"641\" src=\"https:\/\/care4birds.bg\/wp-content\/uploads\/2025\/11\/winter-and-breeding.png\" class=\"attachment-full size-full wp-image-9369\" alt=\"\" srcset=\"https:\/\/care4birds.bg\/wp-content\/uploads\/2025\/11\/winter-and-breeding.png 1809w, https:\/\/care4birds.bg\/wp-content\/uploads\/2025\/11\/winter-and-breeding-460x163.png 460w, https:\/\/care4birds.bg\/wp-content\/uploads\/2025\/11\/winter-and-breeding-1530x542.png 1530w, https:\/\/care4birds.bg\/wp-content\/uploads\/2025\/11\/winter-and-breeding-765x271.png 765w, https:\/\/care4birds.bg\/wp-content\/uploads\/2025\/11\/winter-and-breeding-920x326.png 920w, https:\/\/care4birds.bg\/wp-content\/uploads\/2025\/11\/winter-and-breeding-231x82.png 231w\" sizes=\"(max-width: 1809px) 100vw, 1809px\" \/>\t\t\t\t\t\t\t\t<\/a>\n\t\t\t\t\t\t\t\t\t\t\t\t\t\t\t<\/div>\n\t\t\t\t<\/div>\n\t\t<div class=\"elementor-element elementor-element-758f816 e-con-full e-flex e-con e-child\" data-id=\"758f816\" data-element_type=\"container\" data-e-type=\"container\">\n\t\t\t\t<div class=\"elementor-element elementor-element-25dc636 elementor-widget elementor-widget-heading\" data-id=\"25dc636\" data-element_type=\"widget\" data-e-type=\"widget\" data-widget_type=\"heading.default\">\n\t\t\t\t\t<h2 class=\"elementor-heading-title elementor-size-default\">Winter und Zuchtprogramm<\/h2>\t\t\t\t<\/div>\n\t\t\t\t<div class=\"elementor-element elementor-element-c1d3892 elementor-widget elementor-widget-heading\" data-id=\"c1d3892\" data-element_type=\"widget\" data-e-type=\"widget\" data-widget_type=\"heading.default\">\n\t\t\t\t\t<h2 class=\"elementor-heading-title elementor-size-default\">Verlassen Sie sich auf einen dauerhaften R\u00fcckgang und eine ausgezeichnete und\nbest\u00e4ndige Gesundheit w\u00e4hrend der Wintermonate<\/h2>\t\t\t\t<\/div>\n\t\t\t\t<div class=\"elementor-element elementor-element-96c202e elementor-widget elementor-widget-text-editor\" data-id=\"96c202e\" data-element_type=\"widget\" data-e-type=\"widget\" data-widget_type=\"text-editor.default\">\n\t\t\t\t\t\t\t\t\t<p>Die Winter- und Brutzeit erfordert eine kontinuierliche Pflege, um die Gesundheit der Tauben zu erhalten und eine erfolgreiche Fortpflanzung zu gew\u00e4hrleisten. In diesen k\u00e4lteren Monaten ben\u00f6tigen Tauben zus\u00e4tzliche Unterst\u00fctzung, um ihr Immunsystem zu st\u00e4rken, sich von den Wettflug- und Mauserphasen zu erholen und sich auf die bevorstehende Brutzeit vorzubereiten.<\/p>\t\t\t\t\t\t\t\t<\/div>\n\t\t\t\t<div class=\"elementor-element elementor-element-f9e4635 elementor-align-left elementor-widget elementor-widget-ideapark-button\" data-id=\"f9e4635\" data-element_type=\"widget\" data-e-type=\"widget\" data-widget_type=\"ideapark-button.default\">\n\t\t\t\t<div class=\"elementor-widget-container\">\n\t\t\t\t\t\t\t<div class=\"c-ip-button__wrap\">\n\t\t\t<a href=\"https:\/\/care4birds.bg\/wp-content\/uploads\/2025\/11\/c4b-winter-and-breeding-program.pdf\" target=\"_blank\" class=\"c-button c-ip-button c-button--default\" role=\"button\">\n\t\t\t\t\t\t\t\t<span class=\"c-ip-button__text\">PDF herunterladen<\/span>\n\t\t\t\t\t\t\t<\/a>\n\t\t<\/div>\n\t\t\t\t\t\t<\/div>\n\t\t\t\t<\/div>\n\t\t\t\t<\/div>\n\t\t\t\t\t<\/div>\n\t\t\t\t<\/div>\n\t\t\t\t<\/div>\n\t\t","protected":false},"excerpt":{"rendered":"<p>Rennsaison In meiner Kindheit und w\u00e4hrend der Rennen W\u00e4hrend der Flugsaison ben\u00f6tigen Tauben besondere Pflege, um ihre Gesundheit, Ausdauer und Leistungsf\u00e4higkeit zu&hellip;<\/p>\n","protected":false},"author":1,"featured_media":0,"parent":0,"menu_order":0,"comment_status":"closed","ping_status":"closed","template":"elementor_header_footer","meta":{"footnotes":""},"class_list":["post-9365","page","type-page","status-publish","hentry"],"_links":{"self":[{"href":"https:\/\/care4birds.bg\/de\/wp-json\/wp\/v2\/pages\/9365","targetHints":{"allow":["GET"]}}],"collection":[{"href":"https:\/\/care4birds.bg\/de\/wp-json\/wp\/v2\/pages"}],"about":[{"href":"https:\/\/care4birds.bg\/de\/wp-json\/wp\/v2\/types\/page"}],"author":[{"embeddable":true,"href":"https:\/\/care4birds.bg\/de\/wp-json\/wp\/v2\/users\/1"}],"replies":[{"embeddable":true,"href":"https:\/\/care4birds.bg\/de\/wp-json\/wp\/v2\/comments?post=9365"}],"version-history":[{"count":4,"href":"https:\/\/care4birds.bg\/de\/wp-json\/wp\/v2\/pages\/9365\/revisions"}],"predecessor-version":[{"id":9375,"href":"https:\/\/care4birds.bg\/de\/wp-json\/wp\/v2\/pages\/9365\/revisions\/9375"}],"wp:attachment":[{"href":"https:\/\/care4birds.bg\/de\/wp-json\/wp\/v2\/media?parent=9365"}],"curies":[{"name":"wp","href":"https:\/\/api.w.org\/{rel}","templated":true}]}}