{"id":10828,"date":"2025-11-03T11:38:17","date_gmt":"2025-11-03T11:38:17","guid":{"rendered":"https:\/\/care4birds.bg\/product\/intestinal-2\/"},"modified":"2026-04-01T08:01:31","modified_gmt":"2026-04-01T08:01:31","slug":"intestinal-2","status":"publish","type":"product","link":"https:\/\/care4birds.bg\/de\/produkt\/intestinal-2\/","title":{"rendered":"Intestinal"},"content":{"rendered":"<div>\n<h6>Indikation:<\/h6>\n<p>Bakterielle gastrointestinale Infektionen, wie Staphylococcus, Streptococcus und Enterococcus, bei V\u00f6geln.\n<\/p><\/div>\n<h6>Symptome:<\/h6>\n<div>\u2022 Deutliche Ver\u00e4nderung im Verhalten und Erscheinungsbild<\/div>\n<div>\u2022 Aufgeplustertes und struppiges Gefieder<\/div>\n<div>\u2022 Rote, tr\u00e4nende Augen, Nasenausfluss<\/div>\n<div>\u2022 Durchfall<\/div>\n<div>\u2022 Ungew\u00f6hnliche oder erschwerte Atmung<\/div>\n<div>\u2022 Verminderter Appetit und tiefes Sitzen auf der Stange<\/div>\n<h6>Dosierung<\/h6>\n<div>Als normale Behandlung 5 g in 2 L lauwarmes Trinkwasser f\u00fcr 3-5 Tage geben.<\/div>\n<div>Bei schweren Infektionen: Behandlung auf 5-7 aufeinanderfolgende Tage verl\u00e4ngern. Die Behandlung kann bei Bedarf nach einigen Tagen wiederholt werden.<\/div>\n<div>Messl\u00f6ffel 1+5 g enthalten.<\/div>\n<h6>Wechselwirkung(en): nicht bekannt.<\/h6>\n<h6>Gegenanzeige(n): \u00dcberdosierung.<\/h6>\n<h6>Anwendungshinweise:<\/h6>\n<p>Kranke V\u00f6gel isolieren (Temperatur 28-33 \u00baC, ged\u00e4mpftes Licht).<br \/>\nW\u00e4hrend der Behandlung auch den anderen V\u00f6geln eine vorbeugende Behandlung geben.<br \/>\nSicherstellen, dass die V\u00f6gel die empfohlene Menge des Medikaments aufnehmen; daher die Aufnahme von nicht medikament\u00f6sem Futter oder Wasser vermeiden.<br \/>\nW\u00e4hrend der Behandlung Glukose und MULTIVIT MIX verabreichen.<br \/>\nBei schweren F\u00e4llen wird eine verl\u00e4ngerte Behandlung empfohlen.<br \/>\nF\u00fcr eine ausreichende Desinfektion der Unterkunft sorgen.<br \/>\nWenn keine schnelle Besserung eintritt, einen Fachmann konsultieren.<\/p>\n<h6>HINWEISE: VOR DER ANWENDUNG DIE ANLEITUNG LESEN.<\/h6>\n<p>Trocken und vor direkter Sonneneinstrahlung gesch\u00fctzt bei 0-30 \u00b0C lagern.<br \/>\nHaltbarkeit nach dem ersten \u00d6ffnen: ein (1) Jahr.<br \/>\nChargennummer und Verfallsdatum: siehe Verpackung.<br \/>\nKontakt des Medikaments mit den H\u00e4nden vermeiden.<br \/>\nF\u00fcr Kinder unzug\u00e4nglich aufbewahren.<br \/>\nNur zur Behandlung von Tieren. Nicht f\u00fcr Tiere bestimmt, die der Lebensmittelgewinnung dienen.<br \/>\nLeere Verpackung und Restprodukt im Hausm\u00fcll entsorgen.<br \/>\nDieses Tierarzneimittel wird gem\u00e4\u00df der Ausnahmeregelung f\u00fcr Kleintiere vermarktet.<\/p>\n<h6>E<\/p>\n","protected":false},"excerpt":{"rendered":"<p>Indikation: Bakterielle gastrointestinale Infektionen, wie Staphylococcus, Streptococcus und Enterococcus, bei V\u00f6geln. Symptome: \u2022 Deutliche Ver\u00e4nderung im Verhalten und Erscheinungsbild \u2022 Aufgeplustertes und&hellip;<\/p>\n","protected":false},"featured_media":10829,"template":"","meta":[],"product_cat":[233],"product_tag":[],"class_list":{"0":"post-10828","1":"product","2":"type-product","3":"status-publish","4":"has-post-thumbnail","6":"product_cat-medikamente-fuer-voegel","8":"first","9":"instock","10":"shipping-taxable","11":"product-type-simple"},"_links":{"self":[{"href":"https:\/\/care4birds.bg\/de\/wp-json\/wp\/v2\/product\/10828","targetHints":{"allow":["GET"]}}],"collection":[{"href":"https:\/\/care4birds.bg\/de\/wp-json\/wp\/v2\/product"}],"about":[{"href":"https:\/\/care4birds.bg\/de\/wp-json\/wp\/v2\/types\/product"}],"wp:featuredmedia":[{"embeddable":true,"href":"https:\/\/care4birds.bg\/de\/wp-json\/wp\/v2\/media\/10829"}],"wp:attachment":[{"href":"https:\/\/care4birds.bg\/de\/wp-json\/wp\/v2\/media?parent=10828"}],"wp:term":[{"taxonomy":"product_cat","embeddable":true,"href":"https:\/\/care4birds.bg\/de\/wp-json\/wp\/v2\/product_cat?post=10828"},{"taxonomy":"product_tag","embeddable":true,"href":"https:\/\/care4birds.bg\/de\/wp-json\/wp\/v2\/product_tag?post=10828"}],"curies":[{"name":"wp","href":"https:\/\/api.w.org\/{rel}","templated":true}]}}