{"id":10846,"date":"2025-11-03T11:34:48","date_gmt":"2025-11-03T11:34:48","guid":{"rendered":"https:\/\/care4birds.bg\/product\/salmo-mix\/"},"modified":"2026-04-01T08:03:49","modified_gmt":"2026-04-01T08:03:49","slug":"salmo-mix","status":"publish","type":"product","link":"https:\/\/care4birds.bg\/de\/produkt\/salmo-mix\/","title":{"rendered":"Salmo-mix"},"content":{"rendered":"<h6>Indikationen:<\/h6>\n<div>Salmonellose, Colibacillose (Schwei\u00dfkrankheit) und bakterielle Infektionen, die bei V\u00f6geln h\u00e4ufig vorkommen.<\/div>\n<h6>Symptome:<\/h6>\n<div>GEMEINSAME SYMPTOME BAKTERIELLER INFEKTIONEN:<\/div>\n<div>ZUS\u00c4TZLICHE SYMPTOME DER COLIBACILLOSE (SCHWEISSKRANKHEIT):<\/div>\n<div>\u2022 Deutliche Ver\u00e4nderungen im Verhalten und Aussehen<\/div>\n<div>\u2022 Aufgestellte und ungepflegte Federn<\/div>\n<div>\u2022 Durchfall<\/div>\n<div>\u2022 Ungew\u00f6hnliche oder erschwerte Atmung<\/div>\n<div>\u2022 Verminderter Appetit und tiefes Sitzen auf der Stange<\/div>\n<div>\u2022 Innenseite der Nester mit gelbem Durchfall der K\u00fcken verschmutzt<\/div>\n<div>\u2022 Wachstumsverz\u00f6gerung der Jungv\u00f6gel<\/div>\n<div>\u2022 Erh\u00f6hte Sterblichkeitsrate in den ersten Lebenstagen<\/div>\n<div><\/div>\n<div>Salmonellose tritt h\u00e4ufiger in feuchteren Jahreszeiten auf, au\u00dferhalb der Voliere, wenn keine angemessenen Hygienema\u00dfnahmen getroffen werden; die Exposition gegen\u00fcber M\u00e4usen oder Vogelkot wild lebender V\u00f6gel ist eine Infektionsquelle.<\/div>\n<h6>Dosierung:<\/h6>\n<div>DOSIERUNG: ALS NORMALE BEHANDLUNG 5 g in 1 Liter Trinkwasser geben<\/div>\n<div>f\u00fcr 5\u20137 aufeinanderfolgende Tage.<\/div>\n<div>IM FALL VON SALMONELLOSE ODER COLIBACILLOSE (SCHWEISSKRANKHEIT) die Behandlung nach 2 Tagen wiederholen<\/div>\n<div>Messl\u00f6ffel 1+5 g enthalten.<\/div>\n<div><\/div>\n<p>Wechselwirkungen: nicht bekannt.<\/p>\n<p>Gegenanzeigen: \u00dcberdosierung.<\/p>\n<h6>Anwendungshinweise:<\/h6>\n<p>Kranke V\u00f6gel isolieren (Temperatur 28\u201333 \u00baC, Licht gedimmt).<br \/>\nW\u00e4hrend der Behandlung auch vorbeugende Ma\u00dfnahmen f\u00fcr andere V\u00f6gel ergreifen.<br \/>\nSicherstellen, dass die V\u00f6gel die empfohlene Medikamentenmenge aufnehmen; daher keine nicht medikamentierten Nahrung oder Wasser geben.<br \/>\nW\u00e4hrend der Behandlung Glukose und MULTIVIT MIX verabreichen.<br \/>\nBei schweren F\u00e4llen wird eine verl\u00e4ngerte Behandlung empfohlen.<br \/>\nDie Unterbringung gr\u00fcndlich desinfizieren.<br \/>\nWenn keine schnelle Verbesserung eintritt, einen Experten konsultieren.<\/p>\n<h6>HINWEISE: ANLEITUNG VOR GEBRAUCH LESEN.<\/h6>\n<p>Trocken, vor direkter Sonneneinstrahlung gesch\u00fctzt, bei 0\u201330 \u00baC lagern.<br \/>\nHaltbarkeit nach erstmaligem \u00d6ffnen: ein (1) Jahr.<br \/>\nChargennummer und Ablaufdatum: siehe Verpackung.<br \/>\nKontakt des Medikaments mit den H\u00e4nden vermeiden.<br \/>\nAu\u00dferhalb der Reichweite von Kindern aufbewahren.<br \/>\nNur zur Behandlung von Tieren. Nicht f\u00fcr Tiere bestimmt, die f\u00fcr den menschlichen Verzehr bestimmt sind.<br \/>\nLeere Verpackung und Restprodukt mit dem Hausm\u00fcll entsorgen.<br \/>\nDieses Tierarzneimittel wird gem\u00e4\u00df dem Klein-Exemptionsschema f\u00fcr Tiere vermarktet.<\/p>\n<h6>Enth\u00e4lt:<\/h6>\n<p>Furaltadon HCl 12,8%, Chloramphenicol 8%, Chlortetracyclin HCl 12,5%, inaktive Bestandteile q.s. bis 100 g<\/p>\n","protected":false},"excerpt":{"rendered":"<p>Indikationen: Salmonellose, Colibacillose (Schwei\u00dfkrankheit) und bakterielle Infektionen, die bei V\u00f6geln h\u00e4ufig vorkommen. Symptome: GEMEINSAME SYMPTOME BAKTERIELLER INFEKTIONEN: ZUS\u00c4TZLICHE SYMPTOME DER COLIBACILLOSE (SCHWEISSKRANKHEIT):&hellip;<\/p>\n","protected":false},"featured_media":10847,"template":"","meta":[],"product_cat":[233],"product_tag":[],"class_list":{"0":"post-10846","1":"product","2":"type-product","3":"status-publish","4":"has-post-thumbnail","6":"product_cat-medikamente-fuer-voegel","8":"first","9":"instock","10":"shipping-taxable","11":"product-type-simple"},"_links":{"self":[{"href":"https:\/\/care4birds.bg\/de\/wp-json\/wp\/v2\/product\/10846","targetHints":{"allow":["GET"]}}],"collection":[{"href":"https:\/\/care4birds.bg\/de\/wp-json\/wp\/v2\/product"}],"about":[{"href":"https:\/\/care4birds.bg\/de\/wp-json\/wp\/v2\/types\/product"}],"wp:featuredmedia":[{"embeddable":true,"href":"https:\/\/care4birds.bg\/de\/wp-json\/wp\/v2\/media\/10847"}],"wp:attachment":[{"href":"https:\/\/care4birds.bg\/de\/wp-json\/wp\/v2\/media?parent=10846"}],"wp:term":[{"taxonomy":"product_cat","embeddable":true,"href":"https:\/\/care4birds.bg\/de\/wp-json\/wp\/v2\/product_cat?post=10846"},{"taxonomy":"product_tag","embeddable":true,"href":"https:\/\/care4birds.bg\/de\/wp-json\/wp\/v2\/product_tag?post=10846"}],"curies":[{"name":"wp","href":"https:\/\/api.w.org\/{rel}","templated":true}]}}