{"id":10864,"date":"2025-11-03T11:34:46","date_gmt":"2025-11-03T11:34:46","guid":{"rendered":"https:\/\/care4birds.bg\/product\/worm-mix\/"},"modified":"2026-04-01T08:06:32","modified_gmt":"2026-04-01T08:06:32","slug":"worm-mix","status":"publish","type":"product","link":"https:\/\/care4birds.bg\/de\/produkt\/worm-mix\/","title":{"rendered":"Worm-mix"},"content":{"rendered":"<div>\n<h6>Indikationen:<\/h6>\n<\/div>\n<div>Zur Vorbeugung und Behandlung von Rund- und Haarwurmbefall bei V\u00f6geln.<\/div>\n<h6>Symptome:<\/h6>\n<div>DER DARMW\u00dcRMER<\/div>\n<div><\/div>\n<div>\u2022 Gewichtsverlust<\/div>\n<div>\u2022 Verlust von Kondition<\/div>\n<div>\u2022 Erh\u00f6hte Anf\u00e4lligkeit f\u00fcr andere Krankheiten<\/div>\n<h6>WANN SIE IHRE TIERE BEHANDELN SOLLTEN:<\/h6>\n<div>\u2022 Routinem\u00e4\u00dfig nach der Mauser<\/div>\n<div>\u2022 Beim Kauf neuer V\u00f6gel<\/div>\n<div>\u2022 Bei Wurminfektionen<\/div>\n<h6>Dosierung:<\/h6>\n<div>DOSIERUNG: ALS ALLGEMEINE BEHANDLUNG F\u00dcR V\u00d6GEL:<\/div>\n<div>1 g f\u00fcr 500 g Lebendgewicht \/ 5 g f\u00fcr 2500 g Lebendgewicht f\u00fcr 2 aufeinanderfolgende Tage<\/div>\n<div>Geben Sie Worm-mix mit dem Futter oder im Trinkwasser.<\/div>\n<div>Wiederholen Sie diese Behandlung nach 10\u201312 Tagen.<\/div>\n<div>Messl\u00f6ffel 1+5 g enthalten<\/div>\n<h6>Wechselwirkungen: nicht bekannt.<\/h6>\n<h6>Gegenanzeigen: \u00dcberdosierung: Dieses Produkt nicht w\u00e4hrend der Paarung, F\u00fctterung der Jungv\u00f6gel, Mauser gro\u00dfer Federn und bei V\u00f6geln unter 14 Tagen anwenden.<\/h6>\n<h6>Anwendungshinweise:<\/h6>\n<p>Kranke V\u00f6gel isolieren (Temperatur 28\u201333 \u00baC, Licht gedimmt).<br \/>\nW\u00e4hrend der Behandlung auch vorbeugende Ma\u00dfnahmen f\u00fcr andere V\u00f6gel ergreifen.<br \/>\nStellen Sie sicher, dass die V\u00f6gel die empfohlenen Medikamentenmengen aufnehmen; vermeiden Sie nicht-medikatisches Futter oder Wasser.<br \/>\nGeben Sie w\u00e4hrend der Behandlung Glukose und MULTIVIT MIX.<br \/>\nBei schweren F\u00e4llen wird eine verl\u00e4ngerte Behandlung empfohlen.<br \/>\nUnterkunft gr\u00fcndlich desinfizieren.<br \/>\nWenn keine schnelle Verbesserung eintritt, einen Experten konsultieren.<\/p>\n<h6>HINWEISE: ANLEITUNG VOR GEBRAUCH LESEN.<\/h6>\n<p>Trocken lagern, vor direktem Sonnenlicht sch\u00fctzen, bei 0\u201330 \u00baC.<br \/>\nHaltbarkeit nach erstem \u00d6ffnen: ein (1) Jahr.<br \/>\nChargennummer und Ablaufdatum: siehe Verpackung.<br \/>\nKontakt des Medikaments mit den H\u00e4nden vermeiden.<br \/>\nAu\u00dfer Reichweite von Kindern aufbewahren.<br \/>\nNur zur Behandlung von Tieren. Nicht f\u00fcr Tiere bestimmt, die f\u00fcr den menschlichen Verzehr gedacht sind.<br \/>\nLeere Verpackung und Restprodukt mit dem Hausm\u00fcll entsorgen.<br \/>\nDieses Tierarzneimittel wird gem\u00e4\u00df dem Klein-Tier-Ausnahmeschema vermarktet.<\/p>\n<h6>Enth\u00e4lt:<\/h6>\n<p>Levamisol HCl 2%, inaktive Bestandteile q.s. bis 100 g<\/p>\n","protected":false},"excerpt":{"rendered":"<p>Indikationen: Zur Vorbeugung und Behandlung von Rund- und Haarwurmbefall bei V\u00f6geln. Symptome: DER DARMW\u00dcRMER \u2022 Gewichtsverlust \u2022 Verlust von Kondition \u2022 Erh\u00f6hte&hellip;<\/p>\n","protected":false},"featured_media":10865,"template":"","meta":[],"product_cat":[233],"product_tag":[],"class_list":{"0":"post-10864","1":"product","2":"type-product","3":"status-publish","4":"has-post-thumbnail","6":"product_cat-medikamente-fuer-voegel","8":"first","9":"instock","10":"shipping-taxable","11":"product-type-simple"},"_links":{"self":[{"href":"https:\/\/care4birds.bg\/de\/wp-json\/wp\/v2\/product\/10864","targetHints":{"allow":["GET"]}}],"collection":[{"href":"https:\/\/care4birds.bg\/de\/wp-json\/wp\/v2\/product"}],"about":[{"href":"https:\/\/care4birds.bg\/de\/wp-json\/wp\/v2\/types\/product"}],"wp:featuredmedia":[{"embeddable":true,"href":"https:\/\/care4birds.bg\/de\/wp-json\/wp\/v2\/media\/10865"}],"wp:attachment":[{"href":"https:\/\/care4birds.bg\/de\/wp-json\/wp\/v2\/media?parent=10864"}],"wp:term":[{"taxonomy":"product_cat","embeddable":true,"href":"https:\/\/care4birds.bg\/de\/wp-json\/wp\/v2\/product_cat?post=10864"},{"taxonomy":"product_tag","embeddable":true,"href":"https:\/\/care4birds.bg\/de\/wp-json\/wp\/v2\/product_tag?post=10864"}],"curies":[{"name":"wp","href":"https:\/\/api.w.org\/{rel}","templated":true}]}}