{"id":10882,"date":"2025-11-03T11:33:19","date_gmt":"2025-11-03T11:33:19","guid":{"rendered":"https:\/\/care4birds.bg\/product\/fungi-mix\/"},"modified":"2026-03-30T09:00:11","modified_gmt":"2026-03-30T09:00:11","slug":"fungi-mix","status":"publish","type":"product","link":"https:\/\/care4birds.bg\/de\/produkt\/fungi-mix\/","title":{"rendered":"Fungi-mix"},"content":{"rendered":"<div>\n<h6>Indikation:<\/h6>\n<\/div>\n<div>Pilzinfektionen wie Candidiasis, Moniliasis und Aspergillose bei V\u00f6geln.<\/div>\n<div>Hefen sind \u00fcberall in der Umwelt zu finden, auch in verdorbenen Lebensmitteln. Aus diesem Grund sollten frisches Obst und Gem\u00fcse nicht lange im Vogelk\u00e4fig bleiben. Bei Sommerhitze und hoher Luftfeuchtigkeit kann sich Futter innerhalb weniger Stunden verderben. Schlechte Hygiene kann Hefeninfektionen ebenfalls verbreiten. Nicht sterilisierte Handf\u00fctterungsger\u00e4te, unsachgem\u00e4\u00dfe K\u00e4figreinigung und sogar das Nichtwaschen der H\u00e4nde k\u00f6nnen die Hefen verbreiten. Die meisten gesunden V\u00f6gel sind nicht betroffen. \u00c4ltere V\u00f6gel, Neugeborene, kranke und gestresste V\u00f6gel entwickeln in der Regel Hefeninfektionen. Diese Sekund\u00e4rinfektionen<\/div>\n<div>belasten ihr ohnehin schon \u00fcberlastetes Immunsystem zus\u00e4tzlich und behindern den Heilungsprozess.<\/div>\n<h6>Symptome:<\/h6>\n<div>\u2022 Gefieder aufgeplustert<\/div>\n<div>\u2022 Schlechter Appetit<\/div>\n<div>\u2022 Erbrechen<\/div>\n<div>\u2022 Geschwollener Kropf<\/div>\n<div>\u2022 Atembeschwerden<\/div>\n<div>\u2022 Oft verbunden mit Durchfall.<\/div>\n<h6>Dosierung:<\/h6>\n<div>Eifutter: V\u00f6gel allgemein: 5 g \/ 500 g weiches Futter, zweimal t\u00e4glich, 5\u20137 Tage<\/div>\n<div>Trinkwasser: V\u00f6gel allgemein: 5 g \/ 1 L Wasser, zweimal t\u00e4glich, 5\u20137 Tage (vor Gebrauch gut umr\u00fchren!) Nystatin kann direkt in die Handf\u00fctterungsformel gemischt werden, ist jedoch wirksamer, wenn es unverd\u00fcnnt etwa eine halbe Stunde vor der F\u00fctterung gegeben wird. So kann es die Kropfwand bedecken und die sch\u00e4dlichen Candida-Organismen angreifen. Zur Vorbeugung t\u00e4glich 5 ml Zitronens\u00e4ure pro 1 Liter Trinkwasser geben. Messl\u00f6ffel 1+5 g enthalten.<\/div>\n<h6>Wechselwirkungen: nicht bekannt.<\/h6>\n<h6>Gegenanzeigen: \u00dcberdosierung.<\/h6>\n<h6>Hinweise zur Anwendung:<\/h6>\n<p>Kranke V\u00f6gel isolieren (Temperatur 28\u201333 \u00baC, Licht ged\u00e4mpft).<br \/>\nW\u00e4hrend der Behandlung kranker Tiere auch vorbeugende Behandlung f\u00fcr andere V\u00f6gel bereitstellen.<br \/>\nSicherstellen, dass die V\u00f6gel die empfohlenen Mengen an Medikamenten aufnehmen; daher nicht-medikamentiertes Futter oder Wasser vermeiden.<br \/>\nW\u00e4hrend der Behandlung Glukose und MULTIVIT MIX verabreichen.<br \/>\nBei schweren F\u00e4llen ist eine verl\u00e4ngerte Behandlung empfohlen.<br \/>\nUnterkunft gr\u00fcndlich desinfizieren.<br \/>\nWenn keine schnelle Besserung eintritt, einen Experten konsultieren.  <\/p>\n<h6>HINWEISE: VOR DER ANWENDUNG ANLEITUNG LESEN.<\/h6>\n<p>Trocken lagern, vor direkter Sonneneinstrahlung sch\u00fctzen, zwischen 0\u201330 \u00baC.<br \/>\nHaltbarkeit nach erster \u00d6ffnung: ein (1) Jahr.<br \/>\nChargennummer und Ablaufdatum: siehe Verpackung.<br \/>\nKontakt mit den H\u00e4nden vermeiden.<br \/>\nAu\u00dfer Reichweite von Kindern aufbewahren.<br \/>\nNur zur Behandlung von Tieren. Nicht f\u00fcr Tiere bestimmt, die Lebensmittel f\u00fcr den menschlichen Verzehr produzieren.<br \/>\nLeere Verpackungen und Restprodukt \u00fcber den Hausm\u00fcll entsorgen.<br \/>\nDieses Tierarzneimittel wird gem\u00e4\u00df dem Kleintier-Ausnahmeschema vermarktet.  <\/p>\n<h6>Enth\u00e4lt:<\/h6>\n<p>100 g Nystatin (200.000 I.E.\/Gramm)<\/p>\n","protected":false},"excerpt":{"rendered":"<p>Indikation: Pilzinfektionen wie Candidiasis, Moniliasis und Aspergillose bei V\u00f6geln. Hefen sind \u00fcberall in der Umwelt zu finden, auch in verdorbenen Lebensmitteln. Aus&hellip;<\/p>\n","protected":false},"featured_media":10883,"template":"","meta":[],"product_cat":[233],"product_tag":[],"class_list":{"0":"post-10882","1":"product","2":"type-product","3":"status-publish","4":"has-post-thumbnail","6":"product_cat-medikamente-fuer-voegel","8":"first","9":"instock","10":"shipping-taxable","11":"product-type-simple"},"_links":{"self":[{"href":"https:\/\/care4birds.bg\/de\/wp-json\/wp\/v2\/product\/10882","targetHints":{"allow":["GET"]}}],"collection":[{"href":"https:\/\/care4birds.bg\/de\/wp-json\/wp\/v2\/product"}],"about":[{"href":"https:\/\/care4birds.bg\/de\/wp-json\/wp\/v2\/types\/product"}],"wp:featuredmedia":[{"embeddable":true,"href":"https:\/\/care4birds.bg\/de\/wp-json\/wp\/v2\/media\/10883"}],"wp:attachment":[{"href":"https:\/\/care4birds.bg\/de\/wp-json\/wp\/v2\/media?parent=10882"}],"wp:term":[{"taxonomy":"product_cat","embeddable":true,"href":"https:\/\/care4birds.bg\/de\/wp-json\/wp\/v2\/product_cat?post=10882"},{"taxonomy":"product_tag","embeddable":true,"href":"https:\/\/care4birds.bg\/de\/wp-json\/wp\/v2\/product_tag?post=10882"}],"curies":[{"name":"wp","href":"https:\/\/api.w.org\/{rel}","templated":true}]}}