{"id":10900,"date":"2025-11-03T11:31:54","date_gmt":"2025-11-03T11:31:54","guid":{"rendered":"https:\/\/care4birds.bg\/product\/protozoal-mix\/"},"modified":"2026-03-30T09:07:04","modified_gmt":"2026-03-30T09:07:04","slug":"protozoal-mix","status":"publish","type":"product","link":"https:\/\/care4birds.bg\/de\/produkt\/protozoal-mix\/","title":{"rendered":"Protozoal-mix"},"content":{"rendered":"<div>\n<div>\n<h6>Indikation:<\/h6>\n<\/div>\n<div>Protozoeninfektionen: Trichomoniasis (Canker), Giardiasis<\/div>\n<\/div>\n<div>\n<div>und Cochlosoma bei V\u00f6geln.<\/div>\n<\/div>\n<h6>Symptome:<\/h6>\n<div>\n<div>\u2022 Trichomoniasis: Gewichtsverlust, Erbrechen, getrockneter Speichel um den Schnabel<\/div>\n<\/div>\n<div>\n<div>\u2022 Giardiasis: Durchfall und einige Todesf\u00e4lle.<\/div>\n<\/div>\n<div>\n<div>\u2022 Cochlosomose: Bei Nestlingen Dehydration und Schw\u00e4che mit gelbem Durchfall.<\/div>\n<\/div>\n<div>\n<div>Bei Finken, die unter Bengalese aufgezogen werden, die als asymptomatische Tr\u00e4ger fungieren.<\/div>\n<\/div>\n<div>\n<div>Die Symptome sind bei K\u00fcken im Alter von 10 Tagen bis 6 Wochen am schwersten. Die Infektion kann durch kontaminierte Kot-, Futter- und Wasserquellen verbreitet werden.<\/div>\n<\/div>\n<h6>Dosierung:<\/h6>\n<div>Trichomoniasis und Giardiasis: 5 g in 1 Liter Trinkwasser geben<\/div>\n<div>f\u00fcr 5\u20137 aufeinanderfolgende Tage.<\/div>\n<div>Papagei: 1 g in 1 Liter Trinkwasser f\u00fcr 5\u20137 aufeinanderfolgende Tage.<\/div>\n<div>Cochlosomose: 5 g in 1 Liter Trinkwasser oder 500 g weiche Nahrung geben, 5 Tage lang. Wiederholen Sie diese Behandlung monatlich f\u00fcr 6 Monate.<\/div>\n<div>Messl\u00f6ffel 1+5 g enthalten.<\/div>\n<h6>Wechselwirkungen: nicht bekannt.<\/h6>\n<h6>Gegenanzeigen: \u00dcberdosierung.<\/h6>\n<h6>Anwendungshinweise:<\/h6>\n<p>Krankenv\u00f6gel isolieren (Temperatur 28\u201333 \u00baC, Licht gedimmt).<br \/>\nW\u00e4hrend der Behandlung kranker Tiere auch vorbeugende Behandlung f\u00fcr andere V\u00f6gel bereitstellen.<br \/>\nStellen Sie sicher, dass die V\u00f6gel die empfohlenen Mengen des Medikaments aufnehmen; vermeiden Sie daher die Aufnahme von nicht medikamentiertem Futter oder Wasser.<br \/>\nW\u00e4hrend der Behandlung Glukose und MULTIVIT MIX verabreichen.<br \/>\nBei schweren F\u00e4llen wird eine verl\u00e4ngerte Behandlung empfohlen.<br \/>\nUnterkunft gr\u00fcndlich desinfizieren.<br \/>\nWenn keine schnelle Besserung eintritt, konsultieren Sie einen Experten.  <\/p>\n<h6>HINWEISE: ANLEITUNG VOR GEBRAUCH LESEN.<\/h6>\n<p>Haltbarkeit nach dem ersten \u00d6ffnen: ein (1) Jahr.<br \/>\nChargennummer und Verfallsdatum: siehe Verpackung.<br \/>\nKontakt des Medikaments mit den H\u00e4nden vermeiden.<br \/>\nAu\u00dferhalb der Reichweite von Kindern aufbewahren.<br \/>\nNur f\u00fcr die Tierbehandlung. Nicht f\u00fcr Tiere, die zur Produktion von Lebensmitteln f\u00fcr den menschlichen Verzehr bestimmt sind.<br \/>\nLeere Verpackung und verbleibendes Produkt im Hausm\u00fcll entsorgen.<br \/>\nDieses Tierarzneimittel wird gem\u00e4\u00df dem Kleintier-Ausnahmeschema vermarktet.  <\/p>\n<h6>Enth\u00e4lt:<\/h6>\n<p>Ronidazol 10%, inaktive Inhaltsstoffe q.s. 100 g<\/p>\n","protected":false},"excerpt":{"rendered":"<p>Indikation: Protozoeninfektionen: Trichomoniasis (Canker), Giardiasis und Cochlosoma bei V\u00f6geln. Symptome: \u2022 Trichomoniasis: Gewichtsverlust, Erbrechen, getrockneter Speichel um den Schnabel \u2022 Giardiasis: Durchfall&hellip;<\/p>\n","protected":false},"featured_media":10901,"template":"","meta":[],"product_cat":[233],"product_tag":[],"class_list":{"0":"post-10900","1":"product","2":"type-product","3":"status-publish","4":"has-post-thumbnail","6":"product_cat-medikamente-fuer-voegel","8":"first","9":"instock","10":"shipping-taxable","11":"product-type-simple"},"_links":{"self":[{"href":"https:\/\/care4birds.bg\/de\/wp-json\/wp\/v2\/product\/10900","targetHints":{"allow":["GET"]}}],"collection":[{"href":"https:\/\/care4birds.bg\/de\/wp-json\/wp\/v2\/product"}],"about":[{"href":"https:\/\/care4birds.bg\/de\/wp-json\/wp\/v2\/types\/product"}],"wp:featuredmedia":[{"embeddable":true,"href":"https:\/\/care4birds.bg\/de\/wp-json\/wp\/v2\/media\/10901"}],"wp:attachment":[{"href":"https:\/\/care4birds.bg\/de\/wp-json\/wp\/v2\/media?parent=10900"}],"wp:term":[{"taxonomy":"product_cat","embeddable":true,"href":"https:\/\/care4birds.bg\/de\/wp-json\/wp\/v2\/product_cat?post=10900"},{"taxonomy":"product_tag","embeddable":true,"href":"https:\/\/care4birds.bg\/de\/wp-json\/wp\/v2\/product_tag?post=10900"}],"curies":[{"name":"wp","href":"https:\/\/api.w.org\/{rel}","templated":true}]}}