{"id":10918,"date":"2025-11-03T11:31:44","date_gmt":"2025-11-03T11:31:44","guid":{"rendered":"https:\/\/care4birds.bg\/product\/combi-mix-2\/"},"modified":"2026-03-30T09:44:27","modified_gmt":"2026-03-30T09:44:27","slug":"combi-mix-2","status":"publish","type":"product","link":"https:\/\/care4birds.bg\/de\/produkt\/combi-mix-2\/","title":{"rendered":"Combi-mix"},"content":{"rendered":"<div>\n<h6>Indikation:<\/h6>\n<\/div>\n<div>Kokzidiose und Atoxoplasmose (Lankesterella) bei V\u00f6geln.<\/div>\n<h6>Symptome:<\/h6>\n<div>\u2022 Appetitverlust<\/div>\n<div>\u2022 Gefieder aufgeplustert<\/div>\n<div>\u2022 W\u00e4ssriger, schleimiger Kot<\/div>\n<div>\u2022 Verschmutzte Schwanzfedern<\/div>\n<div>\u2022 Vergr\u00f6\u00dferte Leber<\/div>\n<div>\u2022 Geschwollene D\u00e4rme<\/div>\n<h6>Dosierung:<\/h6>\n<div>Dosierung Kokzidiose: K\u00e4figv\u00f6gel, Kanarien: 1 g \/ 200 ml Trinkwasser (5 g \/ 1 l), 7 Tage; Behandlung nach 2 Tagen wiederholen.<\/div>\n<div>Dosierung Atoxoplasmose (Lankesterella): K\u00e4figv\u00f6gel, Kanarien: 1 g \/ 400 ml Trinkwasser (5 g \/ 2 l), kontinuierlich w\u00e4hrend der Brutzeit bis nach der ersten Mauser. Messl\u00f6ffel 1+5 g enthalten.<\/div>\n<h6>Wechselwirkungen:<\/h6>\n<div>Nicht bekannt.<\/div>\n<h6>Gegenanzeigen:<\/h6>\n<div>\u00dcberdosierung.<\/div>\n<h6>Anwendungshinweise:<\/h6>\n<div>Kranke V\u00f6gel isolieren (Temperatur 28\u201333 \u00baC, Licht gedimmt).<\/div>\n<div>W\u00e4hrend der Behandlung auch vorbeugende Ma\u00dfnahmen bei anderen V\u00f6geln durchf\u00fchren.<\/div>\n<div>Sicherstellen, dass die V\u00f6gel die empfohlene Medikamentendosis erhalten; keine nicht medikamentierten Lebensmittel oder Wasser geben.<\/div>\n<div>W\u00e4hrend der Behandlung Glukose und MULTIVIT MIX verabreichen.<\/div>\n<div>Bei schweren F\u00e4llen wird eine verl\u00e4ngerte Behandlung empfohlen.<\/div>\n<div>Unterkunft gr\u00fcndlich desinfizieren.<\/div>\n<div>Wenn keine schnelle Verbesserung erfolgt, einen Experten konsultieren.<\/div>\n<h6>HINWEISE: ANLEITUNG VOR GEBRAUCH LESEN.<\/h6>\n<div>Trocken, vor direkter Sonneneinstrahlung gesch\u00fctzt, bei 0\u201330 \u00baC lagern.<\/div>\n<div>Haltbarkeit nach dem ersten \u00d6ffnen: ein (1) Jahr.<\/div>\n<div>Chargennummer und Ablaufdatum: siehe Verpackung.<\/div>\n<div>Kontakt mit den H\u00e4nden vermeiden.<\/div>\n<div>Au\u00dferhalb der Reichweite von Kindern aufbewahren.<\/div>\n<div>Nur zur Tierbehandlung. Nicht f\u00fcr Tiere, die f\u00fcr den menschlichen Verzehr bestimmt sind.<\/div>\n<div>Leere Verpackung und Restprodukt im Hausm\u00fcll entsorgen.<\/div>\n<div>Dieses Tierarzneimittel wird gem\u00e4\u00df dem Kleintier-Ausnahmeschema vermarktet.<\/div>\n<h6>Enth\u00e4lt:<\/h6>\n<div>Sulfachlorpyridazin Natrium 5 %, inaktive Bestandteile q.s. 100 g<\/div>\n<h6>WICHTIG:<\/h6>\n<div>Das Pulver kann mit der Zeit leicht verh\u00e4rten, beeintr\u00e4chtigt jedoch nicht die Wirksamkeit oder n\u00fctzlichen Eigenschaften des Produkts.<\/div>\n","protected":false},"excerpt":{"rendered":"<p>Indikation: Kokzidiose und Atoxoplasmose (Lankesterella) bei V\u00f6geln. Symptome: \u2022 Appetitverlust \u2022 Gefieder aufgeplustert \u2022 W\u00e4ssriger, schleimiger Kot \u2022 Verschmutzte Schwanzfedern \u2022 Vergr\u00f6\u00dferte&hellip;<\/p>\n","protected":false},"featured_media":10919,"template":"","meta":[],"product_cat":[233],"product_tag":[],"class_list":{"0":"post-10918","1":"product","2":"type-product","3":"status-publish","4":"has-post-thumbnail","6":"product_cat-medikamente-fuer-voegel","8":"first","9":"instock","10":"shipping-taxable","11":"product-type-simple"},"_links":{"self":[{"href":"https:\/\/care4birds.bg\/de\/wp-json\/wp\/v2\/product\/10918","targetHints":{"allow":["GET"]}}],"collection":[{"href":"https:\/\/care4birds.bg\/de\/wp-json\/wp\/v2\/product"}],"about":[{"href":"https:\/\/care4birds.bg\/de\/wp-json\/wp\/v2\/types\/product"}],"wp:featuredmedia":[{"embeddable":true,"href":"https:\/\/care4birds.bg\/de\/wp-json\/wp\/v2\/media\/10919"}],"wp:attachment":[{"href":"https:\/\/care4birds.bg\/de\/wp-json\/wp\/v2\/media?parent=10918"}],"wp:term":[{"taxonomy":"product_cat","embeddable":true,"href":"https:\/\/care4birds.bg\/de\/wp-json\/wp\/v2\/product_cat?post=10918"},{"taxonomy":"product_tag","embeddable":true,"href":"https:\/\/care4birds.bg\/de\/wp-json\/wp\/v2\/product_tag?post=10918"}],"curies":[{"name":"wp","href":"https:\/\/api.w.org\/{rel}","templated":true}]}}