{"id":10936,"date":"2025-11-03T11:29:59","date_gmt":"2025-11-03T11:29:59","guid":{"rendered":"https:\/\/care4birds.bg\/product\/orni-mix\/"},"modified":"2026-03-30T09:55:50","modified_gmt":"2026-03-30T09:55:50","slug":"orni-mix","status":"publish","type":"product","link":"https:\/\/care4birds.bg\/de\/produkt\/orni-mix\/","title":{"rendered":"Orni-mix"},"content":{"rendered":"<div>\n<h6>Indikation:<\/h6>\n<\/div>\n<div>\n<div>Atemwegsinfektionen verursacht durch Ornithose, Pneumonie, Mykoplasmose, Psittakose (Chlamydiose) bei V\u00f6geln.<\/div>\n<\/div>\n<h6>Symptome:<\/h6>\n<div>\n<div>\u2022 Nasennebenh\u00f6hleninfektion, erschwerte Atmung, Kurzatmigkeit, rasselnde Atmung oder \u201elaufende Nase\u201c<\/div>\n<\/div>\n<div>\n<div>\u2022 Augenausfluss oder Schwellung, verfilzte Federn um die Augen<\/div>\n<\/div>\n<div>\n<div>Lethargie, aufgestellte Federn, Appetitverlust, Gewichtsverlust, Schw\u00e4che.<\/div>\n<\/div>\n<h6>Dosierung<\/h6>\n<div>\n<div>Dosierung: K\u00e4fig- und Volierenv\u00f6gel (Kanarienv\u00f6gel, Finken):<\/div>\n<\/div>\n<div>\n<div>5 g \/ 2 Liter Trinkwasser, 5-10 aufeinanderfolgende Tage.<\/div>\n<\/div>\n<div>\n<div>Dosierung: Wellensittiche, Papageien:<\/div>\n<\/div>\n<div>\n<div>1 g \/ 2 kg K\u00f6rpergewicht oder 3 g \/ 200 ml Trinkwasser, 5-10 aufeinanderfolgende Tage.<\/div>\n<\/div>\n<div>\n<div>F\u00fcr die Behandlung von Psittakose (Papageienfieber): 1 g \/ 2 kg K\u00f6rpergewicht oder 3 g \/ 200 ml Trinkwasser. Behandlungsdauer: 45 Tage. Alle Kalziumquellen m\u00fcssen in diesem Zeitraum entfernt werden, da Kalzium die Aufnahme des Antibiotikums beeintr\u00e4chtigt.<\/div>\n<\/div>\n<div>\n<div>Messl\u00f6ffel 1+5 g enthalten.<\/div>\n<\/div>\n<h6>Interaktionen:<\/h6>\n<p> Nicht bekannt.<\/p>\n<h6>Kontraindikationen:<\/h6>\n<p> \u00dcberdosierung.<\/p>\n<h6>Anwendungshinweise:<\/h6>\n<p>Krankheitsbefallene V\u00f6gel isolieren (28\u201333 \u00baC, Licht ged\u00e4mpft).<br \/>\nW\u00e4hrend der Behandlung auch vorbeugende Behandlung f\u00fcr andere V\u00f6gel bereitstellen.<br \/>\nStellen Sie sicher, dass die V\u00f6gel die empfohlene Dosis erhalten; keine nicht-medikamentierten Nahrung oder Wasser geben.<br \/>\nGeben Sie w\u00e4hrend der Behandlung Glukose und MULTIVIT MIX.<br \/>\nBei schweren F\u00e4llen wird eine verl\u00e4ngerte Behandlung empfohlen.<br \/>\nUnterkunft gr\u00fcndlich desinfizieren.<br \/>\nWenn keine schnelle Verbesserung erfolgt, einen Experten konsultieren.<\/p>\n<h6>HINWEISE: ANLEITUNG VOR GEBRAUCH LESEN.<\/h6>\n<p>Trocken, vor direkter Sonneneinstrahlung gesch\u00fctzt, bei 0-30 \u00baC lagern.<br \/>\nHaltbarkeit nach dem ersten \u00d6ffnen: ein (1) Jahr.<br \/>\nChargennummer und Ablaufdatum: siehe Verpackung.<br \/>\nKontakt mit H\u00e4nden vermeiden.<br \/>\nAu\u00dfer Reichweite von Kindern aufbewahren.<br \/>\nNur f\u00fcr die Behandlung von Tieren. Nicht f\u00fcr Tiere vorgesehen, die f\u00fcr den menschlichen Verzehr bestimmt sind.<br \/>\nLeere Verpackung und Restprodukt im Hausm\u00fcll entsorgen.<br \/>\nDieses Tierarzneimittel wird gem\u00e4\u00df dem Kleintier-Ausnahmeschema vermarktet.<\/p>\n<h6>Enth\u00e4lt:<\/h6>\n<p>Doxycyclinhydrochlorid 6%, Spiramycinadipat 10%, Metronidazol 10%, Bromhexin HCl 2%, inaktive Zutaten q.s. bis 100 g<\/p>\n","protected":false},"excerpt":{"rendered":"<p>Indikation: Atemwegsinfektionen verursacht durch Ornithose, Pneumonie, Mykoplasmose, Psittakose (Chlamydiose) bei V\u00f6geln. Symptome: \u2022 Nasennebenh\u00f6hleninfektion, erschwerte Atmung, Kurzatmigkeit, rasselnde Atmung oder \u201elaufende Nase\u201c&hellip;<\/p>\n","protected":false},"featured_media":10937,"template":"","meta":[],"product_cat":[233],"product_tag":[],"class_list":{"0":"post-10936","1":"product","2":"type-product","3":"status-publish","4":"has-post-thumbnail","6":"product_cat-medikamente-fuer-voegel","8":"first","9":"instock","10":"shipping-taxable","11":"product-type-simple"},"_links":{"self":[{"href":"https:\/\/care4birds.bg\/de\/wp-json\/wp\/v2\/product\/10936","targetHints":{"allow":["GET"]}}],"collection":[{"href":"https:\/\/care4birds.bg\/de\/wp-json\/wp\/v2\/product"}],"about":[{"href":"https:\/\/care4birds.bg\/de\/wp-json\/wp\/v2\/types\/product"}],"wp:featuredmedia":[{"embeddable":true,"href":"https:\/\/care4birds.bg\/de\/wp-json\/wp\/v2\/media\/10937"}],"wp:attachment":[{"href":"https:\/\/care4birds.bg\/de\/wp-json\/wp\/v2\/media?parent=10936"}],"wp:term":[{"taxonomy":"product_cat","embeddable":true,"href":"https:\/\/care4birds.bg\/de\/wp-json\/wp\/v2\/product_cat?post=10936"},{"taxonomy":"product_tag","embeddable":true,"href":"https:\/\/care4birds.bg\/de\/wp-json\/wp\/v2\/product_tag?post=10936"}],"curies":[{"name":"wp","href":"https:\/\/api.w.org\/{rel}","templated":true}]}}