{"id":10955,"date":"2025-11-03T11:29:04","date_gmt":"2025-11-03T11:29:04","guid":{"rendered":"https:\/\/care4birds.bg\/product\/multivit-mix\/"},"modified":"2026-03-30T10:03:25","modified_gmt":"2026-03-30T10:03:25","slug":"multivit-mix","status":"publish","type":"product","link":"https:\/\/care4birds.bg\/de\/produkt\/multivit-mix\/","title":{"rendered":"Multivit-Mix"},"content":{"rendered":"<div>Multivit-mix ist eine spezielle Mischung aus wasserl\u00f6slichen Vitaminen und Glukose. Diese Vitamine sind f\u00fcr den Stoffwechsel der V\u00f6gel von gro\u00dfer Bedeutung. Glukose wird hinzugef\u00fcgt, um den V\u00f6geln direkte Energie zu liefern.<\/div>\n<div><\/div>\n<div>Multivit-mix tr\u00e4gt bei zu:<\/div>\n<div>\u2022 erh\u00f6hter Widerstandskraft<\/div>\n<div>\u2022 guter Zucht<\/div>\n<div>\u2022 optimaler Genesung<\/div>\n<div><\/div>\n<div>Der t\u00e4gliche Vitaminbedarf eines Vogels ist sehr wichtig; ein Vitaminmangel kann verschiedene Probleme verursachen, zum Beispiel:<\/div>\n<div>\u2022 Vitamin A-Mangel kann zu geringer Fruchtbarkeit bei M\u00e4nnchen und Weibchen f\u00fchren, Ver\u00e4nderungen der Schleimhaut der Atem- und Verdauungswege hervorrufen, Infektionen erleichtern, die Sehkraft beeintr\u00e4chtigen und den Tod des Embryos verursachen.<\/div>\n<div>\u2022 Vitamin B-Mangel kann Nervenerkrankungen, Wachstums- und Gefiederentwicklungsverz\u00f6gerungen, Fettstoffwechselst\u00f6rungen, schlechte Ei-Schl\u00fcpfquote und schlechte K\u00fckenentwicklung verursachen.<\/div>\n<div>\u2022 Vitamin D-Mangel kann zu Rachitis und weichen Eiern f\u00fchren.<\/div>\n<div><\/div>\n<div>Multivitamine werden mindestens einmal pro Woche verabreicht:<\/div>\n<div>\u2022 W\u00e4hrend Wachstum, Mauser und Zucht<\/div>\n<div>\u2022 W\u00e4hrend hoher Belastung und Stress<\/div>\n<div>\u2022 Nach Behandlung von Krankheit, Entwurmung und Impfungen<\/div>\n<h6>Dosierung<\/h6>\n<div>Dosierung: Zierv\u00f6gel:<\/div>\n<div>\u2022 Einmalige Dosis nach der Medikation: 2 g \/ 0,5 l Trinkwasser oder 2 g \/ 250 g Futter.<\/div>\n<div>\u2022 Erhaltungsdosis: zweimal w\u00f6chentlich 1 g \/ 0,5 l Trinkwasser oder 1 g \/ 250 g Futter.<\/div>\n<div>Multivit-mix kann dem Trinkwasser hinzugef\u00fcgt oder mit dem Futter verabreicht werden. Messl\u00f6ffel 1+5 g enthalten.<\/div>\n<h6>Interaktionen:<\/h6>\n<p> nicht bekannt.<\/p>\n<h6>Gegenanzeigen:<\/h6>\n<p> \u00dcberdosierung.<\/p>\n<h6>HINWEISE: ANLEITUNG VOR GEBRAUCH LESEN.<\/h6>\n<div>Trocken lagern, vor direkter Sonneneinstrahlung sch\u00fctzen, bei 0-30 \u00baC. Haltbarkeit nach dem ersten \u00d6ffnen: ein (1) Jahr. Chargennummer und Verfallsdatum siehe Verpackung. Kontakt mit den H\u00e4nden vermeiden. Au\u00dfer Reichweite von Kindern aufbewahren. Nur f\u00fcr die Behandlung von Tieren. Nicht f\u00fcr Tiere, die f\u00fcr den menschlichen Verzehr bestimmt sind. Leere Verpackung und Restprodukt im Hausm\u00fcll entsorgen. Dieses Tierarzneimittel wird gem\u00e4\u00df dem Kleintier-Ausnahmeschema vermarktet.<\/div>\n<h6>Enth\u00e4lt:<\/h6>\n<div>200 g Multivitamine<\/div>\n","protected":false},"excerpt":{"rendered":"<p>Multivit-mix ist eine spezielle Mischung aus wasserl\u00f6slichen Vitaminen und Glukose. Diese Vitamine sind f\u00fcr den Stoffwechsel der V\u00f6gel von gro\u00dfer Bedeutung. Glukose&hellip;<\/p>\n","protected":false},"featured_media":10956,"template":"","meta":[],"product_cat":[233],"product_tag":[],"class_list":{"0":"post-10955","1":"product","2":"type-product","3":"status-publish","4":"has-post-thumbnail","6":"product_cat-medikamente-fuer-voegel","8":"first","9":"instock","10":"shipping-taxable","11":"product-type-simple"},"_links":{"self":[{"href":"https:\/\/care4birds.bg\/de\/wp-json\/wp\/v2\/product\/10955","targetHints":{"allow":["GET"]}}],"collection":[{"href":"https:\/\/care4birds.bg\/de\/wp-json\/wp\/v2\/product"}],"about":[{"href":"https:\/\/care4birds.bg\/de\/wp-json\/wp\/v2\/types\/product"}],"wp:featuredmedia":[{"embeddable":true,"href":"https:\/\/care4birds.bg\/de\/wp-json\/wp\/v2\/media\/10956"}],"wp:attachment":[{"href":"https:\/\/care4birds.bg\/de\/wp-json\/wp\/v2\/media?parent=10955"}],"wp:term":[{"taxonomy":"product_cat","embeddable":true,"href":"https:\/\/care4birds.bg\/de\/wp-json\/wp\/v2\/product_cat?post=10955"},{"taxonomy":"product_tag","embeddable":true,"href":"https:\/\/care4birds.bg\/de\/wp-json\/wp\/v2\/product_tag?post=10955"}],"curies":[{"name":"wp","href":"https:\/\/api.w.org\/{rel}","templated":true}]}}