{"id":11011,"date":"2025-11-03T11:22:42","date_gmt":"2025-11-03T11:22:42","guid":{"rendered":"https:\/\/care4birds.bg\/product\/multivitamin\/"},"modified":"2026-03-30T10:25:32","modified_gmt":"2026-03-30T10:25:32","slug":"multivitamin","status":"publish","type":"product","link":"https:\/\/care4birds.bg\/de\/produkt\/multivitamin\/","title":{"rendered":"Multivitamin"},"content":{"rendered":"<h6>SPEZIELLE MISCHUNG AUS WASSERL\u00d6SLICHEN VITAMINEN UND GLUKOSE<\/h6>\n<h6>Anwendung:<\/h6>\n<div>Multivit-mix ist eine spezielle Mischung aus wasserl\u00f6slichen Vitaminen und Glukose. Diese Vitamine sind f\u00fcr den Stoffwechsel der V\u00f6gel sehr wichtig. Glukose wird hinzugef\u00fcgt, um den V\u00f6geln direkte Energie zu liefern.<\/div>\n<div>Multivit-mix tr\u00e4gt bei zu:<\/div>\n<ul>\n<li>Erh\u00f6hte Widerstandskraft<\/li>\n<li>Gute Zucht<\/li>\n<li>Optimale Genesung<\/li>\n<\/ul>\n<div>Der t\u00e4gliche Vitaminbedarf eines Vogels ist sehr wichtig; Mangel kann verschiedene Probleme verursachen, z. B.:<\/div>\n<ul>\n<li>Vitamin-A-Mangel: Beeintr\u00e4chtigung der Fortpflanzung, Ver\u00e4nderungen der Schleimh\u00e4ute der Atem- und Verdauungswege, Sehst\u00f6rungen, Tod des Embryos.<\/li>\n<li>Vitamin-B-Mangel: Nerv\u00f6se St\u00f6rungen, Verz\u00f6gerung des Federwachstums, Fettstoffwechselst\u00f6rungen, schlechte Eiausbr\u00fctung, schlechte K\u00fckenentwicklung.<\/li>\n<li>Vitamin-D-Mangel: Rachitis und Eier mit weicher Schale.<\/li>\n<\/ul>\n<div>Multivitamine werden mindestens einmal pro Woche gegeben:<\/div>\n<ul>\n<li>W\u00e4hrend Wachstum, Mauser und Zucht<\/li>\n<li>Bei starker Belastung und Stress<\/li>\n<li>Nach Krankheit, Entwurmung und Impfungen<\/li>\n<\/ul>\n<h6>Verabreichung: Dosierung f\u00fcr Tauben:<\/h6>\n<p><i>MULTIVITAMIN-PULVER<\/i><\/p>\n<ul>\n<li>Einmalige Dosis nach Medikamentengabe: 5 g \/ 1 l Wasser oder 5 g \/ 500 g Futter<\/li>\n<li>Erhaltungsdosis: zweimal pro Woche 5 g \/ 2 l Wasser oder 5 g \/ 1 kg Futter<\/li>\n<li>Kann ins Wasser oder Futter gegeben werden<\/li>\n<li>Messl\u00f6ffel 1+5 g inklusive<\/li>\n<\/ul>\n<p><i>MULTIVITAMIN-TABLETTEN<\/i><\/p>\n<ul>\n<li>Erhaltung: 1 Tablette pro Taube (400-500 g) 1-2 Tage pro Woche<\/li>\n<li>Behandlung: 1 Tablette pro Taube (400-500 g) 5 Tage hintereinander oder nach tier\u00e4rztlicher Anweisung<\/li>\n<\/ul>\n<h6>Wechselwirkungen:<\/h6>\n<div>Nicht bekannt<\/div>\n<h6>Gegenanzeigen:<\/h6>\n<div>\u00dcberdosierung<\/div>\n<h6>Enth\u00e4lt:<\/h6>\n<p><i>MULTIVITAMIN-PULVER<\/i><\/p>\n<div>Vitamine (A, B-Komplex, C, D, E), Aminos\u00e4uren, Spurenelemente<\/div>\n","protected":false},"excerpt":{"rendered":"<p>SPEZIELLE MISCHUNG AUS WASSERL\u00d6SLICHEN VITAMINEN UND GLUKOSE Anwendung: Multivit-mix ist eine spezielle Mischung aus wasserl\u00f6slichen Vitaminen und Glukose. Diese Vitamine sind f\u00fcr&hellip;<\/p>\n","protected":false},"featured_media":4807,"template":"","meta":[],"product_cat":[251],"product_tag":[],"class_list":{"0":"post-11011","1":"product","2":"type-product","3":"status-publish","4":"has-post-thumbnail","6":"product_cat-nahrungsergaenzungsmittel-fuer-tauben","8":"first","9":"instock","10":"shipping-taxable","11":"product-type-simple"},"_links":{"self":[{"href":"https:\/\/care4birds.bg\/de\/wp-json\/wp\/v2\/product\/11011","targetHints":{"allow":["GET"]}}],"collection":[{"href":"https:\/\/care4birds.bg\/de\/wp-json\/wp\/v2\/product"}],"about":[{"href":"https:\/\/care4birds.bg\/de\/wp-json\/wp\/v2\/types\/product"}],"wp:featuredmedia":[{"embeddable":true,"href":"https:\/\/care4birds.bg\/de\/wp-json\/wp\/v2\/media\/4807"}],"wp:attachment":[{"href":"https:\/\/care4birds.bg\/de\/wp-json\/wp\/v2\/media?parent=11011"}],"wp:term":[{"taxonomy":"product_cat","embeddable":true,"href":"https:\/\/care4birds.bg\/de\/wp-json\/wp\/v2\/product_cat?post=11011"},{"taxonomy":"product_tag","embeddable":true,"href":"https:\/\/care4birds.bg\/de\/wp-json\/wp\/v2\/product_tag?post=11011"}],"curies":[{"name":"wp","href":"https:\/\/api.w.org\/{rel}","templated":true}]}}