{"id":11032,"date":"2025-11-03T11:20:06","date_gmt":"2025-11-03T11:20:06","guid":{"rendered":"https:\/\/care4birds.bg\/product\/breeding-tabs\/"},"modified":"2026-03-30T10:30:58","modified_gmt":"2026-03-30T10:30:58","slug":"breeding-tabs","status":"publish","type":"product","link":"https:\/\/care4birds.bg\/de\/produkt\/breeding-tabs\/","title":{"rendered":"Breeding Tabs"},"content":{"rendered":"<h6>F\u00dcR EIN OPTIMALES WACHSTUM J\u00dcNGERER V\u00d6GEL<\/h6>\n<h6>Indikation:<\/h6>\n<div>Zucht-Tabletten. Leicht verdauliche Proteine f\u00fcr optimales Wachstum junger V\u00f6gel. Enth\u00e4lt Vitamine, Spurenelemente und Aminos\u00e4uren, die f\u00fcr das perfekte Wachstum der Jungv\u00f6gel notwendig sind. F\u00fcr \u00e4ltere Zuchttauben zur Erhaltung von Vitalit\u00e4t und Fruchtbarkeit.<\/div>\n<h6>Anwendung und Dosierung<\/h6>\n<div>Ab 1 Woche: 2-mal pro Woche &#8211; 1-2 Tabletten je nach Alter<\/div>\n<div>Ab 5 Wochen: 1-mal pro Woche &#8211; 2 Tabletten<\/div>\n<div>Zuchttauben: 1-mal pro Woche &#8211; 1-2 Tabletten. Oder wie vom Tierarzt verschrieben.<\/div>\n","protected":false},"excerpt":{"rendered":"<p>F\u00dcR EIN OPTIMALES WACHSTUM J\u00dcNGERER V\u00d6GEL Indikation: Zucht-Tabletten. Leicht verdauliche Proteine f\u00fcr optimales Wachstum junger V\u00f6gel. Enth\u00e4lt Vitamine, Spurenelemente und Aminos\u00e4uren, die&hellip;<\/p>\n","protected":false},"featured_media":11033,"template":"","meta":[],"product_cat":[251],"product_tag":[],"class_list":{"0":"post-11032","1":"product","2":"type-product","3":"status-publish","4":"has-post-thumbnail","6":"product_cat-nahrungsergaenzungsmittel-fuer-tauben","8":"first","9":"instock","10":"shipping-taxable","11":"product-type-simple"},"_links":{"self":[{"href":"https:\/\/care4birds.bg\/de\/wp-json\/wp\/v2\/product\/11032","targetHints":{"allow":["GET"]}}],"collection":[{"href":"https:\/\/care4birds.bg\/de\/wp-json\/wp\/v2\/product"}],"about":[{"href":"https:\/\/care4birds.bg\/de\/wp-json\/wp\/v2\/types\/product"}],"wp:featuredmedia":[{"embeddable":true,"href":"https:\/\/care4birds.bg\/de\/wp-json\/wp\/v2\/media\/11033"}],"wp:attachment":[{"href":"https:\/\/care4birds.bg\/de\/wp-json\/wp\/v2\/media?parent=11032"}],"wp:term":[{"taxonomy":"product_cat","embeddable":true,"href":"https:\/\/care4birds.bg\/de\/wp-json\/wp\/v2\/product_cat?post=11032"},{"taxonomy":"product_tag","embeddable":true,"href":"https:\/\/care4birds.bg\/de\/wp-json\/wp\/v2\/product_tag?post=11032"}],"curies":[{"name":"wp","href":"https:\/\/api.w.org\/{rel}","templated":true}]}}