{"id":11047,"date":"2025-11-03T11:19:23","date_gmt":"2025-11-03T11:19:23","guid":{"rendered":"https:\/\/care4birds.bg\/product\/brewers-yeast\/"},"modified":"2026-03-30T10:38:34","modified_gmt":"2026-03-30T10:38:34","slug":"brewers-yeast","status":"publish","type":"product","link":"https:\/\/care4birds.bg\/de\/produkt\/brewers-yeast\/","title":{"rendered":"Brewer`s yeast"},"content":{"rendered":"<h6>Indikation:<\/h6>\n<div>Bierhefe ist ein nat\u00fcrliches Lebensmittel mit gesundheitsf\u00f6rdernden Eigenschaften. Bierhefe ist reich an nat\u00fcrlichen Vitaminen (einschlie\u00dflich B-Komplex), Mineralien, Proteinen, Aminos\u00e4uren und Spurenelementen. Diese sind wichtig f\u00fcr den Zustand und die Form Ihrer Tauben. Geben Sie Ihren Tauben Bierhefe mindestens einmal pro Woche zusammen mit Knoblauch\u00f6l das ganze Jahr \u00fcber.<\/div>\n<h6>Dosierung:<\/h6>\n<div>25 g (ca. 1 geh\u00e4ufter Essl\u00f6ffel) \u00fcber das Futter f\u00fcr 1-2 Tage pro Woche f\u00fcr 40\/50 Tauben oder V\u00f6gel mit 20 kg Lebendgewicht<\/div>\n<h6>Gegenanzeigen:<\/h6>\n<div>Bei dieser Dosierung nicht bekannt<\/div>\n<h6>Inhalt:<\/h6>\n<div>800 g Di\u00e4tprodukt f\u00fcr Sportv\u00f6gel<\/div>\n","protected":false},"excerpt":{"rendered":"<p>Indikation: Bierhefe ist ein nat\u00fcrliches Lebensmittel mit gesundheitsf\u00f6rdernden Eigenschaften. Bierhefe ist reich an nat\u00fcrlichen Vitaminen (einschlie\u00dflich B-Komplex), Mineralien, Proteinen, Aminos\u00e4uren und Spurenelementen.&hellip;<\/p>\n","protected":false},"featured_media":9586,"template":"","meta":[],"product_cat":[251],"product_tag":[],"class_list":{"0":"post-11047","1":"product","2":"type-product","3":"status-publish","4":"has-post-thumbnail","6":"product_cat-nahrungsergaenzungsmittel-fuer-tauben","8":"first","9":"instock","10":"shipping-taxable","11":"product-type-simple"},"_links":{"self":[{"href":"https:\/\/care4birds.bg\/de\/wp-json\/wp\/v2\/product\/11047","targetHints":{"allow":["GET"]}}],"collection":[{"href":"https:\/\/care4birds.bg\/de\/wp-json\/wp\/v2\/product"}],"about":[{"href":"https:\/\/care4birds.bg\/de\/wp-json\/wp\/v2\/types\/product"}],"wp:featuredmedia":[{"embeddable":true,"href":"https:\/\/care4birds.bg\/de\/wp-json\/wp\/v2\/media\/9586"}],"wp:attachment":[{"href":"https:\/\/care4birds.bg\/de\/wp-json\/wp\/v2\/media?parent=11047"}],"wp:term":[{"taxonomy":"product_cat","embeddable":true,"href":"https:\/\/care4birds.bg\/de\/wp-json\/wp\/v2\/product_cat?post=11047"},{"taxonomy":"product_tag","embeddable":true,"href":"https:\/\/care4birds.bg\/de\/wp-json\/wp\/v2\/product_tag?post=11047"}],"curies":[{"name":"wp","href":"https:\/\/api.w.org\/{rel}","templated":true}]}}