{"id":11056,"date":"2025-11-03T11:18:21","date_gmt":"2025-11-03T11:18:21","guid":{"rendered":"https:\/\/care4birds.bg\/product\/garlic-oil\/"},"modified":"2026-03-30T10:44:42","modified_gmt":"2026-03-30T10:44:42","slug":"garlic-oil","status":"publish","type":"product","link":"https:\/\/care4birds.bg\/de\/produkt\/garlic-oil\/","title":{"rendered":"Garlic Oil"},"content":{"rendered":"<div>Spezifisch entwickelt, um V\u00f6geln die nat\u00fcrlichen Vorteile von Knoblauch auf sichere und effiziente Weise zu bieten. Knoblauch ist extrem reich an N\u00e4hrstoffen, einschlie\u00dflich Kalzium, Phosphor, Schwefelverbindungen, Eisen, Thiamin, Riboflavin und Vitamin C sowie Antioxidantien wie Germanium und Selen. Deshalb ist Knoblauch\u00f6l ein sehr wichtiges \u00d6l f\u00fcr die Gefiederpflege. Die Bedeutung von Knoblauch f\u00fcr Tauben und V\u00f6gel als nat\u00fcrliches Wurmmittel, Pflegemittel und F\u00f6rderer des Daunenverlusts ist seit vielen Jahren bekannt. Knoblauch verbessert auch die Blutzirkulation, und Knoblauch\u00f6l besteht aus reinen Knoblauchextrakten und raffiniertem Soja\u00f6l, das reich an Linolens\u00e4ure und Linols\u00e4ure ist. Keine zugesetzten Chemikalien und keine W\u00e4rmebehandlung gew\u00e4hrleisten, dass die Wirksamkeit nicht verringert wird. Sch\u00fctzt die Atemwege.<\/div>\n<h6>Dosierung<\/h6>\n<div>15 ml (1\/2 Messkappe) Knoblauch\u00f6l pro kg Futter \/ K\u00f6rner<\/div>\n<ul>\n<li>Im Winter, Zucht- und Rennsaison: 1 Tag pro Woche.<\/li>\n<li>Zur Vorbereitung auf die Rennsaison: eine ganze Woche.<\/li>\n<li>W\u00e4hrend der Mauser: 2 Tage pro Woche.<\/li>\n<li>Dieses Produkt nicht mit Wasser mischen!<\/li>\n<\/ul>\n<h6>Zusammensetzung:<\/h6>\n<div>Analyse Knoblauch\u00f6l: Rohfett 100 %, N\u00e4hrstoffzus\u00e4tze: Vitamin E 1.400 mg\/kg<\/div>\n","protected":false},"excerpt":{"rendered":"<p>Spezifisch entwickelt, um V\u00f6geln die nat\u00fcrlichen Vorteile von Knoblauch auf sichere und effiziente Weise zu bieten. Knoblauch ist extrem reich an N\u00e4hrstoffen,&hellip;<\/p>\n","protected":false},"featured_media":9585,"template":"","meta":[],"product_cat":[251],"product_tag":[],"class_list":{"0":"post-11056","1":"product","2":"type-product","3":"status-publish","4":"has-post-thumbnail","6":"product_cat-nahrungsergaenzungsmittel-fuer-tauben","8":"first","9":"instock","10":"shipping-taxable","11":"product-type-simple"},"_links":{"self":[{"href":"https:\/\/care4birds.bg\/de\/wp-json\/wp\/v2\/product\/11056","targetHints":{"allow":["GET"]}}],"collection":[{"href":"https:\/\/care4birds.bg\/de\/wp-json\/wp\/v2\/product"}],"about":[{"href":"https:\/\/care4birds.bg\/de\/wp-json\/wp\/v2\/types\/product"}],"wp:featuredmedia":[{"embeddable":true,"href":"https:\/\/care4birds.bg\/de\/wp-json\/wp\/v2\/media\/9585"}],"wp:attachment":[{"href":"https:\/\/care4birds.bg\/de\/wp-json\/wp\/v2\/media?parent=11056"}],"wp:term":[{"taxonomy":"product_cat","embeddable":true,"href":"https:\/\/care4birds.bg\/de\/wp-json\/wp\/v2\/product_cat?post=11056"},{"taxonomy":"product_tag","embeddable":true,"href":"https:\/\/care4birds.bg\/de\/wp-json\/wp\/v2\/product_tag?post=11056"}],"curies":[{"name":"wp","href":"https:\/\/api.w.org\/{rel}","templated":true}]}}