{"id":11068,"date":"2025-11-03T11:18:01","date_gmt":"2025-11-03T11:18:01","guid":{"rendered":"https:\/\/care4birds.bg\/product\/optimal-caps\/"},"modified":"2026-03-30T11:00:42","modified_gmt":"2026-03-30T11:00:42","slug":"optimal-caps","status":"publish","type":"product","link":"https:\/\/care4birds.bg\/de\/produkt\/optimal-caps\/","title":{"rendered":"Optimal caps"},"content":{"rendered":"<div>Lebertran-Kapseln sind eine nat\u00fcrliche Quelle f\u00fcr die Vitamine A und D3, angereichert mit zus\u00e4tzlichem Vitamin E zur Unterst\u00fctzung der Fruchtbarkeit w\u00e4hrend der Zuchtzeit. Diese Kapseln f\u00f6rdern:<\/div>\n<ul>\n<li>Die Skelettentwicklung und das Wachstum junger Tauben<\/li>\n<li>Die sexuelle Triebkraft bei H\u00e4hnen<\/li>\n<li>Ein gesundes Immunsystem<\/li>\n<\/ul>\n<div>Die Lebertran-Kapsel mit zus\u00e4tzlichem Vit E ist eine nat\u00fcrliche Quelle f\u00fcr die Vitamine A, D3, E und reich an Omega-3-Fetts\u00e4uren. Sie ist wichtig f\u00fcr den Aufbau von Skelett, Knochen, Fruchtbarkeit und Wachstum. Sie ist auch eine gute Quelle f\u00fcr Phosphor und Jod, beide Mineralien f\u00f6rdern Widerstandskraft und Energie.<\/div>\n<h6>Zusammensetzung:<\/h6>\n<div>Lebertran 18\/12; Vitamin A 300 \u00b5g RE (1000 IU); Vitamin D 2,5 \u00b5g RE (100 IU); Vitamin E 6,7 mg a-TE (10 IU); Gelatine<\/div>\n<p><i>Analytische Bestandteile:<\/i> Rohprotein 18,12%, Rohfaser 18,20%, Rohfett 0,05%, Rohasche 0,03%<\/p>\n<h6>Anwendungshinweise:<\/h6>\n<ul>\n<li>1 Kapsel direkt in den Schnabel verabreichen<\/li>\n<li>In der Zuchtzeit: t\u00e4glich von 8 Tage vor der Paarung bis zum zweiten Ei<\/li>\n<li>In der Rennsaison: 2 Kapseln pro Woche<\/li>\n<li>Junge wachsende Tauben: 1 Kapsel pro Tag<\/li>\n<\/ul>\n<p><i>Tipps: Kann auch bei \u00e4lteren Tauben verwendet werden, um die Fruchtbarkeit zu steigern<\/i><\/p>\n<h6>HINWEISE: ANLEITUNG VOR GEBRAUCH LESEN.<\/h6>\n<ul>\n<li>Trocken, fern von direktem Sonnenlicht, bei 0-30 \u00b0C lagern<\/li>\n<li>Haltbarkeit nach erstem \u00d6ffnen: 1 Jahr<\/li>\n<li>Chargennummer und Verfallsdatum: siehe Verpackung<\/li>\n<li>Nur zur Behandlung von Tieren. Nicht f\u00fcr Tiere bestimmt, die Lebensmittel f\u00fcr den menschlichen Verzehr produzieren<\/li>\n<li>Au\u00dfer Reichweite von Kindern aufbewahren<\/li>\n<\/ul>\n<h6>Inhalt:<\/h6>\n<div>300 Kapseln, Di\u00e4tprodukt f\u00fcr V\u00f6gel<\/div>\n","protected":false},"excerpt":{"rendered":"<p>Lebertran-Kapseln sind eine nat\u00fcrliche Quelle f\u00fcr die Vitamine A und D3, angereichert mit zus\u00e4tzlichem Vitamin E zur Unterst\u00fctzung der Fruchtbarkeit w\u00e4hrend der&hellip;<\/p>\n","protected":false},"featured_media":11069,"template":"","meta":[],"product_cat":[251],"product_tag":[],"class_list":{"0":"post-11068","1":"product","2":"type-product","3":"status-publish","4":"has-post-thumbnail","6":"product_cat-nahrungsergaenzungsmittel-fuer-tauben","8":"first","9":"instock","10":"shipping-taxable","11":"product-type-simple"},"_links":{"self":[{"href":"https:\/\/care4birds.bg\/de\/wp-json\/wp\/v2\/product\/11068","targetHints":{"allow":["GET"]}}],"collection":[{"href":"https:\/\/care4birds.bg\/de\/wp-json\/wp\/v2\/product"}],"about":[{"href":"https:\/\/care4birds.bg\/de\/wp-json\/wp\/v2\/types\/product"}],"wp:featuredmedia":[{"embeddable":true,"href":"https:\/\/care4birds.bg\/de\/wp-json\/wp\/v2\/media\/11069"}],"wp:attachment":[{"href":"https:\/\/care4birds.bg\/de\/wp-json\/wp\/v2\/media?parent=11068"}],"wp:term":[{"taxonomy":"product_cat","embeddable":true,"href":"https:\/\/care4birds.bg\/de\/wp-json\/wp\/v2\/product_cat?post=11068"},{"taxonomy":"product_tag","embeddable":true,"href":"https:\/\/care4birds.bg\/de\/wp-json\/wp\/v2\/product_tag?post=11068"}],"curies":[{"name":"wp","href":"https:\/\/api.w.org\/{rel}","templated":true}]}}