{"id":11084,"date":"2025-11-03T11:17:18","date_gmt":"2025-11-03T11:17:18","guid":{"rendered":"https:\/\/care4birds.bg\/product\/protein-mix\/"},"modified":"2026-03-30T11:15:35","modified_gmt":"2026-03-30T11:15:35","slug":"protein-mix","status":"publish","type":"product","link":"https:\/\/care4birds.bg\/de\/produkt\/protein-mix\/","title":{"rendered":"Protein Mix"},"content":{"rendered":"<h6>Indikation:<\/h6>\n<div>Diese reine Form enth\u00e4lt 65 % Eiwei\u00df nach Gewicht. Diese Proteine helfen, den Muskelabbau zu verhindern und w\u00e4hrend Training und Fl\u00fcgen Glykogenspeicher bereitzustellen. Gleichzeitig stellen sie eine wichtige Quelle essentieller Aminos\u00e4uren und verzweigter Aminos\u00e4uren wie Valin, Leucin und Isoleucin dar. Diese Aminos\u00e4uren sind in den Muskeln vorhanden und w\u00e4hrend intensiver Belastung k\u00f6nnen Muskelzellen diese drei Aminos\u00e4uren schnell in Energie umwandeln. Essentielle Aminos\u00e4uren k\u00f6nnen vom K\u00f6rper nicht synthetisiert werden und m\u00fcssen \u00fcber die Ern\u00e4hrung zugef\u00fchrt werden. Proteinquellen, die alle essentiellen Aminos\u00e4uren enthalten, werden als vollst\u00e4ndige Proteine bezeichnet. PROTEIN MIX ist ein vollst\u00e4ndiges Protein und hilft, den V\u00f6geln alle essentiellen Aminos\u00e4uren bereitzustellen. Der Proteinbedarf h\u00e4ngt vom Alter der V\u00f6gel, der Saison und den geforderten Leistungen ab.<\/div>\n<h6>Dosierung:<\/h6>\n<div>Allgemeine Dosis (mit Joghurt gemischt): W\u00e4hrend der Rennsaison f\u00fcr schnelle Erholung und gro\u00dfe Energiereserven: 20 g pro kg befeuchtetes Futter, sofort nach der R\u00fcckkehr nach Hause f\u00fcr 3 aufeinanderfolgende Tage. W\u00e4hrend der Rennsaison f\u00fcr schnelle Erholung, hohe Energie und gro\u00dfe Reserven: 20 g pro kg befeuchtetes Futter, sofort nach der R\u00fcckkehr nach Hause f\u00fcr 3 aufeinanderfolgende Tage. W\u00e4hrend der Mauser f\u00fcr gesunde, starke Federn: 20 g pro kg befeuchtetes Futter, zweimal pro Woche. W\u00e4hrend der Zucht f\u00fcr gut entwickelte Jungv\u00f6gel: 20 g pro kg befeuchtetes Futter, zweimal pro Woche. Ein voller Messl\u00f6ffel \u2248 20 g Produkt.<\/div>\n<h6>Enth\u00e4lt:<\/h6>\n<div>500 g Di\u00e4tprodukt f\u00fcr Sportv\u00f6gel.<\/div>\n","protected":false},"excerpt":{"rendered":"<p>Indikation: Diese reine Form enth\u00e4lt 65 % Eiwei\u00df nach Gewicht. Diese Proteine helfen, den Muskelabbau zu verhindern und w\u00e4hrend Training und Fl\u00fcgen&hellip;<\/p>\n","protected":false},"featured_media":9583,"template":"","meta":[],"product_cat":[251,246],"product_tag":[],"class_list":{"0":"post-11084","1":"product","2":"type-product","3":"status-publish","4":"has-post-thumbnail","6":"product_cat-nahrungsergaenzungsmittel-fuer-tauben","7":"product_cat-nahrungsergaenzungsmittel-fuer-voegel","9":"first","10":"instock","11":"shipping-taxable","12":"product-type-simple"},"_links":{"self":[{"href":"https:\/\/care4birds.bg\/de\/wp-json\/wp\/v2\/product\/11084","targetHints":{"allow":["GET"]}}],"collection":[{"href":"https:\/\/care4birds.bg\/de\/wp-json\/wp\/v2\/product"}],"about":[{"href":"https:\/\/care4birds.bg\/de\/wp-json\/wp\/v2\/types\/product"}],"wp:featuredmedia":[{"embeddable":true,"href":"https:\/\/care4birds.bg\/de\/wp-json\/wp\/v2\/media\/9583"}],"wp:attachment":[{"href":"https:\/\/care4birds.bg\/de\/wp-json\/wp\/v2\/media?parent=11084"}],"wp:term":[{"taxonomy":"product_cat","embeddable":true,"href":"https:\/\/care4birds.bg\/de\/wp-json\/wp\/v2\/product_cat?post=11084"},{"taxonomy":"product_tag","embeddable":true,"href":"https:\/\/care4birds.bg\/de\/wp-json\/wp\/v2\/product_tag?post=11084"}],"curies":[{"name":"wp","href":"https:\/\/api.w.org\/{rel}","templated":true}]}}