{"id":11093,"date":"2025-11-03T11:16:18","date_gmt":"2025-11-03T11:16:18","guid":{"rendered":"https:\/\/care4birds.bg\/product\/fast-form\/"},"modified":"2026-03-30T11:21:32","modified_gmt":"2026-03-30T11:21:32","slug":"fast-form","status":"publish","type":"product","link":"https:\/\/care4birds.bg\/de\/produkt\/fast-form\/","title":{"rendered":"Fast Form"},"content":{"rendered":"<h6>Zur Verbesserung der Leistung und Desinfektion des Trinkwassers. Hochleistungs-Tauben d\u00fcrfen nicht nur mit K\u00f6rnern und Wasser versorgt werden; die V\u00f6gel sind mit FASTFORM in Bestform!<\/h6>\n<h6>Dosierung:<\/h6>\n<div>\n<p>Zur Leistungssteigerung w\u00e4hrend der Rennperiode: t\u00e4glich 5 ml auf 2-3 Liter (2 ml\/Liter) klares Trinkwasser. An sehr hei\u00dfen Tagen die Wassermenge auf 5 Liter erh\u00f6hen. Am Flugtag nur klares Wasser geben! W\u00e4hrend der Zucht und Mauser: 5 ml auf 5 Liter (1 ml\/Liter) klares Trinkwasser 1-2 Mal pro Woche.<\/p>\n<p>Zur Desinfektion des Trogwassers w\u00e4hrend des restlichen Jahres: einmal pro Woche 5 ml auf 5 Liter (1 ml\/Liter) Trinkwasser.<br \/>\nVor Gebrauch sch\u00fctteln!<\/p>\n<p><b>Wichtig:<\/b> Keine verzinkten oder kupfernen Trinkgef\u00e4\u00dfe verwenden.<br \/>\nTrinkgef\u00e4\u00dfe aus Edelstahl k\u00f6nnen verwendet werden.<\/p>\n<\/div>\n<h6>Zusammensetzung (pro 1000 ml Produkt):<\/h6>\n<div>Kobaltsulfat(II) 7H2O     60 mg Kaliumiodid                  90.000 mg Natriummolybdat 2H2O         20 mg Ammoniumeisencitrat        50.000 mg<\/div>\n<h4>Hinweise<\/h4>\n<div>&#8211; Trocken, au\u00dferhalb direkter Sonneneinstrahlung, bei 0-30 \u030aC lagern. &#8211; Haltbarkeit nach dem \u00d6ffnen: Ein (1) Jahr. &#8211; Chargennummer und Verfallsdatum: siehe Verpackung. &#8211; F\u00fcr Kinder unzug\u00e4nglich aufbewahren. &#8211; Nur f\u00fcr die Behandlung von Tieren. Nicht f\u00fcr Tiere, die zur Lebensmittelproduktion f\u00fcr den Menschen bestimmt sind.<\/div>\n","protected":false},"excerpt":{"rendered":"<p>Zur Verbesserung der Leistung und Desinfektion des Trinkwassers. Hochleistungs-Tauben d\u00fcrfen nicht nur mit K\u00f6rnern und Wasser versorgt werden; die V\u00f6gel sind mit&hellip;<\/p>\n","protected":false},"featured_media":9590,"template":"","meta":[],"product_cat":[251],"product_tag":[],"class_list":{"0":"post-11093","1":"product","2":"type-product","3":"status-publish","4":"has-post-thumbnail","6":"product_cat-nahrungsergaenzungsmittel-fuer-tauben","8":"first","9":"instock","10":"shipping-taxable","11":"product-type-simple"},"_links":{"self":[{"href":"https:\/\/care4birds.bg\/de\/wp-json\/wp\/v2\/product\/11093","targetHints":{"allow":["GET"]}}],"collection":[{"href":"https:\/\/care4birds.bg\/de\/wp-json\/wp\/v2\/product"}],"about":[{"href":"https:\/\/care4birds.bg\/de\/wp-json\/wp\/v2\/types\/product"}],"wp:featuredmedia":[{"embeddable":true,"href":"https:\/\/care4birds.bg\/de\/wp-json\/wp\/v2\/media\/9590"}],"wp:attachment":[{"href":"https:\/\/care4birds.bg\/de\/wp-json\/wp\/v2\/media?parent=11093"}],"wp:term":[{"taxonomy":"product_cat","embeddable":true,"href":"https:\/\/care4birds.bg\/de\/wp-json\/wp\/v2\/product_cat?post=11093"},{"taxonomy":"product_tag","embeddable":true,"href":"https:\/\/care4birds.bg\/de\/wp-json\/wp\/v2\/product_tag?post=11093"}],"curies":[{"name":"wp","href":"https:\/\/api.w.org\/{rel}","templated":true}]}}