{"id":11119,"date":"2025-11-03T11:15:11","date_gmt":"2025-11-03T11:15:11","guid":{"rendered":"https:\/\/care4birds.bg\/product\/carni-form\/"},"modified":"2026-03-30T11:45:08","modified_gmt":"2026-03-30T11:45:08","slug":"carni-form","status":"publish","type":"product","link":"https:\/\/care4birds.bg\/de\/produkt\/carni-form\/","title":{"rendered":"Carni Form"},"content":{"rendered":"<p>Diese Kombination spielt eine zentrale Rolle im Lipidstoffwechsel der Tauben. Die Taube erh\u00e4lt die ben\u00f6tigte Menge L-Carnitin. Dar\u00fcber hinaus enth\u00e4lt das Produkt Magnesium und Selen f\u00fcr eine bessere Muskelfunktion.<\/p>\n<h6>Dosierung<\/h6>\n<p> Carni-Form kann \u00fcber Trinkwasser oder Futter verabreicht werden: &#8211; 10 ml pro 1 Liter Trinkwasser oder &#8211; 15 ml pro 1 kg Futter &#8211; Verabreichen zum Schutz der Muskeln mindestens 14 Tage vor dem ersten Flug oder t\u00e4glich vor Beginn der Wettkampffl\u00fcge. &#8211; In der Rennsaison zwischen den Fl\u00fcgen 1-5 Tage pro Woche. <\/p>\n<h6>Zusammensetzung:<\/h6>\n<p> L-Carnitin &#8211; 150.000 mg Magnesiumchlorid &#8211; 50.000 mg Natriumselenit &#8211; 70 mg Konservierungsmittel &#8211; 7.000 mg<\/p>\n","protected":false},"excerpt":{"rendered":"<p>Diese Kombination spielt eine zentrale Rolle im Lipidstoffwechsel der Tauben. Die Taube erh\u00e4lt die ben\u00f6tigte Menge L-Carnitin. Dar\u00fcber hinaus enth\u00e4lt das Produkt&hellip;<\/p>\n","protected":false},"featured_media":9594,"template":"","meta":[],"product_cat":[251],"product_tag":[],"class_list":{"0":"post-11119","1":"product","2":"type-product","3":"status-publish","4":"has-post-thumbnail","6":"product_cat-nahrungsergaenzungsmittel-fuer-tauben","8":"first","9":"instock","10":"shipping-taxable","11":"product-type-simple"},"_links":{"self":[{"href":"https:\/\/care4birds.bg\/de\/wp-json\/wp\/v2\/product\/11119","targetHints":{"allow":["GET"]}}],"collection":[{"href":"https:\/\/care4birds.bg\/de\/wp-json\/wp\/v2\/product"}],"about":[{"href":"https:\/\/care4birds.bg\/de\/wp-json\/wp\/v2\/types\/product"}],"wp:featuredmedia":[{"embeddable":true,"href":"https:\/\/care4birds.bg\/de\/wp-json\/wp\/v2\/media\/9594"}],"wp:attachment":[{"href":"https:\/\/care4birds.bg\/de\/wp-json\/wp\/v2\/media?parent=11119"}],"wp:term":[{"taxonomy":"product_cat","embeddable":true,"href":"https:\/\/care4birds.bg\/de\/wp-json\/wp\/v2\/product_cat?post=11119"},{"taxonomy":"product_tag","embeddable":true,"href":"https:\/\/care4birds.bg\/de\/wp-json\/wp\/v2\/product_tag?post=11119"}],"curies":[{"name":"wp","href":"https:\/\/api.w.org\/{rel}","templated":true}]}}