{"id":11137,"date":"2025-11-03T11:13:35","date_gmt":"2025-11-03T11:13:35","guid":{"rendered":"https:\/\/care4birds.bg\/product\/energy-oil\/"},"modified":"2026-03-31T09:26:54","modified_gmt":"2026-03-31T09:26:54","slug":"energy-oil","status":"publish","type":"product","link":"https:\/\/care4birds.bg\/de\/produkt\/energy-oil\/","title":{"rendered":"Energy Oil"},"content":{"rendered":"<h6>Energie\u00f6l mit 10 verschiedenen \u00d6len reich an Omega 3 und Omega 6<\/h6>\n<p> Energy oil ist eine hochenergetische Quelle. Ideal zur Verbesserung der Kondition und zur Versorgung mit Fetten w\u00e4hrend der Fl\u00fcge. <\/p>\n<ul>\n<li>Idealer Energielieferant.<\/li>\n<\/ul>\n<ul>\n<li>Hilft beim Aufbau der Kondition.<\/li>\n<\/ul>\n<ul>\n<li>F\u00f6rdert die nat\u00fcrliche Widerstandskraft.<\/li>\n<\/ul>\n<h6>Dosierung<\/h6>\n<p> 1 Verschlusskappe (15 ml) pro 1 kg Futter. <b>Rennsaison:<\/b> 1-2 mal pro Woche. <b>Langstrecken:<\/b> 2 mal pro Woche <b>Jungtauben:<\/b> 1-2 mal pro Woche. <b>Mauser:<\/b> 2 mal pro Woche. <b>Zucht:<\/b> 1-2 mal pro Woche.<\/p>\n<p>Nicht mit Wasser mischen!<\/p>\n<h6>Zusammensetzung:<\/h6>\n<p> Lecithin; Lachs\u00f6l; Mais\u00f6l; Lein\u00f6l; Erdnuss\u00f6l; Hanf\u00f6l; Weizenkeim\u00f6l; Soja\u00f6l; Schwarzk\u00fcmmel\u00f6l; Borretsch\u00f6l<\/p>\n","protected":false},"excerpt":{"rendered":"<p>Energie\u00f6l mit 10 verschiedenen \u00d6len reich an Omega 3 und Omega 6 Energy oil ist eine hochenergetische Quelle. Ideal zur Verbesserung der&hellip;<\/p>\n","protected":false},"featured_media":9581,"template":"","meta":[],"product_cat":[251],"product_tag":[],"class_list":{"0":"post-11137","1":"product","2":"type-product","3":"status-publish","4":"has-post-thumbnail","6":"product_cat-nahrungsergaenzungsmittel-fuer-tauben","8":"first","9":"instock","10":"shipping-taxable","11":"product-type-simple"},"_links":{"self":[{"href":"https:\/\/care4birds.bg\/de\/wp-json\/wp\/v2\/product\/11137","targetHints":{"allow":["GET"]}}],"collection":[{"href":"https:\/\/care4birds.bg\/de\/wp-json\/wp\/v2\/product"}],"about":[{"href":"https:\/\/care4birds.bg\/de\/wp-json\/wp\/v2\/types\/product"}],"wp:featuredmedia":[{"embeddable":true,"href":"https:\/\/care4birds.bg\/de\/wp-json\/wp\/v2\/media\/9581"}],"wp:attachment":[{"href":"https:\/\/care4birds.bg\/de\/wp-json\/wp\/v2\/media?parent=11137"}],"wp:term":[{"taxonomy":"product_cat","embeddable":true,"href":"https:\/\/care4birds.bg\/de\/wp-json\/wp\/v2\/product_cat?post=11137"},{"taxonomy":"product_tag","embeddable":true,"href":"https:\/\/care4birds.bg\/de\/wp-json\/wp\/v2\/product_tag?post=11137"}],"curies":[{"name":"wp","href":"https:\/\/api.w.org\/{rel}","templated":true}]}}