{"id":11148,"date":"2025-11-03T11:13:33","date_gmt":"2025-11-03T11:13:33","guid":{"rendered":"https:\/\/care4birds.bg\/product\/entero-care\/"},"modified":"2026-03-31T09:32:11","modified_gmt":"2026-03-31T09:32:11","slug":"entero-care","status":"publish","type":"product","link":"https:\/\/care4birds.bg\/de\/produkt\/entero-care\/","title":{"rendered":"Entero Care"},"content":{"rendered":"<p>Probiotikum f\u00fcr Tauben<\/p>\n<p>Diese probiotische Mischung mit nat\u00fcrlichen Milchs\u00e4urebakterien sorgt f\u00fcr ein gutes Gleichgewicht der Darmflora. Die Bakterien siedeln sich im Darm an und schaffen dort ein saures Milieu. F\u00fcr ein optimales Produkt wurden zus\u00e4tzlich Vitamine und Mineralstoffe hinzugef\u00fcgt.<\/p>\n<p>Entero Care sollte vorzugsweise verabreicht werden:<\/p>\n<p>Nach Impfungen und Medikamentengabe<br \/>\nBei Problemen mit der Darmflora und dem Kot<br \/>\nIn Stressphasen (erste Fl\u00fcge, Jungtaubenfl\u00fcge)<br \/>\nNach der R\u00fcckkehr zur schnelleren Erholung<\/p>\n<h6>Dosierung und Anwendung:<\/h6>\n<p> 1 Messl\u00f6ffel (10 g) auf 1 Liter Wasser oder 1 Messl\u00f6ffel pro 1 kg Futter, 2 Tage hintereinander.<\/p>\n<p>Entero Care kann jede Woche verabreicht werden.<\/p>\n","protected":false},"excerpt":{"rendered":"<p>Probiotikum f\u00fcr Tauben Diese probiotische Mischung mit nat\u00fcrlichen Milchs\u00e4urebakterien sorgt f\u00fcr ein gutes Gleichgewicht der Darmflora. Die Bakterien siedeln sich im Darm&hellip;<\/p>\n","protected":false},"featured_media":11149,"template":"","meta":[],"product_cat":[251,246],"product_tag":[],"class_list":{"0":"post-11148","1":"product","2":"type-product","3":"status-publish","4":"has-post-thumbnail","6":"product_cat-nahrungsergaenzungsmittel-fuer-tauben","7":"product_cat-nahrungsergaenzungsmittel-fuer-voegel","9":"first","10":"instock","11":"shipping-taxable","12":"product-type-simple"},"_links":{"self":[{"href":"https:\/\/care4birds.bg\/de\/wp-json\/wp\/v2\/product\/11148","targetHints":{"allow":["GET"]}}],"collection":[{"href":"https:\/\/care4birds.bg\/de\/wp-json\/wp\/v2\/product"}],"about":[{"href":"https:\/\/care4birds.bg\/de\/wp-json\/wp\/v2\/types\/product"}],"wp:featuredmedia":[{"embeddable":true,"href":"https:\/\/care4birds.bg\/de\/wp-json\/wp\/v2\/media\/11149"}],"wp:attachment":[{"href":"https:\/\/care4birds.bg\/de\/wp-json\/wp\/v2\/media?parent=11148"}],"wp:term":[{"taxonomy":"product_cat","embeddable":true,"href":"https:\/\/care4birds.bg\/de\/wp-json\/wp\/v2\/product_cat?post=11148"},{"taxonomy":"product_tag","embeddable":true,"href":"https:\/\/care4birds.bg\/de\/wp-json\/wp\/v2\/product_tag?post=11148"}],"curies":[{"name":"wp","href":"https:\/\/api.w.org\/{rel}","templated":true}]}}