{"id":11163,"date":"2025-11-03T11:12:48","date_gmt":"2025-11-03T11:12:48","guid":{"rendered":"https:\/\/care4birds.bg\/product\/glucovit\/"},"modified":"2026-03-31T09:38:09","modified_gmt":"2026-03-31T09:38:09","slug":"glucovit","status":"publish","type":"product","link":"https:\/\/care4birds.bg\/de\/produkt\/glucovit\/","title":{"rendered":"Glucovit"},"content":{"rendered":"<h6>GLUCOVIT GLUKOSE + VITAMINE kann im Trinkwasser mit CARELYT kombiniert werden.<\/h6>\n<h6>Dosierung<\/h6>\n<p> Dem Trinkwasser zugeben. W\u00e4hrend Mauser \/ Winter: einmal pro Woche 2 Essl\u00f6ffel in 2 Liter (ca. 40 Tauben) W\u00e4hrend der Zucht: zweimal pro Woche 2 Essl\u00f6ffel in 2 Liter (ca. 40 Tauben) F\u00fcr Jungtiere ab 1 Woche: 5 Tage hintereinander W\u00e4hrend der Rennen: zweimal pro Woche 2 Essl\u00f6ffel in 2 Liter (ca. 40 Tauben). Bei l\u00e4ngeren Distanzen kann es bis zu 3-mal pro Woche 3 L\u00f6ffel pro 2 Liter gegeben werden Es ist auch m\u00f6glich GLUCOVIT im gleichen Verh\u00e4ltnis dem Futter beizumischen (\u00b1 40 Tauben einmal t\u00e4glich). Zuerst muss das Futter angefeuchtet werden <\/p>\n<h6>Formel<\/h6>\n<p> Vit. A 6000 IE. Vit. D3 1200 IE. Vit. E 20 mg. Vit. C 10 mg. Vit. K3 1,5 mg. Vit. B1 280 mg. Vit. B2 400 mg. Nicotinamid 30 mg. Pantothens\u00e4ure 10 mg. Cholin 100 mg. Spurenelemente Dextrose ad 1000 g.<\/p>\n","protected":false},"excerpt":{"rendered":"<p>GLUCOVIT GLUKOSE + VITAMINE kann im Trinkwasser mit CARELYT kombiniert werden. Dosierung Dem Trinkwasser zugeben. W\u00e4hrend Mauser \/ Winter: einmal pro Woche&hellip;<\/p>\n","protected":false},"featured_media":9582,"template":"","meta":[],"product_cat":[251],"product_tag":[],"class_list":{"0":"post-11163","1":"product","2":"type-product","3":"status-publish","4":"has-post-thumbnail","6":"product_cat-nahrungsergaenzungsmittel-fuer-tauben","8":"first","9":"instock","10":"shipping-taxable","11":"product-type-simple"},"_links":{"self":[{"href":"https:\/\/care4birds.bg\/de\/wp-json\/wp\/v2\/product\/11163","targetHints":{"allow":["GET"]}}],"collection":[{"href":"https:\/\/care4birds.bg\/de\/wp-json\/wp\/v2\/product"}],"about":[{"href":"https:\/\/care4birds.bg\/de\/wp-json\/wp\/v2\/types\/product"}],"wp:featuredmedia":[{"embeddable":true,"href":"https:\/\/care4birds.bg\/de\/wp-json\/wp\/v2\/media\/9582"}],"wp:attachment":[{"href":"https:\/\/care4birds.bg\/de\/wp-json\/wp\/v2\/media?parent=11163"}],"wp:term":[{"taxonomy":"product_cat","embeddable":true,"href":"https:\/\/care4birds.bg\/de\/wp-json\/wp\/v2\/product_cat?post=11163"},{"taxonomy":"product_tag","embeddable":true,"href":"https:\/\/care4birds.bg\/de\/wp-json\/wp\/v2\/product_tag?post=11163"}],"curies":[{"name":"wp","href":"https:\/\/api.w.org\/{rel}","templated":true}]}}