{"id":11172,"date":"2025-11-03T11:12:01","date_gmt":"2025-11-03T11:12:01","guid":{"rendered":"https:\/\/care4birds.bg\/product\/carelyt\/"},"modified":"2026-03-31T09:45:00","modified_gmt":"2026-03-31T09:45:00","slug":"carelyt","status":"publish","type":"product","link":"https:\/\/care4birds.bg\/de\/produkt\/carelyt\/","title":{"rendered":"Carelyt"},"content":{"rendered":"<h6>Indikation:<\/h6>\n<p> Flugsalz f\u00fcr Brieftauben CARELYT reguliert den S\u00e4ure- und Wasserhaushalt Ihrer V\u00f6gel. Es beschleunigt die Erholung der Tauben nach langen Fl\u00fcgen. Es bringt sie schnell wieder in Topform. <\/p>\n<h6>Dosierung:<\/h6>\n<p> F\u00fctterungshinweise: Wenn die Tauben von ihren Fl\u00fcgen zur\u00fcckkehren, sind sie sehr durstig. Geben Sie ihnen zun\u00e4chst frisches, sauberes Wasser. Nach 2 Stunden erneut frisches Wasser geben, jedoch mit CARELYT gemischt. L\u00f6sen Sie 25 g CARELYT (1 Essl\u00f6ffel) in 2 Liter Trinkwasser auf und stellen Sie es f\u00fcr 24 Stunden zur Verf\u00fcgung. Danach entfernen und wieder normales Trinkwasser geben. CARELYT kann mit den meisten Medikamenten f\u00fcr Brieftauben kombiniert werden. <\/p>\n<h6>Enth\u00e4lt<\/h6>\n<div>600 g<\/div>\n","protected":false},"excerpt":{"rendered":"<p>Indikation: Flugsalz f\u00fcr Brieftauben CARELYT reguliert den S\u00e4ure- und Wasserhaushalt Ihrer V\u00f6gel. Es beschleunigt die Erholung der Tauben nach langen Fl\u00fcgen. Es&hellip;<\/p>\n","protected":false},"featured_media":9587,"template":"","meta":[],"product_cat":[251],"product_tag":[],"class_list":{"0":"post-11172","1":"product","2":"type-product","3":"status-publish","4":"has-post-thumbnail","6":"product_cat-nahrungsergaenzungsmittel-fuer-tauben","8":"first","9":"instock","10":"shipping-taxable","11":"product-type-simple"},"_links":{"self":[{"href":"https:\/\/care4birds.bg\/de\/wp-json\/wp\/v2\/product\/11172","targetHints":{"allow":["GET"]}}],"collection":[{"href":"https:\/\/care4birds.bg\/de\/wp-json\/wp\/v2\/product"}],"about":[{"href":"https:\/\/care4birds.bg\/de\/wp-json\/wp\/v2\/types\/product"}],"wp:featuredmedia":[{"embeddable":true,"href":"https:\/\/care4birds.bg\/de\/wp-json\/wp\/v2\/media\/9587"}],"wp:attachment":[{"href":"https:\/\/care4birds.bg\/de\/wp-json\/wp\/v2\/media?parent=11172"}],"wp:term":[{"taxonomy":"product_cat","embeddable":true,"href":"https:\/\/care4birds.bg\/de\/wp-json\/wp\/v2\/product_cat?post=11172"},{"taxonomy":"product_tag","embeddable":true,"href":"https:\/\/care4birds.bg\/de\/wp-json\/wp\/v2\/product_tag?post=11172"}],"curies":[{"name":"wp","href":"https:\/\/api.w.org\/{rel}","templated":true}]}}