{"id":11181,"date":"2025-11-03T11:11:31","date_gmt":"2025-11-03T11:11:31","guid":{"rendered":"https:\/\/care4birds.bg\/product\/probiocare\/"},"modified":"2026-03-31T09:49:28","modified_gmt":"2026-03-31T09:49:28","slug":"probiocare","status":"publish","type":"product","link":"https:\/\/care4birds.bg\/de\/produkt\/probiocare\/","title":{"rendered":"ProbioCare"},"content":{"rendered":"<p>Probiotika und Pr\u00e4biotika zur Regeneration der Darmflora<\/p>\n<p>Probiotisch-pr\u00e4biotische Kombination zur Regeneration und Verbesserung der Darmflora. ProbioCare enth\u00e4lt eine spezielle Kombination verschiedener Probiotika und Pr\u00e4biotika, die synergistisch wirken, um die Darmregulation zu verbessern. ProbioCare ist eine ausgezeichnete Wahl:<\/p>\n<p>nach der Verabreichung von Antibiotika<br \/>\nnach Impfungen<br \/>\nals Immunst\u00e4rker nach Wettfl\u00fcgen<br \/>\nnach Ausstellungen<\/p>\n<p>Verdauungsst\u00f6rungen sind ein Vorbote vieler sch\u00e4dlicher (pathogener) Mikroorganismen und Endoparasiten. In vielen F\u00e4llen treten sie bei intensiven Fl\u00fcgen und w\u00e4hrend der Zucht auf.<br \/>\nProbioCare enth\u00e4lt eine spezielle Kombination verschiedener Probiotika in mikroverkapselter Form sowie eine einzigartige Kombination von Kohlenhydraten, die die Darmflora regulieren. Verschiedene Bakterien unterst\u00fctzen sich gegenseitig bei der aktiven Besiedlung des D\u00fcnndarms der Taube. Auf diese Weise unterst\u00fctzen sie die Verdauung, erzeugen wichtige N\u00e4hrstoffe zur Stabilisierung der Darmflora und st\u00e4rken das Immunsystem. Diese probiotischen Bakterien unterdr\u00fccken pathogene Bakterien wie Salmonella, E. coli, Staphylococcus, Streptococcus sowie Pilzinfektionen wie Candida, Kokzidiose und Trichomoniasis. Dies ist ein sehr effektiver Weg zur Vorbeugung von Darmerkrankungen, und die Darmflora regeneriert sich schnell. Die regelm\u00e4\u00dfige Anwendung von ProbioCare erh\u00f6ht die nat\u00fcrliche Widerstandskraft und verbessert den Appetit. Tauben haben w\u00e4hrend der Fl\u00fcge mehr Energie.<br \/>\nDie Anwendung von ProbioCare verk\u00fcrzt die Erholungsphase erheblich.<\/p>\n<h6>Dosierung<\/h6>\n<p> 1 Messl\u00f6ffel (12,5 g) pro 1 kg Futter zweimal pro Woche (Dosis f\u00fcr 25 Tauben)<\/p>\n","protected":false},"excerpt":{"rendered":"<p>Probiotika und Pr\u00e4biotika zur Regeneration der Darmflora Probiotisch-pr\u00e4biotische Kombination zur Regeneration und Verbesserung der Darmflora. ProbioCare enth\u00e4lt eine spezielle Kombination verschiedener Probiotika&hellip;<\/p>\n","protected":false},"featured_media":9584,"template":"","meta":[],"product_cat":[251,246],"product_tag":[],"class_list":{"0":"post-11181","1":"product","2":"type-product","3":"status-publish","4":"has-post-thumbnail","6":"product_cat-nahrungsergaenzungsmittel-fuer-tauben","7":"product_cat-nahrungsergaenzungsmittel-fuer-voegel","9":"first","10":"instock","11":"shipping-taxable","12":"product-type-simple"},"_links":{"self":[{"href":"https:\/\/care4birds.bg\/de\/wp-json\/wp\/v2\/product\/11181","targetHints":{"allow":["GET"]}}],"collection":[{"href":"https:\/\/care4birds.bg\/de\/wp-json\/wp\/v2\/product"}],"about":[{"href":"https:\/\/care4birds.bg\/de\/wp-json\/wp\/v2\/types\/product"}],"wp:featuredmedia":[{"embeddable":true,"href":"https:\/\/care4birds.bg\/de\/wp-json\/wp\/v2\/media\/9584"}],"wp:attachment":[{"href":"https:\/\/care4birds.bg\/de\/wp-json\/wp\/v2\/media?parent=11181"}],"wp:term":[{"taxonomy":"product_cat","embeddable":true,"href":"https:\/\/care4birds.bg\/de\/wp-json\/wp\/v2\/product_cat?post=11181"},{"taxonomy":"product_tag","embeddable":true,"href":"https:\/\/care4birds.bg\/de\/wp-json\/wp\/v2\/product_tag?post=11181"}],"curies":[{"name":"wp","href":"https:\/\/api.w.org\/{rel}","templated":true}]}}