{"id":11191,"date":"2025-11-03T11:11:16","date_gmt":"2025-11-03T11:11:16","guid":{"rendered":"https:\/\/care4birds.bg\/product\/herbal-care\/"},"modified":"2026-03-31T09:55:18","modified_gmt":"2026-03-31T09:55:18","slug":"herbal-care","status":"publish","type":"product","link":"https:\/\/care4birds.bg\/de\/produkt\/herbal-care\/","title":{"rendered":"Herbal Care"},"content":{"rendered":"<p>Kr\u00e4utertinktur mit zugesetzten organischen S\u00e4uren, Vitaminen, Mineralstoffen und Spurenelementen.<br \/>\nHerbal Care ist ein vollst\u00e4ndig nat\u00fcrliches Produkt, das sowohl w\u00e4hrend der Flugsaison als auch au\u00dferhalb der Saison eine starke Grundlage bietet. Das Produkt ist eine Kr\u00e4utertinktur mit zus\u00e4tzlichen organischen S\u00e4uren und reich an Vitaminen, Mineralstoffen und Spurenelementen, die sehr wirksam gegen Magen-Darm-Probleme sind. Herbal Care verbessert die Kondition Ihrer Tauben, steigert die Widerstandskraft und f\u00f6rdert eine schnellere Erholung nach Belastung. Herbal Care erh\u00f6ht die Fruchtbarkeit und macht junge Tauben widerstandsf\u00e4higer.<\/p>\n<h6>Dosierung<\/h6>\n<p> 10 ml Herbal Care in 1 Liter Trinkwasser &#8211; W\u00e4hrend der Mauser: ein- bis zweimal pro Woche &#8211; W\u00e4hrend der Reisesaison: ein- bis zweimal pro Woche &#8211; Jungtiere: drei- bis viermal pro Woche &#8211; Zuchtperiode: zweimal pro Woche Vor Gebrauch gut sch\u00fctteln! <\/p>\n<h6>Hinweise<\/h6>\n<p> Vor Beginn der Reisesaison 7-10 Tage vorbeugende Anwendung. <\/p>\n<h6>Zusammensetzung:<\/h6>\n<p> Kr\u00e4utertinktur aus Ginsengwurzel, Sonnenhut, Tausendg\u00fcldenkraut, Vaccinium myrtillus Blatt, Weidenrinde, Algen, wilder Selleriewurzel, Satureja hortensis, Zimt, Crocus sativus; Sambucus nigra Konzentrat; Vaccinium myrtillus Konzentrat; Zitronens\u00e4ure; Apfelessig; Glukose<\/p>\n","protected":false},"excerpt":{"rendered":"<p>Kr\u00e4utertinktur mit zugesetzten organischen S\u00e4uren, Vitaminen, Mineralstoffen und Spurenelementen. Herbal Care ist ein vollst\u00e4ndig nat\u00fcrliches Produkt, das sowohl w\u00e4hrend der Flugsaison als&hellip;<\/p>\n","protected":false},"featured_media":9588,"template":"","meta":[],"product_cat":[251,246],"product_tag":[],"class_list":{"0":"post-11191","1":"product","2":"type-product","3":"status-publish","4":"has-post-thumbnail","6":"product_cat-nahrungsergaenzungsmittel-fuer-tauben","7":"product_cat-nahrungsergaenzungsmittel-fuer-voegel","9":"first","10":"instock","11":"shipping-taxable","12":"product-type-simple"},"_links":{"self":[{"href":"https:\/\/care4birds.bg\/de\/wp-json\/wp\/v2\/product\/11191","targetHints":{"allow":["GET"]}}],"collection":[{"href":"https:\/\/care4birds.bg\/de\/wp-json\/wp\/v2\/product"}],"about":[{"href":"https:\/\/care4birds.bg\/de\/wp-json\/wp\/v2\/types\/product"}],"wp:featuredmedia":[{"embeddable":true,"href":"https:\/\/care4birds.bg\/de\/wp-json\/wp\/v2\/media\/9588"}],"wp:attachment":[{"href":"https:\/\/care4birds.bg\/de\/wp-json\/wp\/v2\/media?parent=11191"}],"wp:term":[{"taxonomy":"product_cat","embeddable":true,"href":"https:\/\/care4birds.bg\/de\/wp-json\/wp\/v2\/product_cat?post=11191"},{"taxonomy":"product_tag","embeddable":true,"href":"https:\/\/care4birds.bg\/de\/wp-json\/wp\/v2\/product_tag?post=11191"}],"curies":[{"name":"wp","href":"https:\/\/api.w.org\/{rel}","templated":true}]}}