{"id":11201,"date":"2025-11-03T11:10:18","date_gmt":"2025-11-03T11:10:18","guid":{"rendered":"https:\/\/care4birds.bg\/product\/caresol\/"},"modified":"2026-03-31T10:01:51","modified_gmt":"2026-03-31T10:01:51","slug":"caresol","status":"publish","type":"product","link":"https:\/\/care4birds.bg\/de\/produkt\/caresol\/","title":{"rendered":"Caresol"},"content":{"rendered":"<h6>Indikation:<\/h6>\n<p> Die einzigartige Kombination aus Elektrolyten und Mineralien (Kalium, Natrium, Magnesium) basierend auf dem Energietr\u00e4ger Glukose hilft, den Erholungsprozess zu beschleunigen. Hydriert und unterst\u00fctzt V\u00f6gel bei extremen Temperaturen, w\u00e4hrend des Transports oder bei Ausstellungen. Liefert Energie und Elektrolyte, um V\u00f6geln bei der Erholung von Krankheit, Stress und gro\u00dfer Anstrengung zu helfen. Erh\u00f6ht Kraft und Vitalit\u00e4t bei V\u00f6geln auf Ausstellungen oder zum Verkauf. Die fertige L\u00f6sung kann in Notf\u00e4llen direkt verabreicht werden, um schnell wirksame Energie zu liefern. <\/p>\n<h6>Dosierung und Anwendung:<\/h6>\n<div>\n<div>DOSIERUNG ZUCHTSAISON: f\u00fcr starke, gut wachsende Jungv\u00f6gel: ca. 25 ml in 1 Liter Wasser f\u00fcr 5 aufeinanderfolgende Tage, beginnend, sobald die Jungv\u00f6gel etwa 1 Woche alt sind.<\/div>\n<div>DOSIERUNG RENNSAISON: 2-3 mal pro Woche 15 ml pro 1 Liter Wasser.<\/div>\n<div>NACH GROSSER ANSTRENGUNG (Rennsaison): Nachdem die Tauben nach Hause zur\u00fcckgekehrt sind, zun\u00e4chst sauberes Wasser geben, dann CARESOL ins Trinkwasser geben. 15 ml (1\/2 Messkappe) pro Liter Trinkwasser.<\/div>\n<\/p><\/div>\n<h6>Hinweise:<\/h6>\n<div>\n<div>\u2022 Vor Gebrauch gut sch\u00fctteln!<\/div>\n<div>\u2022 Au\u00dfer Reichweite von Kindern aufbewahren.<\/div>\n<div>\u2022 Nur zur oralen Anwendung bei Tieren, die nicht f\u00fcr den menschlichen Verzehr bestimmt sind.<\/div>\n<div>\u2022 An einem trockenen Ort, gesch\u00fctzt vor direkter Sonneneinstrahlung und bei 0-30 \u00b0C lagern.<\/div>\n<div>\u2022 Mindesthaltbarkeit: siehe Verpackung.<\/div>\n<div>\u2022 Inhalt: 500 ml Futtererg\u00e4nzung f\u00fcr Tauben<\/div>\n<\/p><\/div>\n","protected":false},"excerpt":{"rendered":"<p>Indikation: Die einzigartige Kombination aus Elektrolyten und Mineralien (Kalium, Natrium, Magnesium) basierend auf dem Energietr\u00e4ger Glukose hilft, den Erholungsprozess zu beschleunigen. Hydriert&hellip;<\/p>\n","protected":false},"featured_media":9596,"template":"","meta":[],"product_cat":[251,246],"product_tag":[],"class_list":{"0":"post-11201","1":"product","2":"type-product","3":"status-publish","4":"has-post-thumbnail","6":"product_cat-nahrungsergaenzungsmittel-fuer-tauben","7":"product_cat-nahrungsergaenzungsmittel-fuer-voegel","9":"first","10":"instock","11":"shipping-taxable","12":"product-type-simple"},"_links":{"self":[{"href":"https:\/\/care4birds.bg\/de\/wp-json\/wp\/v2\/product\/11201","targetHints":{"allow":["GET"]}}],"collection":[{"href":"https:\/\/care4birds.bg\/de\/wp-json\/wp\/v2\/product"}],"about":[{"href":"https:\/\/care4birds.bg\/de\/wp-json\/wp\/v2\/types\/product"}],"wp:featuredmedia":[{"embeddable":true,"href":"https:\/\/care4birds.bg\/de\/wp-json\/wp\/v2\/media\/9596"}],"wp:attachment":[{"href":"https:\/\/care4birds.bg\/de\/wp-json\/wp\/v2\/media?parent=11201"}],"wp:term":[{"taxonomy":"product_cat","embeddable":true,"href":"https:\/\/care4birds.bg\/de\/wp-json\/wp\/v2\/product_cat?post=11201"},{"taxonomy":"product_tag","embeddable":true,"href":"https:\/\/care4birds.bg\/de\/wp-json\/wp\/v2\/product_tag?post=11201"}],"curies":[{"name":"wp","href":"https:\/\/api.w.org\/{rel}","templated":true}]}}