{"id":11211,"date":"2025-11-03T11:08:49","date_gmt":"2025-11-03T11:08:49","guid":{"rendered":"https:\/\/care4birds.bg\/product\/fly-forma-drops\/"},"modified":"2026-03-31T10:10:43","modified_gmt":"2026-03-31T10:10:43","slug":"fly-forma-drops","status":"publish","type":"product","link":"https:\/\/care4birds.bg\/de\/produkt\/fly-forma-drops\/","title":{"rendered":"Fly forma drops"},"content":{"rendered":"<h6>Indikation:<\/h6>\n<div>Zur Reinigung der Augen. Reizungen der Augen und Tr\u00e4nenkan\u00e4le k\u00f6nnen Orientierung und Flugleistung beeintr\u00e4chtigen.<\/div>\n<div>Dies f\u00fchrt zu entt\u00e4uschender Leistung.<\/div>\n<h6>FORMEL:<\/h6>\n<div>Pflanzenextrakt (Melilotus officinalis, Euphrasia, Plantago lanceolata) und Argenti proteinas.<\/div>\n<h6>Enth\u00e4lt:<\/h6>\n<div>30 ml Behandlungsprodukt f\u00fcr Renn- und Zierv\u00f6gel<\/div>\n<h6>DOSIERUNG und ANWENDUNGSANLEITUNG:<\/h6>\n<div>1\u20132 Tropfen pro Auge verwenden. Vor Gebrauch sch\u00fctteln!<\/div>\n<h6>ANWENDUNG:<\/h6>\n<div>Renntauben: Einen Tropfen in jedes Auge und jede Nasen\u00f6ffnung vor und nach dem Flug.<\/div>\n<div>Wenn die Tauben in gutem Zustand sind, verschwindet der Tropfen fast sofort.<\/div>\n","protected":false},"excerpt":{"rendered":"<p>Indikation: Zur Reinigung der Augen. Reizungen der Augen und Tr\u00e4nenkan\u00e4le k\u00f6nnen Orientierung und Flugleistung beeintr\u00e4chtigen. Dies f\u00fchrt zu entt\u00e4uschender Leistung. FORMEL: Pflanzenextrakt&hellip;<\/p>\n","protected":false},"featured_media":9592,"template":"","meta":[],"product_cat":[251],"product_tag":[],"class_list":{"0":"post-11211","1":"product","2":"type-product","3":"status-publish","4":"has-post-thumbnail","6":"product_cat-nahrungsergaenzungsmittel-fuer-tauben","8":"first","9":"instock","10":"shipping-taxable","11":"product-type-simple"},"_links":{"self":[{"href":"https:\/\/care4birds.bg\/de\/wp-json\/wp\/v2\/product\/11211","targetHints":{"allow":["GET"]}}],"collection":[{"href":"https:\/\/care4birds.bg\/de\/wp-json\/wp\/v2\/product"}],"about":[{"href":"https:\/\/care4birds.bg\/de\/wp-json\/wp\/v2\/types\/product"}],"wp:featuredmedia":[{"embeddable":true,"href":"https:\/\/care4birds.bg\/de\/wp-json\/wp\/v2\/media\/9592"}],"wp:attachment":[{"href":"https:\/\/care4birds.bg\/de\/wp-json\/wp\/v2\/media?parent=11211"}],"wp:term":[{"taxonomy":"product_cat","embeddable":true,"href":"https:\/\/care4birds.bg\/de\/wp-json\/wp\/v2\/product_cat?post=11211"},{"taxonomy":"product_tag","embeddable":true,"href":"https:\/\/care4birds.bg\/de\/wp-json\/wp\/v2\/product_tag?post=11211"}],"curies":[{"name":"wp","href":"https:\/\/api.w.org\/{rel}","templated":true}]}}