{"id":11220,"date":"2025-11-03T11:08:27","date_gmt":"2025-11-03T11:08:27","guid":{"rendered":"https:\/\/care4birds.bg\/product\/carechol\/"},"modified":"2026-04-01T07:32:13","modified_gmt":"2026-04-01T07:32:13","slug":"carechol","status":"publish","type":"product","link":"https:\/\/care4birds.bg\/de\/produkt\/carechol\/","title":{"rendered":"Carechol"},"content":{"rendered":"<h6>Indikation:<\/h6>\n<p>Methionin und Cholin sind essentielle schwefelhaltige Aminos\u00e4uren, die Leber und Nieren sch\u00fctzen, der Fettleber entgegenwirken und den Transport von Fetten zu den Zellen gew\u00e4hrleisten, was f\u00fcr die ordnungsgem\u00e4\u00dfe Funktion des Nervensystems notwendig ist. Sie tragen zum optimalen Wachstum junger Tauben bei und sind auch w\u00e4hrend der Mauser sehr wichtig. All dies macht Carechol zu einem Produkt, das das ganze Jahr \u00fcber verabreicht werden kann.<\/p>\n<h6>Dosierung:<\/h6>\n<p>W\u00e4hrend der Mauser:<br \/>\n10 ml pro 1 l Trinkwasser oder pro kg Futter, zweimal pro Woche<\/p>\n<p>W\u00e4hrend der Flugsaison:<br \/>\n10 ml pro 1 l Trinkwasser oder pro kg Futter, einmal pro Woche<\/p>\n<p>Als Kur:<br \/>\n10 ml pro 1 l Trinkwasser oder pro kg Futter, 5 aufeinanderfolgende Tage<\/p>\n<h6>Verpackung:<\/h6>\n<p>1000 ml orale Fl\u00fcssigkeit zur Behandlung von Tauben und K\u00e4figv\u00f6geln von 300 bis 3000 g Lebendgewicht.<\/p>\n<h6>Zusammensetzung:<\/h6>\n<p>Methionin: 1 % ; Cholin: 15 % ; Glukose: 60 % ; Inaktive Bestandteile bis 100 %<\/p>\n","protected":false},"excerpt":{"rendered":"<p>Indikation: Methionin und Cholin sind essentielle schwefelhaltige Aminos\u00e4uren, die Leber und Nieren sch\u00fctzen, der Fettleber entgegenwirken und den Transport von Fetten zu&hellip;<\/p>\n","protected":false},"featured_media":9589,"template":"","meta":[],"product_cat":[251,246],"product_tag":[],"class_list":{"0":"post-11220","1":"product","2":"type-product","3":"status-publish","4":"has-post-thumbnail","6":"product_cat-nahrungsergaenzungsmittel-fuer-tauben","7":"product_cat-nahrungsergaenzungsmittel-fuer-voegel","9":"first","10":"instock","11":"shipping-taxable","12":"product-type-simple"},"_links":{"self":[{"href":"https:\/\/care4birds.bg\/de\/wp-json\/wp\/v2\/product\/11220","targetHints":{"allow":["GET"]}}],"collection":[{"href":"https:\/\/care4birds.bg\/de\/wp-json\/wp\/v2\/product"}],"about":[{"href":"https:\/\/care4birds.bg\/de\/wp-json\/wp\/v2\/types\/product"}],"wp:featuredmedia":[{"embeddable":true,"href":"https:\/\/care4birds.bg\/de\/wp-json\/wp\/v2\/media\/9589"}],"wp:attachment":[{"href":"https:\/\/care4birds.bg\/de\/wp-json\/wp\/v2\/media?parent=11220"}],"wp:term":[{"taxonomy":"product_cat","embeddable":true,"href":"https:\/\/care4birds.bg\/de\/wp-json\/wp\/v2\/product_cat?post=11220"},{"taxonomy":"product_tag","embeddable":true,"href":"https:\/\/care4birds.bg\/de\/wp-json\/wp\/v2\/product_tag?post=11220"}],"curies":[{"name":"wp","href":"https:\/\/api.w.org\/{rel}","templated":true}]}}