{"id":11229,"date":"2025-11-03T11:07:01","date_gmt":"2025-11-03T11:07:01","guid":{"rendered":"https:\/\/care4birds.bg\/product\/caremin\/"},"modified":"2026-04-01T07:38:10","modified_gmt":"2026-04-01T07:38:10","slug":"caremin","status":"publish","type":"product","link":"https:\/\/care4birds.bg\/de\/produkt\/caremin\/","title":{"rendered":"Caremin"},"content":{"rendered":"<h6>Indikation:<\/h6>\n<p>CAREMIN tr\u00e4gt zu einer guten Gesundheit bei und hilft, das Immunsystem bei jungen und alten Tauben zu st\u00e4rken! CAREMIN kann das ganze Jahr \u00fcber verabreicht werden, ist jedoch besonders in Zeiten hoher Beanspruchung unverzichtbar, wie w\u00e4hrend der Zucht, der Flugsaison, der Mauser sowie nach einer Antibiotikakur oder Impfung.<br \/>\nKann entweder \u00fcber das Trinkwasser oder \u00fcber das Futter verabreicht werden.<\/p>\n<h6><b><\/b>Dosierung<\/h6>\n<p>10 ml pro 1 Liter Trinkwasser oder 15 ml pro kg Futter. 2 x pro Woche.<br \/>\nVor Gebrauch sch\u00fctteln!<\/p>\n<h6>Verpackung<\/h6>\n<p>1000 ml orale Fl\u00fcssigkeit zur Behandlung von Tauben und K\u00e4figv\u00f6geln von 300 bis 3000 Gramm Lebendgewicht<\/p>\n<p>Composition<b><\/b><i><\/i><u><\/u><br \/>\nVitamin A        6250.000 I.E.<br \/>\nVitamin D3      1250.000 I.E.<br \/>\nVitamin B1                375 mg<br \/>\nVitamin B 2               313 mg<br \/>\nVitamin B 6               500 mg<br \/>\nVitamin B        125.000   mcg<br \/>\nVitamin B 3             5.000 mg<br \/>\nVitamin C                5.000 mg<br \/>\nVitamin E                2.500 mg<br \/>\nVitamin K3                750 mg<br \/>\nFols\u00e4ure                     13 mg<br \/>\nCalciumpantothena1.625 mg<br \/>\nL-Arginin                 400 mg<br \/>\nL-Asparagins\u00e4ure      1.800 mg<br \/>\nGlycin                      340 mg<br \/>\nLeucin                   1.700 mg<br \/>\nLysin                     1.560 mg<br \/>\nMethionin                 360 mg<br \/>\nTyrosin                     520 mg<br \/>\nValin                        960 mg<br \/>\nInaktive Bestandteile bis 1.000 ml<\/p>\n<p>F\u00fcr Kinder unzug\u00e4nglich aufbewahren.<br \/>\nNur zur oralen Anwendung bei Tieren, die nicht f\u00fcr den menschlichen Verzehr bestimmt sind.<br \/>\nTrocken lagern, vor direkter Sonneneinstrahlung sch\u00fctzen und zwischen 0 und 30\u02daC aufbewahren.<br \/>\nMindestens haltbar bis: siehe Verpackung.<\/p>\n","protected":false},"excerpt":{"rendered":"<p>Indikation: CAREMIN tr\u00e4gt zu einer guten Gesundheit bei und hilft, das Immunsystem bei jungen und alten Tauben zu st\u00e4rken! CAREMIN kann das&hellip;<\/p>\n","protected":false},"featured_media":9591,"template":"","meta":[],"product_cat":[251,246],"product_tag":[],"class_list":{"0":"post-11229","1":"product","2":"type-product","3":"status-publish","4":"has-post-thumbnail","6":"product_cat-nahrungsergaenzungsmittel-fuer-tauben","7":"product_cat-nahrungsergaenzungsmittel-fuer-voegel","9":"first","10":"instock","11":"shipping-taxable","12":"product-type-simple"},"_links":{"self":[{"href":"https:\/\/care4birds.bg\/de\/wp-json\/wp\/v2\/product\/11229","targetHints":{"allow":["GET"]}}],"collection":[{"href":"https:\/\/care4birds.bg\/de\/wp-json\/wp\/v2\/product"}],"about":[{"href":"https:\/\/care4birds.bg\/de\/wp-json\/wp\/v2\/types\/product"}],"wp:featuredmedia":[{"embeddable":true,"href":"https:\/\/care4birds.bg\/de\/wp-json\/wp\/v2\/media\/9591"}],"wp:attachment":[{"href":"https:\/\/care4birds.bg\/de\/wp-json\/wp\/v2\/media?parent=11229"}],"wp:term":[{"taxonomy":"product_cat","embeddable":true,"href":"https:\/\/care4birds.bg\/de\/wp-json\/wp\/v2\/product_cat?post=11229"},{"taxonomy":"product_tag","embeddable":true,"href":"https:\/\/care4birds.bg\/de\/wp-json\/wp\/v2\/product_tag?post=11229"}],"curies":[{"name":"wp","href":"https:\/\/api.w.org\/{rel}","templated":true}]}}