{"id":11238,"date":"2025-11-03T11:06:31","date_gmt":"2025-11-03T11:06:31","guid":{"rendered":"https:\/\/care4birds.bg\/product\/bathsalt\/"},"modified":"2026-04-01T07:42:03","modified_gmt":"2026-04-01T07:42:03","slug":"bathsalt","status":"publish","type":"product","link":"https:\/\/care4birds.bg\/de\/produkt\/bathsalt\/","title":{"rendered":"Bathsalt"},"content":{"rendered":"<p><i>Ideale Badesalze f\u00fcr Tauben<\/i><\/p>\n<p>Empfohlen f\u00fcr alle Jahreszeiten und besonders w\u00e4hrend der Mauser.<\/p>\n<ul>\n<li>Macht die Federn flexibler<\/li>\n<li>F\u00f6rdert die Daunenmauser und entfernt Hautschuppen<\/li>\n<li>St\u00e4rkere Federn<\/li>\n<li>Entspannt die Muskeln<\/li>\n<li>Entfernt Hautschuppen, ohne den Zustand der Tauben zu beeintr\u00e4chtigen.<\/li>\n<\/ul>\n<h6>Dosierung<\/h6>\n<p>1 voller Messl\u00f6ffel (20 g) pro 10 l Wasser, ein- oder zweimal pro Woche.<br \/>\nBesonders w\u00e4hrend der Mauser: 2 B\u00e4der pro Woche.<\/p>\n","protected":false},"excerpt":{"rendered":"<p>Ideale Badesalze f\u00fcr Tauben Empfohlen f\u00fcr alle Jahreszeiten und besonders w\u00e4hrend der Mauser. Macht die Federn flexibler F\u00f6rdert die Daunenmauser und entfernt&hellip;<\/p>\n","protected":false},"featured_media":9593,"template":"","meta":[],"product_cat":[251],"product_tag":[],"class_list":{"0":"post-11238","1":"product","2":"type-product","3":"status-publish","4":"has-post-thumbnail","6":"product_cat-nahrungsergaenzungsmittel-fuer-tauben","8":"first","9":"instock","10":"shipping-taxable","11":"product-type-simple"},"_links":{"self":[{"href":"https:\/\/care4birds.bg\/de\/wp-json\/wp\/v2\/product\/11238","targetHints":{"allow":["GET"]}}],"collection":[{"href":"https:\/\/care4birds.bg\/de\/wp-json\/wp\/v2\/product"}],"about":[{"href":"https:\/\/care4birds.bg\/de\/wp-json\/wp\/v2\/types\/product"}],"wp:featuredmedia":[{"embeddable":true,"href":"https:\/\/care4birds.bg\/de\/wp-json\/wp\/v2\/media\/9593"}],"wp:attachment":[{"href":"https:\/\/care4birds.bg\/de\/wp-json\/wp\/v2\/media?parent=11238"}],"wp:term":[{"taxonomy":"product_cat","embeddable":true,"href":"https:\/\/care4birds.bg\/de\/wp-json\/wp\/v2\/product_cat?post=11238"},{"taxonomy":"product_tag","embeddable":true,"href":"https:\/\/care4birds.bg\/de\/wp-json\/wp\/v2\/product_tag?post=11238"}],"curies":[{"name":"wp","href":"https:\/\/api.w.org\/{rel}","templated":true}]}}