{"id":11249,"date":"2025-11-03T11:03:01","date_gmt":"2025-11-03T11:03:01","guid":{"rendered":"https:\/\/care4birds.bg\/product\/orni-super-mix\/"},"modified":"2026-04-01T07:46:49","modified_gmt":"2026-04-01T07:46:49","slug":"orni-super-mix","status":"publish","type":"product","link":"https:\/\/care4birds.bg\/de\/produkt\/orni-super-mix\/","title":{"rendered":"Orni Super Mix"},"content":{"rendered":"<div>\n<h6>Indikation:<\/h6>\n<p>Ornithose, Mykoplasmose, Atemwegserkrankungen und Trichomoniasis.<\/p>\n<\/div>\n<h6>Symptome:<\/h6>\n<div>Federpicken, Kopfsch\u00fctteln, roter Hals, G\u00e4hnen, entz\u00fcndetes drittes Augenlid (besonders bei jungen Tauben), verschmutzte Nasen, bl\u00e4uliches Fleisch, geschwollene K\u00f6pfe, einseitige Augenentz\u00fcndung, tr\u00e4nende Augen, Schleim.<\/div>\n<h6>Dosierung:<\/h6>\n<div><i>ORNI SUPER MIX POWDER<\/i><br \/>\nVorbeugung: 1 Messl\u00f6ffel (=5g) auf 2 Liter Trinkwasser f\u00fcr 1-2 Tage alle 2 Wochen,<\/div>\n<div>vorzugsweise beginnend am Tag nach dem Flug.<\/div>\n<div>Behandlung: 1 Messl\u00f6ffel (=5g) auf 2 Liter Trinkwasser f\u00fcr 5-7 aufeinanderfolgende Tage.<\/div>\n<div>Diese Kur kann bei Bedarf nach einigen Tagen wiederholt werden.<\/div>\n<div>Vor Gebrauch gut umr\u00fchren!<\/div>\n<div>Orni Super Mix ist ein wasserl\u00f6sliches Pulver, das auch \u00fcber das Futter verabreicht werden kann.<\/div>\n<div>\n<p>Messl\u00f6ffel 1+5 g enthalten.<\/p>\n<p><i>ORNI SUPER MIX TABS<\/i><br \/>\nVorbeugend: 1 Tablette pro Taube (400-500 g K\u00f6rpergewicht) f\u00fcr 1-2 Tage.<br \/>\nTherapeutisch: 1 Tablette pro Taube (400-500 g K\u00f6rpergewicht) f\u00fcr 3-5 Tage oder nach Anweisung des Tierarztes.<\/p>\n<\/div>\n<h6>Enth\u00e4lt:<\/h6>\n<p><i>ORNI SUPER MIX POWDER<\/i><br \/>\nDoxycyclin Hyclat 6%, Spiramycin Adipat 10%, Metronidazol 10%, Bromhexin HCl 2%, Inaktive Bestandteile bis 100 g.<\/p>\n<p><i>ORNI SUPER MIX TABS<\/i><br \/>\n<i>Doxycyclin Hyclat <\/i><i>102 mg\/g; Spiramycin Adipat <\/i><i>80 mg\/g; Metronidazol <\/i><i>100 mg\/g; Bromhexin HCl <\/i><i>20 mg\/g<\/i><\/p>\n","protected":false},"excerpt":{"rendered":"<p>Indikation: Ornithose, Mykoplasmose, Atemwegserkrankungen und Trichomoniasis. Symptome: Federpicken, Kopfsch\u00fctteln, roter Hals, G\u00e4hnen, entz\u00fcndetes drittes Augenlid (besonders bei jungen Tauben), verschmutzte Nasen, bl\u00e4uliches&hellip;<\/p>\n","protected":false},"featured_media":11250,"template":"","meta":[],"product_cat":[228],"product_tag":[],"class_list":{"0":"post-11249","1":"product","2":"type-product","3":"status-publish","4":"has-post-thumbnail","6":"product_cat-medikamente-fuer-tauben","8":"first","9":"instock","10":"shipping-taxable","11":"product-type-simple"},"_links":{"self":[{"href":"https:\/\/care4birds.bg\/de\/wp-json\/wp\/v2\/product\/11249","targetHints":{"allow":["GET"]}}],"collection":[{"href":"https:\/\/care4birds.bg\/de\/wp-json\/wp\/v2\/product"}],"about":[{"href":"https:\/\/care4birds.bg\/de\/wp-json\/wp\/v2\/types\/product"}],"wp:featuredmedia":[{"embeddable":true,"href":"https:\/\/care4birds.bg\/de\/wp-json\/wp\/v2\/media\/11250"}],"wp:attachment":[{"href":"https:\/\/care4birds.bg\/de\/wp-json\/wp\/v2\/media?parent=11249"}],"wp:term":[{"taxonomy":"product_cat","embeddable":true,"href":"https:\/\/care4birds.bg\/de\/wp-json\/wp\/v2\/product_cat?post=11249"},{"taxonomy":"product_tag","embeddable":true,"href":"https:\/\/care4birds.bg\/de\/wp-json\/wp\/v2\/product_tag?post=11249"}],"curies":[{"name":"wp","href":"https:\/\/api.w.org\/{rel}","templated":true}]}}