{"id":11266,"date":"2025-11-03T11:00:43","date_gmt":"2025-11-03T11:00:43","guid":{"rendered":"https:\/\/care4birds.bg\/product\/respiratory-broncho-mix\/"},"modified":"2026-04-01T07:51:18","modified_gmt":"2026-04-01T07:51:18","slug":"respiratory-broncho-mix","status":"publish","type":"product","link":"https:\/\/care4birds.bg\/de\/produkt\/respiratory-broncho-mix\/","title":{"rendered":"Respiratory Broncho Mix"},"content":{"rendered":"<div>\n<h6>Indikation:<\/h6>\n<\/div>\n<div>Das Atmungssystem kann durch Chlamydien, Mykoplasmen, Bakterien (insbesondere E. coli), Pilze und Viren infiziert werden. Deshalb enth\u00e4lt diese Mischung mehrere Wirkstoffe.<\/div>\n<h6>Symptome:<\/h6>\n<div>Niesen, verminderte Flugaktivit\u00e4t, Verluste bei Rennen, Augen- und Nasenausfluss, geschwollene Wachshaut und Nebenh\u00f6hlen, Strecken des Halses und Schlucken, G\u00e4hnen, schleimiger gr\u00fcner Kot.<\/div>\n<h6>Dosierung:<\/h6>\n<div><i>RESPIRATORY BRONCHO MIX POWDER<\/i><\/div>\n<div>Vorbeugung: 1 Messl\u00f6ffel (=5g) auf 2 Liter Trinkwasser f\u00fcr 1-2 Tage alle 2 Wochen,<\/div>\n<div>vorzugsweise beginnend am Tag nach dem Flug.<\/div>\n<div>Behandlung: 1 Messl\u00f6ffel (=5g) auf 2 Liter Trinkwasser f\u00fcr 5-7 aufeinanderfolgende Tage.<\/div>\n<div>Diese Kur kann bei Bedarf nach einigen Tagen wiederholt werden.<\/div>\n<div>Vor Gebrauch gut umr\u00fchren!<\/div>\n<div>Respiratory Broncho Mix ist ein wasserl\u00f6sliches Pulver, das auch \u00fcber das Futter verabreicht werden kann.<\/div>\n<div>\n<p>Messl\u00f6ffel 1+5 g enthalten.<\/p>\n<p><i>RESPIRATORY BRONCHO TABS<\/i><\/p>\n<\/div>\n<p>Vorbeugend: 1 Tablette pro Taube (400-500 g K\u00f6rpergewicht) f\u00fcr 1-2 Tage.<br \/>\nTherapeutisch: 1 Tablette pro Taube (400-500 g K\u00f6rpergewicht) f\u00fcr 3-5 Tage oder nach Anweisung des Tierarztes.<\/p>\n<h6>Enth\u00e4lt:<\/h6>\n<p><i>RESPIRATORY BRONCHO MIX POWDER<\/i><br \/>\nErythromycin Thioc 3.5%, Neomycin Sulfat 1,0%, Streptomycin Sulfat 3,5%, Futaltadon HCl 6.0%, Oxytetracyclin HCl 5.0%, Vitamine,<br \/>\nInaktive Bestandteile bis 100 g.<\/p>\n<p><i>RESPIRATORY BRONCHO TABS<\/i><br \/>\nLincomycin 250 mg\/g ; Spectinomycin 75 mg\/g<\/p>\n","protected":false},"excerpt":{"rendered":"<p>Indikation: Das Atmungssystem kann durch Chlamydien, Mykoplasmen, Bakterien (insbesondere E. coli), Pilze und Viren infiziert werden. Deshalb enth\u00e4lt diese Mischung mehrere Wirkstoffe.&hellip;<\/p>\n","protected":false},"featured_media":11267,"template":"","meta":[],"product_cat":[228],"product_tag":[],"class_list":{"0":"post-11266","1":"product","2":"type-product","3":"status-publish","4":"has-post-thumbnail","6":"product_cat-medikamente-fuer-tauben","8":"first","9":"instock","10":"shipping-taxable","11":"product-type-simple"},"_links":{"self":[{"href":"https:\/\/care4birds.bg\/de\/wp-json\/wp\/v2\/product\/11266","targetHints":{"allow":["GET"]}}],"collection":[{"href":"https:\/\/care4birds.bg\/de\/wp-json\/wp\/v2\/product"}],"about":[{"href":"https:\/\/care4birds.bg\/de\/wp-json\/wp\/v2\/types\/product"}],"wp:featuredmedia":[{"embeddable":true,"href":"https:\/\/care4birds.bg\/de\/wp-json\/wp\/v2\/media\/11267"}],"wp:attachment":[{"href":"https:\/\/care4birds.bg\/de\/wp-json\/wp\/v2\/media?parent=11266"}],"wp:term":[{"taxonomy":"product_cat","embeddable":true,"href":"https:\/\/care4birds.bg\/de\/wp-json\/wp\/v2\/product_cat?post=11266"},{"taxonomy":"product_tag","embeddable":true,"href":"https:\/\/care4birds.bg\/de\/wp-json\/wp\/v2\/product_tag?post=11266"}],"curies":[{"name":"wp","href":"https:\/\/api.w.org\/{rel}","templated":true}]}}