{"id":11300,"date":"2025-11-03T10:59:27","date_gmt":"2025-11-03T10:59:27","guid":{"rendered":"https:\/\/care4birds.bg\/product\/ronidazole\/"},"modified":"2026-03-31T09:58:50","modified_gmt":"2026-03-31T09:58:50","slug":"ronidazole","status":"publish","type":"product","link":"https:\/\/care4birds.bg\/de\/produkt\/ronidazole\/","title":{"rendered":"Ronidazole"},"content":{"rendered":"<div>\n<h6>Indikation:<\/h6>\n<p>Canker (Trichomoniasis, Hexamitiasis). Ronidazol 10% ist ein Produkt, das besonders wirksam gegen Infektionen durch Trichomonaden und Hexamiten bei Tauben ist. W\u00e4hrend der Rennsaison sind regelm\u00e4\u00dfige Behandlungen gegen diese Infektionen notwendig. Jungtiere mit schweren Darminfektionen durch Hexamiten sind anf\u00e4lliger f\u00fcr eine E-coli-Infektion. Die Sicherheitsmarge ist betr\u00e4chtlich, auch f\u00fcr Jungtiere.\n<\/p><\/div>\n<h6>Symptome:<\/h6>\n<div>Schlechter Zustand, schlechte Verdauung, schlechter Kot, Entz\u00fcndung der Kropfschleimhaut, Komplikationen mit Ornithose, kleine wei\u00dfe bis gelbliche Bereiche in der Mundh\u00f6hle<\/div>\n<h6>Dosierung:<\/h6>\n<div><i>RONIDAZOL 10% PULVER<\/i><br \/>\nVorbeugung: 2 Messl\u00f6ffel (=2g) \/ 1 Liter Trinkwasser f\u00fcr 1 oder 2 Tage, alle 2 Wochen,<\/div>\n<div>vorzugsweise ab dem Tag nach dem Rennen.<\/div>\n<div>Als Behandlung w\u00e4hrend der Rennsaison: 2 Messl\u00f6ffel (=2g) \/ 1 Liter Trinkwasser f\u00fcr<\/div>\n<div>5-7 aufeinanderfolgende Tage. Diese Kur kann bei Bedarf nach einigen Tagen wiederholt werden. Vor Gebrauch gut umr\u00fchren!<\/div>\n<div>Ronidazol ist ein wasserl\u00f6sliches Pulver und kann auch \u00fcber das Futter verabreicht werden.<\/div>\n<div>\nMessl\u00f6ffel 1+5 g enthalten.<\/p>\n<p><i>RONI 15% TABLETTEN<\/i><br \/>\nVorbeugend: 1 Tablette pro Taube (400-500 g K\u00f6rpergewicht) f\u00fcr 1-2 Tage.<br \/>\nKurativ: 1 Tablette pro Taube (400-500 g K\u00f6rpergewicht) f\u00fcr 3-5 Tage oder nach Tierarztanweisung.\n<\/div>\n<h6>Inhalt:<\/h6>\n<div><i>RONIDAZOL 10% PULVER<\/i><br \/>\nRonidazol 10%, Hilfsstoffe q.s. bis 100 g.<i>RONI 15% TABLETTEN<\/i><br \/>\nRonidazol 150 mg\/g\n<\/div>\n","protected":false},"excerpt":{"rendered":"<p>Indikation: Canker (Trichomoniasis, Hexamitiasis). Ronidazol 10% ist ein Produkt, das besonders wirksam gegen Infektionen durch Trichomonaden und Hexamiten bei Tauben ist. W\u00e4hrend&hellip;<\/p>\n","protected":false},"featured_media":11301,"template":"","meta":[],"product_cat":[228],"product_tag":[],"class_list":{"0":"post-11300","1":"product","2":"type-product","3":"status-publish","4":"has-post-thumbnail","6":"product_cat-medikamente-fuer-tauben","8":"first","9":"instock","10":"shipping-taxable","11":"product-type-simple"},"_links":{"self":[{"href":"https:\/\/care4birds.bg\/de\/wp-json\/wp\/v2\/product\/11300","targetHints":{"allow":["GET"]}}],"collection":[{"href":"https:\/\/care4birds.bg\/de\/wp-json\/wp\/v2\/product"}],"about":[{"href":"https:\/\/care4birds.bg\/de\/wp-json\/wp\/v2\/types\/product"}],"wp:featuredmedia":[{"embeddable":true,"href":"https:\/\/care4birds.bg\/de\/wp-json\/wp\/v2\/media\/11301"}],"wp:attachment":[{"href":"https:\/\/care4birds.bg\/de\/wp-json\/wp\/v2\/media?parent=11300"}],"wp:term":[{"taxonomy":"product_cat","embeddable":true,"href":"https:\/\/care4birds.bg\/de\/wp-json\/wp\/v2\/product_cat?post=11300"},{"taxonomy":"product_tag","embeddable":true,"href":"https:\/\/care4birds.bg\/de\/wp-json\/wp\/v2\/product_tag?post=11300"}],"curies":[{"name":"wp","href":"https:\/\/api.w.org\/{rel}","templated":true}]}}