{"id":11317,"date":"2025-11-03T10:58:02","date_gmt":"2025-11-03T10:58:02","guid":{"rendered":"https:\/\/care4birds.bg\/product\/caremycin\/"},"modified":"2026-03-31T09:53:46","modified_gmt":"2026-03-31T09:53:46","slug":"caremycin","status":"publish","type":"product","link":"https:\/\/care4birds.bg\/de\/produkt\/caremycin\/","title":{"rendered":"Caremycin"},"content":{"rendered":"<h6>Indikation:<\/h6>\n<p>Salmonellose (Paratyphus), E-coli, bakterielle Infektionen allgemein<\/p>\n<h6>Dosierung<\/h6>\n<p>Vorbeugung: 5 g Caremycin auf 5 Liter Trinkwasser oder 1 Beutel auf 25 Liter Trinkwasser f\u00fcr 4-5 aufeinanderfolgende Tage.<\/p>\n<p>Behandlung: 5 g Caremycin auf 2,5 Liter Trinkwasser oder 1 Beutel auf 12,5 Liter Trinkwasser f\u00fcr 4-5 aufeinanderfolgende Tage. W\u00e4hrend der Rennsaison: R\u00fcckkehrtag: 5 g Cefamycin auf 2,5 Liter Trinkwasser oder 1 Beutel auf 12,5 Liter Trinkwasser f\u00fcr 1-2 aufeinanderfolgende Tage.<\/p>\n<p>&nbsp;<\/p>\n<h6>Wechselwirkungen: nicht bekannt<\/h6>\n<h6>Gegenanzeigen: Verabreichung mit Bromhexin und \u00dcberdosierung<\/h6>\n<h6>Anwendungshinweise:<\/h6>\n<ul>\n<li>Kranke Tiere in Quarant\u00e4ne setzen<\/li>\n<li>Alle Tiere behandeln, nicht nur die kranken.<\/li>\n<li>Empfohlene Dosis ins Trinkwasser mischen<\/li>\n<li>Sicherstellen, dass w\u00e4hrend der Behandlung kein anderes Wasser verf\u00fcgbar ist<\/li>\n<li>Nach der Behandlung Care 4 Birds MULTIVIT MIX geben (am Tag nach dem letzten Behandlungstag)<\/li>\n<li>Schl\u00e4ge\/Unterk\u00fcnfte mit Care 4 Birds LOFT CLEANER desinfizieren<\/li>\n<li>Am Versandtag nicht verabreichen.<\/li>\n<li>Im Zweifelsfall oder bei anhaltenden Problemen einen Experten konsultieren<\/li>\n<\/ul>\n<h6>HINWEISE: VOR GEBRAUCH ANLEITUNG LESEN.<\/h6>\n<ul>\n<li>Enth\u00e4lt 25 g Tierarzneimittel f\u00fcr V\u00f6gel<\/li>\n<li>Trocken lagern, vor direkter Sonneneinstrahlung sch\u00fctzen, zwischen 0-30 \u00b0C<\/li>\n<li>Begrenzte Haltbarkeit nach dem \u00d6ffnen<\/li>\n<li>Au\u00dfer Reichweite von Kindern aufbewahren.<\/li>\n<li>Nur zur Behandlung von Tieren. Nicht f\u00fcr Tiere, die zur Lebensmittelproduktion bestimmt sind<\/li>\n<li>Kontakt des Arzneimittels mit den H\u00e4nden vermeiden<\/li>\n<li>Das Tierarzneimittel wird gem\u00e4\u00df der Kleintier-Ausnahmeregelung vermarktet<\/li>\n<\/ul>\n<h6>Enth\u00e4lt pro 25 g:<\/h6>\n<p>Chlortetracyclin HCl 3.125 g ; Furaltadon HCl 3.125 g ; Chloramphenicol 2.000 g<\/p>\n","protected":false},"excerpt":{"rendered":"<p>Indikation: Salmonellose (Paratyphus), E-coli, bakterielle Infektionen allgemein Dosierung Vorbeugung: 5 g Caremycin auf 5 Liter Trinkwasser oder 1 Beutel auf 25 Liter&hellip;<\/p>\n","protected":false},"featured_media":11318,"template":"","meta":[],"product_cat":[228],"product_tag":[],"class_list":{"0":"post-11317","1":"product","2":"type-product","3":"status-publish","4":"has-post-thumbnail","6":"product_cat-medikamente-fuer-tauben","8":"first","9":"instock","10":"shipping-taxable","11":"product-type-simple"},"_links":{"self":[{"href":"https:\/\/care4birds.bg\/de\/wp-json\/wp\/v2\/product\/11317","targetHints":{"allow":["GET"]}}],"collection":[{"href":"https:\/\/care4birds.bg\/de\/wp-json\/wp\/v2\/product"}],"about":[{"href":"https:\/\/care4birds.bg\/de\/wp-json\/wp\/v2\/types\/product"}],"wp:featuredmedia":[{"embeddable":true,"href":"https:\/\/care4birds.bg\/de\/wp-json\/wp\/v2\/media\/11318"}],"wp:attachment":[{"href":"https:\/\/care4birds.bg\/de\/wp-json\/wp\/v2\/media?parent=11317"}],"wp:term":[{"taxonomy":"product_cat","embeddable":true,"href":"https:\/\/care4birds.bg\/de\/wp-json\/wp\/v2\/product_cat?post=11317"},{"taxonomy":"product_tag","embeddable":true,"href":"https:\/\/care4birds.bg\/de\/wp-json\/wp\/v2\/product_tag?post=11317"}],"curies":[{"name":"wp","href":"https:\/\/api.w.org\/{rel}","templated":true}]}}