{"id":11335,"date":"2025-11-03T10:57:19","date_gmt":"2025-11-03T10:57:19","guid":{"rendered":"https:\/\/care4birds.bg\/product\/tricho-magic\/"},"modified":"2026-03-31T09:42:46","modified_gmt":"2026-03-31T09:42:46","slug":"tricho-magic","status":"publish","type":"product","link":"https:\/\/care4birds.bg\/de\/produkt\/tricho-magic\/","title":{"rendered":"Tricho Magic"},"content":{"rendered":"<div>\n<h6>Indikation:<\/h6>\n<p>Canker (Trichomoniasis, Hexamitiasis). Tricho Magic ist ein Produkt, das besonders wirksam gegen Infektionen durch Trichomonaden und Hexamiten bei Tauben ist. W\u00e4hrend der Rennsaison sind regelm\u00e4\u00dfige Behandlungen gegen diese Infektionen notwendig. Jungtiere mit schweren Darminfektionen durch Hexamiten sind anf\u00e4lliger f\u00fcr eine unangenehme E-coli-Infektion. Die Sicherheitsmarge ist betr\u00e4chtlich\n<\/p><\/div>\n<div>auch f\u00fcr Jungtiere.<\/div>\n<h6>Symptome:<\/h6>\n<div>Schlechter Zustand, schlechte Rennergebnisse, gelbe Ablagerungen im Rachen und Schnabel, mehr Schleim als normal, roter Rachen, erh\u00f6hte Wasseraufnahme (&#8222;nasse Nester&#8220;).<\/div>\n<h6>Dosierung:<\/h6>\n<div><i>TRICHO MAGIC PULVER<\/i><br \/>\nVorbeugung: 2 Messl\u00f6ffel (=2g) \/ 1 Liter Trinkwasser f\u00fcr 1 oder 2 Tage, alle 2 Wochen, vorzugsweise ab dem Tag nach dem Rennen.<\/div>\n<div>Behandlung w\u00e4hrend der Rennsaison: 2 Messl\u00f6ffel (=2g) \/ 1 Liter Trinkwasser f\u00fcr<\/div>\n<div>5-7 aufeinanderfolgende Tage. Diese Kur kann bei Bedarf nach einigen Tagen wiederholt werden. Vor Gebrauch gut umr\u00fchren!<\/div>\n<div>Tricho Magic ist ein wasserl\u00f6sliches Pulver und kann auch \u00fcber das Futter verabreicht werden.<\/div>\n<div>\nMessl\u00f6ffel 1+5 g enthalten.<\/p>\n<p><i>TRICHO MAGIC TABLETTEN<\/i><br \/>\nVorbeugend: 1 Tablette pro Taube (400-500 g K\u00f6rpergewicht) f\u00fcr 1-2 Tage.<br \/>\nKurativ: 1 Tablette pro Taube (400-500 g K\u00f6rpergewicht) f\u00fcr 3-5 Tage oder nach Tierarztanweisung.\n<\/div>\n<h6>Inhalt:<\/h6>\n<div><i>TRICHO MAGIC PULVER<\/i><br \/>\nRonidazol 8%, Metronidazol 10%, Hilfsstoffe q.s. bis 100 g.<i>TRICHO MAGIC TABLETTEN<\/i><br \/>\nCarnidazol 40 mg\/g<\/div>\n","protected":false},"excerpt":{"rendered":"<p>Indikation: Canker (Trichomoniasis, Hexamitiasis). Tricho Magic ist ein Produkt, das besonders wirksam gegen Infektionen durch Trichomonaden und Hexamiten bei Tauben ist. W\u00e4hrend&hellip;<\/p>\n","protected":false},"featured_media":11336,"template":"","meta":[],"product_cat":[228],"product_tag":[],"class_list":{"0":"post-11335","1":"product","2":"type-product","3":"status-publish","4":"has-post-thumbnail","6":"product_cat-medikamente-fuer-tauben","8":"first","9":"instock","10":"shipping-taxable","11":"product-type-simple"},"_links":{"self":[{"href":"https:\/\/care4birds.bg\/de\/wp-json\/wp\/v2\/product\/11335","targetHints":{"allow":["GET"]}}],"collection":[{"href":"https:\/\/care4birds.bg\/de\/wp-json\/wp\/v2\/product"}],"about":[{"href":"https:\/\/care4birds.bg\/de\/wp-json\/wp\/v2\/types\/product"}],"wp:featuredmedia":[{"embeddable":true,"href":"https:\/\/care4birds.bg\/de\/wp-json\/wp\/v2\/media\/11336"}],"wp:attachment":[{"href":"https:\/\/care4birds.bg\/de\/wp-json\/wp\/v2\/media?parent=11335"}],"wp:term":[{"taxonomy":"product_cat","embeddable":true,"href":"https:\/\/care4birds.bg\/de\/wp-json\/wp\/v2\/product_cat?post=11335"},{"taxonomy":"product_tag","embeddable":true,"href":"https:\/\/care4birds.bg\/de\/wp-json\/wp\/v2\/product_tag?post=11335"}],"curies":[{"name":"wp","href":"https:\/\/api.w.org\/{rel}","templated":true}]}}