{"id":11352,"date":"2025-11-03T10:55:55","date_gmt":"2025-11-03T10:55:55","guid":{"rendered":"https:\/\/care4birds.bg\/product\/fungi-stop\/"},"modified":"2026-03-31T09:29:51","modified_gmt":"2026-03-31T09:29:51","slug":"fungi-stop","status":"publish","type":"product","link":"https:\/\/care4birds.bg\/de\/produkt\/fungi-stop\/","title":{"rendered":"Fungi Stop"},"content":{"rendered":"<div>\n<h6>Indikation:<\/h6>\n<p>F\u00fcr Taubenz\u00fcchter ist wichtig, dass einige Pilzarten gerne auf Getreide wachsen. Schlechte Hygiene kann auch Hefepilze verbreiten. Die meisten gesunden V\u00f6gel sind nicht betroffen, aber \u00e4ltere, kranke und gestresste V\u00f6gel entwickeln h\u00e4ufig Hefepilzinfektionen. Diese Sekund\u00e4rinfektionen belasten das bereits geschw\u00e4chte Immunsystem und st\u00f6ren den Heilungsprozess.\n<\/p><\/div>\n<h6>Symptome:<\/h6>\n<div>Aufgeplustertes Gefieder, wenig Appetit, Erbrechen, geschwollener Kropf, Atembeschwerden, oft kombiniert mit Durchfall<\/div>\n<h6>Dosierung:<\/h6>\n<div><i>FUNGI STOP PULVER<\/i><br \/>\nDosierung Futter: V\u00f6gel allgemein: 5 g \/ 500 g Futter, zweimal t\u00e4glich, 5 bis 7 Tage.<\/div>\n<div>Dosierung Trinkwasser: V\u00f6gel allgemein: 5 g \/ 1 L Trinkwasser, zweimal t\u00e4glich, 5 bis 7 Tage.<\/div>\n<div>Vor Gebrauch gut umr\u00fchren!<\/div>\n<div>Zur Vorbeugung geben Sie Ihren V\u00f6geln t\u00e4glich Zitronens\u00e4ure 5 ml pro 1 Liter Trinkwasser.<\/div>\n<div>\nMessl\u00f6ffel 1+5 g enthalten.<\/p>\n<p><i>FUNGI STOP TABLETTEN<\/i><br \/>\nKurativ: 1 Tablette pro Taube (400-500 g K\u00f6rpergewicht) f\u00fcr 3-5 aufeinanderfolgende Tage oder nach Tierarztanweisung.\n<\/div>\n<h6>Inhalt:<\/h6>\n<p><i>FUNGI STOP PULVER<\/i><br \/>\n200.000 I.E. Nystatin pro Gramm. Hilfsstoffe q.s. bis 100 g.<\/p>\n<p><i>FUNGI STOP TABLETTEN<\/i><br \/>\nKetoconazol 75 mg\/g<\/p>\n","protected":false},"excerpt":{"rendered":"<p>Indikation: F\u00fcr Taubenz\u00fcchter ist wichtig, dass einige Pilzarten gerne auf Getreide wachsen. Schlechte Hygiene kann auch Hefepilze verbreiten. Die meisten gesunden V\u00f6gel&hellip;<\/p>\n","protected":false},"featured_media":11353,"template":"","meta":[],"product_cat":[228],"product_tag":[],"class_list":{"0":"post-11352","1":"product","2":"type-product","3":"status-publish","4":"has-post-thumbnail","6":"product_cat-medikamente-fuer-tauben","8":"first","9":"instock","10":"shipping-taxable","11":"product-type-simple"},"_links":{"self":[{"href":"https:\/\/care4birds.bg\/de\/wp-json\/wp\/v2\/product\/11352","targetHints":{"allow":["GET"]}}],"collection":[{"href":"https:\/\/care4birds.bg\/de\/wp-json\/wp\/v2\/product"}],"about":[{"href":"https:\/\/care4birds.bg\/de\/wp-json\/wp\/v2\/types\/product"}],"wp:featuredmedia":[{"embeddable":true,"href":"https:\/\/care4birds.bg\/de\/wp-json\/wp\/v2\/media\/11353"}],"wp:attachment":[{"href":"https:\/\/care4birds.bg\/de\/wp-json\/wp\/v2\/media?parent=11352"}],"wp:term":[{"taxonomy":"product_cat","embeddable":true,"href":"https:\/\/care4birds.bg\/de\/wp-json\/wp\/v2\/product_cat?post=11352"},{"taxonomy":"product_tag","embeddable":true,"href":"https:\/\/care4birds.bg\/de\/wp-json\/wp\/v2\/product_tag?post=11352"}],"curies":[{"name":"wp","href":"https:\/\/api.w.org\/{rel}","templated":true}]}}