{"id":11369,"date":"2025-11-03T10:54:21","date_gmt":"2025-11-03T10:54:21","guid":{"rendered":"https:\/\/care4birds.bg\/product\/combi-mix\/"},"modified":"2026-03-31T09:00:46","modified_gmt":"2026-03-31T09:00:46","slug":"combi-mix","status":"publish","type":"product","link":"https:\/\/care4birds.bg\/de\/produkt\/combi-mix\/","title":{"rendered":"Combi Mix"},"content":{"rendered":"<div>\n<h6>Indikation:<\/h6>\n<p>Combi Mix 4 in 1 eignet sich hervorragend zur Behandlung von Trichomonaden, Hexamiten, Kokzidiose und Schleim im Rachen. W\u00e4hrend der Rennsaison ist es wichtig, dass sich die Tauben in optimalem Zustand befinden, damit sie ihre Leistung voll erbringen k\u00f6nnen. Combi Mix 4 in 1 hilft dabei und kann sowohl vorbeugend als auch kurativ eingesetzt werden.\n<\/p><\/div>\n<h6>Symptome:<\/h6>\n<div>Schlechter Allgemeinzustand, gest\u00f6rte Verdauung, fl\u00fcssiger und w\u00e4ssriger Kot. Der Rachen enth\u00e4lt mehr Schleim als normal und ist r\u00f6tlich gef\u00e4rbt, kleine wei\u00dfe bis gelbliche Bereiche im Mundraum sowie Atemprobleme.<\/div>\n<h6>Dosierung:<\/h6>\n<div><i>COMBI MIX 4 IN 1 PULVER<\/i><br \/>\nVorbeugung: 1 Messl\u00f6ffel (=5g) auf 2 Liter Trinkwasser f\u00fcr 1 oder 2 Tage alle 2 Wochen, vorzugsweise ab dem Tag nach dem Rennen. Vor Gebrauch gut umr\u00fchren!<\/div>\n<div>Als Behandlung: 1 Messl\u00f6ffel (=5g) auf 2 Liter Trinkwasser f\u00fcr 5-7 aufeinanderfolgende Tage.<\/div>\n<div>Diese Kur kann bei Bedarf nach einigen Tagen wiederholt werden.<\/div>\n<div>Combi Mix 4 in 1 ist ein wasserl\u00f6sliches Pulver und kann auch \u00fcber das Futter verabreicht werden.<\/div>\n<div>\nMessl\u00f6ffel 1+5 g enthalten.<\/p>\n<p><i>COMBI TABLETTEN<\/i><br \/>\nVorbeugend: 1 Tablette pro Taube (400-500 g K\u00f6rpergewicht) f\u00fcr 1-2 Tage.<br \/>\nKurativ: 1 Tablette pro Taube (400-500 g K\u00f6rpergewicht) f\u00fcr 3-5 Tage oder nach tier\u00e4rztlicher Anweisung.\n<\/div>\n<h6>Inhaltsstoffe:<\/h6>\n<p><i>COMBI MIX PULVER:<\/i><br \/>\nAmprolium 10%, Secnidazol 15%, Hilfsstoffe q.s. bis 100 g.<\/p>\n<p><i>COMBI TABLETTEN<\/i><br \/>\nAmprolium HCl 96 mg\/g; Dimetridazol HCl 50 mg\/g<\/p>\n","protected":false},"excerpt":{"rendered":"<p>Indikation: Combi Mix 4 in 1 eignet sich hervorragend zur Behandlung von Trichomonaden, Hexamiten, Kokzidiose und Schleim im Rachen. W\u00e4hrend der Rennsaison&hellip;<\/p>\n","protected":false},"featured_media":11370,"template":"","meta":[],"product_cat":[228],"product_tag":[],"class_list":{"0":"post-11369","1":"product","2":"type-product","3":"status-publish","4":"has-post-thumbnail","6":"product_cat-medikamente-fuer-tauben","8":"first","9":"instock","10":"shipping-taxable","11":"product-type-simple"},"_links":{"self":[{"href":"https:\/\/care4birds.bg\/de\/wp-json\/wp\/v2\/product\/11369","targetHints":{"allow":["GET"]}}],"collection":[{"href":"https:\/\/care4birds.bg\/de\/wp-json\/wp\/v2\/product"}],"about":[{"href":"https:\/\/care4birds.bg\/de\/wp-json\/wp\/v2\/types\/product"}],"wp:featuredmedia":[{"embeddable":true,"href":"https:\/\/care4birds.bg\/de\/wp-json\/wp\/v2\/media\/11370"}],"wp:attachment":[{"href":"https:\/\/care4birds.bg\/de\/wp-json\/wp\/v2\/media?parent=11369"}],"wp:term":[{"taxonomy":"product_cat","embeddable":true,"href":"https:\/\/care4birds.bg\/de\/wp-json\/wp\/v2\/product_cat?post=11369"},{"taxonomy":"product_tag","embeddable":true,"href":"https:\/\/care4birds.bg\/de\/wp-json\/wp\/v2\/product_tag?post=11369"}],"curies":[{"name":"wp","href":"https:\/\/api.w.org\/{rel}","templated":true}]}}