{"id":11386,"date":"2025-11-03T10:52:56","date_gmt":"2025-11-03T10:52:56","guid":{"rendered":"https:\/\/care4birds.bg\/product\/intestinal\/"},"modified":"2026-03-30T09:31:07","modified_gmt":"2026-03-30T09:31:07","slug":"intestinal","status":"publish","type":"product","link":"https:\/\/care4birds.bg\/de\/produkt\/intestinal\/","title":{"rendered":"Intestinal"},"content":{"rendered":"<div>\n<h6>Anwendungsgebiet:<\/h6>\n<\/div>\n<div>Adeno-Coli-Syndrom, Kokzidiose, Trichomoniasis und bakterielle Infektionen allgemein. Diese Mischung enth\u00e4lt eine Kombination aktiver Bestandteile, die gegen das Adeno\/E-coli-Syndrom und Kokzidiose wirksam sind. Das Adeno\/E-coli-Syndrom tritt h\u00e4ufig in jungen Taubenbest\u00e4nden auf und kann sehr sch\u00e4dlich sein. Eine fr\u00fche Behandlung ist wichtig.<\/div>\n<h6>Symptome:<\/h6>\n<div>Gewichts- und Konditionsverlust, Erbrechen, schleimiger und gr\u00fcner Kot, Tod.<\/div>\n<h6>Dosierung:<\/h6>\n<div><i>DARM-PULVER<\/i><br \/>\nVorbeugung: 1 Messl\u00f6ffel (=5 g) auf 2 Liter Trinkwasser f\u00fcr 1 oder 2 Tage alle 2 Wochen,<\/div>\n<div>vorzugsweise beginnend am Tag nach dem Rennen.<\/div>\n<div>Behandlung: 1 Messl\u00f6ffel (=5 g) auf 2 Liter Trinkwasser f\u00fcr 5\u20137 aufeinanderfolgende Tage.<\/div>\n<div>Gut umr\u00fchren vor Gebrauch!<\/div>\n<div>Diese Kur kann bei Bedarf nach einigen Tagen wiederholt werden.<\/div>\n<div>Intestinal ist ein wasserl\u00f6sliches Pulver, das auch \u00fcber das Futter verabreicht werden kann.<\/div>\n<div>\nMessl\u00f6ffel 1+5 g enthalten.<\/p>\n<p><i>DARM-TABLETTEN<\/i><br \/>\nVorbeugend: 1 Tablette pro Taube (400\u2013500 g K\u00f6rpergewicht) f\u00fcr 1\u20132 aufeinanderfolgende Tage.<br \/>\nKurativ: 1 Tablette pro Taube (400\u2013500 g K\u00f6rpergewicht) f\u00fcr 3\u20135 aufeinanderfolgende Tage oder nach Tierarztanweisung.\n<\/div>\n<h6>Inhalt:<\/h6>\n<div><i>DARM-PULVER<\/i><br \/>\nTrimethoprim 2,5 %, Natriumsulfadiazin 12,5 %, Furaltadon HCl 5 %, Ronidazol 5 %, Hilfsstoffe q.s. bis 100 g.<\/div>\n<div><i>DARM-TABLETTEN<\/i><br \/>\nTrimethoprim 37,5 mg\/g; Sulfamethoxazol 187,5 mg\/g<\/div>\n","protected":false},"excerpt":{"rendered":"<p>Anwendungsgebiet: Adeno-Coli-Syndrom, Kokzidiose, Trichomoniasis und bakterielle Infektionen allgemein. Diese Mischung enth\u00e4lt eine Kombination aktiver Bestandteile, die gegen das Adeno\/E-coli-Syndrom und Kokzidiose wirksam&hellip;<\/p>\n","protected":false},"featured_media":11387,"template":"","meta":[],"product_cat":[228],"product_tag":[],"class_list":{"0":"post-11386","1":"product","2":"type-product","3":"status-publish","4":"has-post-thumbnail","6":"product_cat-medikamente-fuer-tauben","8":"first","9":"instock","10":"shipping-taxable","11":"product-type-simple"},"_links":{"self":[{"href":"https:\/\/care4birds.bg\/de\/wp-json\/wp\/v2\/product\/11386","targetHints":{"allow":["GET"]}}],"collection":[{"href":"https:\/\/care4birds.bg\/de\/wp-json\/wp\/v2\/product"}],"about":[{"href":"https:\/\/care4birds.bg\/de\/wp-json\/wp\/v2\/types\/product"}],"wp:featuredmedia":[{"embeddable":true,"href":"https:\/\/care4birds.bg\/de\/wp-json\/wp\/v2\/media\/11387"}],"wp:attachment":[{"href":"https:\/\/care4birds.bg\/de\/wp-json\/wp\/v2\/media?parent=11386"}],"wp:term":[{"taxonomy":"product_cat","embeddable":true,"href":"https:\/\/care4birds.bg\/de\/wp-json\/wp\/v2\/product_cat?post=11386"},{"taxonomy":"product_tag","embeddable":true,"href":"https:\/\/care4birds.bg\/de\/wp-json\/wp\/v2\/product_tag?post=11386"}],"curies":[{"name":"wp","href":"https:\/\/api.w.org\/{rel}","templated":true}]}}