{"id":11420,"date":"2025-11-03T10:51:24","date_gmt":"2025-11-03T10:51:24","guid":{"rendered":"https:\/\/care4birds.bg\/product\/general-care\/"},"modified":"2026-03-30T08:54:31","modified_gmt":"2026-03-30T08:54:31","slug":"general-care","status":"publish","type":"product","link":"https:\/\/care4birds.bg\/de\/produkt\/general-care\/","title":{"rendered":"General Care"},"content":{"rendered":"<div>\n<h6>Indikation:<\/h6>\n<p>Kanker (Trichomoniasis, Hexamitiasis), Paratyphus, E-coli und bakterielle Infektionen im Allgemeinen.\n<\/p><\/div>\n<h6>Symptoms:<\/h6>\n<div>Gewichts- und Allgemeinzustandsverlust, schleimiger gr\u00fcner Kot, geschwollene Beine- und Fl\u00fcgelgelenke, unfruchtbare Eier, gelegentlich verdrehter Hals, Jungtaubenkrankheit, pl\u00f6tzlicher Tod.<\/div>\n<h6>Dosage:<\/h6>\n<div><i>GENERAL CARE POWDER<\/i><br \/>\nVorbeugung: 1 Messl\u00f6ffel (=5g) auf 2 Liter Trinkwasser f\u00fcr 1 oder 2 Tage alle 2 Wochen,<\/div>\n<div>vorzugsweise beginnend am Tag nach dem Rennen.<\/div>\n<div>Behandlung: 1 Messl\u00f6ffel (=5g) auf 2 Liter Trinkwasser f\u00fcr 5-7 aufeinanderfolgende Tage.<\/div>\n<div>Diese Kur kann bei Bedarf nach einigen Tagen wiederholt werden. Vor Gebrauch gut sch\u00fctteln!<\/div>\n<div>General Care ist ein wasserl\u00f6sliches Pulver, das auch \u00fcber das Futter verabreicht werden kann.<\/div>\n<div>\n<p>Messl\u00f6ffel 1+5 g enthalten.<\/p>\n<p><i>GENRAL CARE TABS<\/i><br \/>\nVorbeugend: 1 Tablette pro Taube (400-500 g K\u00f6rpergewicht) f\u00fcr 1-2 aufeinanderfolgende Tage.<br \/>\nKurativ: 1 Tablette pro Taube (400-500 g K\u00f6rpergewicht) f\u00fcr 3-5 aufeinanderfolgende Tage oder nach tier\u00e4rztlicher Anweisung.\n<\/div>\n<h6>Contains:<\/h6>\n<div><i>GENERAL CARE POWDER<\/i><br \/>\nFuraltadon HCI 12%, Metronidazol 20%, Chlortetracyclin HCI 10%, Hilfsstoffe q.s. bis 100 g.<i>GENERAL CARE TABS<\/i><br \/>\nFuraltadon HCl 75 mg\/g; Ronidazol 25 mg\/g<\/div>\n","protected":false},"excerpt":{"rendered":"<p>Indikation: Kanker (Trichomoniasis, Hexamitiasis), Paratyphus, E-coli und bakterielle Infektionen im Allgemeinen. Symptoms: Gewichts- und Allgemeinzustandsverlust, schleimiger gr\u00fcner Kot, geschwollene Beine- und Fl\u00fcgelgelenke,&hellip;<\/p>\n","protected":false},"featured_media":11421,"template":"","meta":[],"product_cat":[228],"product_tag":[],"class_list":{"0":"post-11420","1":"product","2":"type-product","3":"status-publish","4":"has-post-thumbnail","6":"product_cat-medikamente-fuer-tauben","8":"first","9":"instock","10":"shipping-taxable","11":"product-type-simple"},"_links":{"self":[{"href":"https:\/\/care4birds.bg\/de\/wp-json\/wp\/v2\/product\/11420","targetHints":{"allow":["GET"]}}],"collection":[{"href":"https:\/\/care4birds.bg\/de\/wp-json\/wp\/v2\/product"}],"about":[{"href":"https:\/\/care4birds.bg\/de\/wp-json\/wp\/v2\/types\/product"}],"wp:featuredmedia":[{"embeddable":true,"href":"https:\/\/care4birds.bg\/de\/wp-json\/wp\/v2\/media\/11421"}],"wp:attachment":[{"href":"https:\/\/care4birds.bg\/de\/wp-json\/wp\/v2\/media?parent=11420"}],"wp:term":[{"taxonomy":"product_cat","embeddable":true,"href":"https:\/\/care4birds.bg\/de\/wp-json\/wp\/v2\/product_cat?post=11420"},{"taxonomy":"product_tag","embeddable":true,"href":"https:\/\/care4birds.bg\/de\/wp-json\/wp\/v2\/product_tag?post=11420"}],"curies":[{"name":"wp","href":"https:\/\/api.w.org\/{rel}","templated":true}]}}