{"id":11437,"date":"2025-11-03T10:49:37","date_gmt":"2025-11-03T10:49:37","guid":{"rendered":"https:\/\/care4birds.bg\/product\/coli-stop\/"},"modified":"2026-03-30T08:44:57","modified_gmt":"2026-03-30T08:44:57","slug":"coli-stop","status":"publish","type":"product","link":"https:\/\/care4birds.bg\/de\/produkt\/coli-stop\/","title":{"rendered":"Coli Stop"},"content":{"rendered":"<h6>Indikation:<\/h6>\n<div>E-Coli, Paratyphus, Streptokokken, Staphylokokken und allgemeine bakterielle Infektionen.<\/div>\n<h6>Symptome:<\/h6>\n<div>Appetitlosigkeit, langsame Kropfentleerung, Gewichtsverlust, Erbrechen, braun-gr\u00fcner w\u00e4ssriger oder schleimiger Kot, pl\u00f6tzlicher Tod.<\/div>\n<h6>Dosierung:<\/h6>\n<div><i>COLI STOP POWDER:<\/i><br \/>\nVorbeugung: 1 Messl\u00f6ffel (=5 g) auf 2 Liter Trinkwasser f\u00fcr 1 oder 2 Tage alle 2 Wochen,<\/div>\n<div>vorzugsweise beginnend am Tag nach dem Rennen.<\/div>\n<div>Behandlung: 1 Messl\u00f6ffel (=5 g) auf 2 Liter Trinkwasser f\u00fcr 5-7 aufeinanderfolgende Tage.<\/div>\n<div>Diese Kur kann bei Bedarf nach einigen Tagen wiederholt werden.<\/div>\n<div>Coli Stop ist ein wasserl\u00f6sliches Pulver, das auch \u00fcber das Futter verabreicht werden kann.<\/div>\n<div>\n<p>Messl\u00f6ffel 1+5 g enthalten.<\/p>\n<p><i>COLI STOP TABS:<\/i><br \/>\nVorbeugend: 1 Tablette pro Taube (400-500 g K\u00f6rpergewicht) f\u00fcr 1-2 aufeinanderfolgende Tage.<br \/>\nTherapeutisch: 1 Tablette pro Taube (400-500 g K\u00f6rpergewicht) f\u00fcr 3-5 aufeinanderfolgende Tage oder nach tier\u00e4rztlicher Anweisung.<\/p>\n<\/div>\n<h6>Enth\u00e4lt:<\/h6>\n<div><i>COLI STOP POWDER:<\/i><br \/>\nStreptomycinsulfat 13,9%, Neomycinsulfat 4%, Colistinsulfat 2%. Hilfsstoffe q.s. bis 100 g.<\/div>\n<div><i>COLI STOP TABS<\/i><br \/>\nNeomycinsulfat 5,0 mg\/g; Streptomycinsulfat 17,4 mg\/g; Colistinsulfat 2,5 mg\/g<\/div>\n","protected":false},"excerpt":{"rendered":"<p>Indikation: E-Coli, Paratyphus, Streptokokken, Staphylokokken und allgemeine bakterielle Infektionen. Symptome: Appetitlosigkeit, langsame Kropfentleerung, Gewichtsverlust, Erbrechen, braun-gr\u00fcner w\u00e4ssriger oder schleimiger Kot, pl\u00f6tzlicher Tod.&hellip;<\/p>\n","protected":false},"featured_media":11438,"template":"","meta":[],"product_cat":[228],"product_tag":[],"class_list":{"0":"post-11437","1":"product","2":"type-product","3":"status-publish","4":"has-post-thumbnail","6":"product_cat-medikamente-fuer-tauben","8":"first","9":"instock","10":"shipping-taxable","11":"product-type-simple"},"_links":{"self":[{"href":"https:\/\/care4birds.bg\/de\/wp-json\/wp\/v2\/product\/11437","targetHints":{"allow":["GET"]}}],"collection":[{"href":"https:\/\/care4birds.bg\/de\/wp-json\/wp\/v2\/product"}],"about":[{"href":"https:\/\/care4birds.bg\/de\/wp-json\/wp\/v2\/types\/product"}],"wp:featuredmedia":[{"embeddable":true,"href":"https:\/\/care4birds.bg\/de\/wp-json\/wp\/v2\/media\/11438"}],"wp:attachment":[{"href":"https:\/\/care4birds.bg\/de\/wp-json\/wp\/v2\/media?parent=11437"}],"wp:term":[{"taxonomy":"product_cat","embeddable":true,"href":"https:\/\/care4birds.bg\/de\/wp-json\/wp\/v2\/product_cat?post=11437"},{"taxonomy":"product_tag","embeddable":true,"href":"https:\/\/care4birds.bg\/de\/wp-json\/wp\/v2\/product_tag?post=11437"}],"curies":[{"name":"wp","href":"https:\/\/api.w.org\/{rel}","templated":true}]}}