{"id":11472,"date":"2025-11-03T10:44:11","date_gmt":"2025-11-03T10:44:11","guid":{"rendered":"https:\/\/care4birds.bg\/product\/endo-ecto-drops\/"},"modified":"2026-03-30T08:14:22","modified_gmt":"2026-03-30T08:14:22","slug":"endo-ecto-drops","status":"publish","type":"product","link":"https:\/\/care4birds.bg\/de\/produkt\/endo-ecto-drops\/","title":{"rendered":"Endo-ecto drops"},"content":{"rendered":"<h6>Indikation:<\/h6>\n<div>Zur Vorbeugung und Behandlung von L\u00e4usen, Milben und Wurminfektionen.<\/div>\n<h6>Gegenanzeigen:<\/h6>\n<div>\u00dcberdosierung, nicht w\u00e4hrend der Mauser und nicht bei V\u00f6geln unter 14 Tagen anwenden.<\/div>\n<h6>Wechselwirkungen:<\/h6>\n<div>In dieser Dosierung nicht bekannt<\/div>\n<h6>Zusammensetzung:<\/h6>\n<div>Ivermectin 0,3%, Hilfsstoffe q.s. bis 10 ml.<\/div>\n<div><\/div>\n<h6>Inhalt:<\/h6>\n<div>10 ml L\u00f6sung zur lokalen Behandlung (Tropfer) f\u00fcr Tauben und V\u00f6gel von 250 bis 3000 g Lebendgewicht.<\/div>\n<h6>Dosierung:<\/h6>\n<div>Am Hals, auf die nackte Haut: 1 Tropfen pro 200 g Lebendgewicht, 2 Tropfen pro 500 g Lebendgewicht<\/div>\n<div>Falls n\u00f6tig, Behandlung nach 4-6 Wochen wiederholen oder nach tier\u00e4rztlicher Anweisung.<\/div>\n<div>Dosierung f\u00fcr das Badewasser: 40 Tropfen auf 10 Liter Badewasser.<\/div>\n","protected":false},"excerpt":{"rendered":"<p>Indikation: Zur Vorbeugung und Behandlung von L\u00e4usen, Milben und Wurminfektionen. Gegenanzeigen: \u00dcberdosierung, nicht w\u00e4hrend der Mauser und nicht bei V\u00f6geln unter 14&hellip;<\/p>\n","protected":false},"featured_media":11473,"template":"","meta":[],"product_cat":[228],"product_tag":[],"class_list":{"0":"post-11472","1":"product","2":"type-product","3":"status-publish","4":"has-post-thumbnail","6":"product_cat-medikamente-fuer-tauben","8":"first","9":"instock","10":"shipping-taxable","11":"product-type-simple"},"_links":{"self":[{"href":"https:\/\/care4birds.bg\/de\/wp-json\/wp\/v2\/product\/11472","targetHints":{"allow":["GET"]}}],"collection":[{"href":"https:\/\/care4birds.bg\/de\/wp-json\/wp\/v2\/product"}],"about":[{"href":"https:\/\/care4birds.bg\/de\/wp-json\/wp\/v2\/types\/product"}],"wp:featuredmedia":[{"embeddable":true,"href":"https:\/\/care4birds.bg\/de\/wp-json\/wp\/v2\/media\/11473"}],"wp:attachment":[{"href":"https:\/\/care4birds.bg\/de\/wp-json\/wp\/v2\/media?parent=11472"}],"wp:term":[{"taxonomy":"product_cat","embeddable":true,"href":"https:\/\/care4birds.bg\/de\/wp-json\/wp\/v2\/product_cat?post=11472"},{"taxonomy":"product_tag","embeddable":true,"href":"https:\/\/care4birds.bg\/de\/wp-json\/wp\/v2\/product_tag?post=11472"}],"curies":[{"name":"wp","href":"https:\/\/api.w.org\/{rel}","templated":true}]}}