{"id":11490,"date":"2025-11-03T10:20:24","date_gmt":"2025-11-03T10:20:24","guid":{"rendered":"https:\/\/care4birds.bg\/product\/salmo-stop\/"},"modified":"2026-03-30T08:04:24","modified_gmt":"2026-03-30T08:04:24","slug":"salmo-stop","status":"publish","type":"product","link":"https:\/\/care4birds.bg\/de\/produkt\/salmo-stop\/","title":{"rendered":"Salmo-Stop"},"content":{"rendered":"<div>\n<h6>Indikation:<\/h6>\n<p>Salmonellen (Paratyphus), E. Coli und bakterielle Infektionen.<\/p>\n<\/div>\n<h6>Symptome:<\/h6>\n<div>Durchfall (gr\u00fcner Durchfall und einige V\u00f6gel erbrechen), langsame Kropfentleerung, infekti\u00f6se Arthritis (Lahmheit oder h\u00e4ngender Fl\u00fcgel), subkutane Abszesse (meist unter dem Auge als kleine Schwellung mit hartem, gelbem und trockenem Eiter), Unfruchtbarkeit, pl\u00f6tzlicher Tod<\/div>\n<h6>Dosierung:<\/h6>\n<div><i>SALMO STOP POWDER<\/i><br \/>\nVorbeugung: 1 Messl\u00f6ffel (=5 g) auf 2 Liter Trinkwasser f\u00fcr 1 oder 2 Tage alle 2 Wochen, vorzugsweise<\/div>\n<div>beginnend am Tag nach dem Rennen.<\/div>\n<div>Behandlung: 1 Messl\u00f6ffel (=5 g) auf 2 Liter Trinkwasser f\u00fcr 5-7 aufeinanderfolgende Tage.<\/div>\n<div>Diese Kur kann bei Bedarf nach einigen Tagen wiederholt werden. Vor Gebrauch gut umr\u00fchren!<\/div>\n<div>Salmo Stop ist ein wasserl\u00f6sliches Pulver, das auch \u00fcber das Futter verabreicht werden kann.<\/div>\n<div>\n<p>Messl\u00f6ffel 1+5 g enthalten.<\/p>\n<p><i>SALMO STOP TABS<\/i><br \/>\nVorbeugend: 1 Tablette pro Taube (400-500 g K\u00f6rpergewicht) f\u00fcr 1-2 aufeinanderfolgende Tage.<br \/>\nTherapeutisch: 1 Tablette pro Taube (400-500 g K\u00f6rpergewicht) f\u00fcr 3-5 aufeinanderfolgende Tage oder nach tier\u00e4rztlicher Anweisung.<\/p>\n<\/div>\n<h6>Enth\u00e4lt:<\/h6>\n<div><i>SALMO STOP POWDER<\/i><br \/>\nFuraltadon HCI 12,5%, Chlortetracyclin HCl 12,5%, Chloramphenicol 8%. Inaktive Bestandteile q.s. bis 100 g<br \/>\n<i>SALMO STOP TABS<\/i><br \/>\nChlortetracyclin HCl 78 mg\/g; Furaltadon HCl 80 mg\/g; Chloramphenicol 50 mg\/g;<\/div>\n","protected":false},"excerpt":{"rendered":"<p>Indikation: Salmonellen (Paratyphus), E. Coli und bakterielle Infektionen. Symptome: Durchfall (gr\u00fcner Durchfall und einige V\u00f6gel erbrechen), langsame Kropfentleerung, infekti\u00f6se Arthritis (Lahmheit oder&hellip;<\/p>\n","protected":false},"featured_media":11491,"template":"","meta":[],"product_cat":[228],"product_tag":[],"class_list":{"0":"post-11490","1":"product","2":"type-product","3":"status-publish","4":"has-post-thumbnail","6":"product_cat-medikamente-fuer-tauben","8":"first","9":"instock","10":"shipping-taxable","11":"product-type-simple"},"_links":{"self":[{"href":"https:\/\/care4birds.bg\/de\/wp-json\/wp\/v2\/product\/11490","targetHints":{"allow":["GET"]}}],"collection":[{"href":"https:\/\/care4birds.bg\/de\/wp-json\/wp\/v2\/product"}],"about":[{"href":"https:\/\/care4birds.bg\/de\/wp-json\/wp\/v2\/types\/product"}],"wp:featuredmedia":[{"embeddable":true,"href":"https:\/\/care4birds.bg\/de\/wp-json\/wp\/v2\/media\/11491"}],"wp:attachment":[{"href":"https:\/\/care4birds.bg\/de\/wp-json\/wp\/v2\/media?parent=11490"}],"wp:term":[{"taxonomy":"product_cat","embeddable":true,"href":"https:\/\/care4birds.bg\/de\/wp-json\/wp\/v2\/product_cat?post=11490"},{"taxonomy":"product_tag","embeddable":true,"href":"https:\/\/care4birds.bg\/de\/wp-json\/wp\/v2\/product_tag?post=11490"}],"curies":[{"name":"wp","href":"https:\/\/api.w.org\/{rel}","templated":true}]}}