{"id":10838,"date":"2025-11-03T11:38:17","date_gmt":"2025-11-03T11:38:17","guid":{"rendered":"https:\/\/care4birds.bg\/product\/intestinal-2\/"},"modified":"2026-04-01T08:00:42","modified_gmt":"2026-04-01T08:00:42","slug":"intestinal-2","status":"publish","type":"product","link":"https:\/\/care4birds.bg\/es\/producto\/intestinal-2\/","title":{"rendered":"Intestinal"},"content":{"rendered":"<div>\n<h6>Indicaci\u00f3n:<\/h6>\n<p>Infecciones gastrointestinales bacterianas, como Staphylococcus, Streptococcus y Enterococcus, en aves.\n<\/p><\/div>\n<h6>S\u00edntomas:<\/h6>\n<div>\u2022 Cambio evidente en el comportamiento y la apariencia<\/div>\n<div>\u2022 Plumas erizadas y esponjadas<\/div>\n<div>\u2022 Ojos rojos y llorosos, secreci\u00f3n nasal<\/div>\n<div>\u2022 Diarrea<\/div>\n<div>\u2022 Respiraci\u00f3n inusual o dificultosa<\/div>\n<div>\u2022 Disminuci\u00f3n del apetito y postura baja en el posadero<\/div>\n<h6>Dosificaci\u00f3n<\/h6>\n<div>Como tratamiento normal, a\u00f1adir una dosis de 5 g en 2 L de agua potable tibia durante 3-5 d\u00edas.<\/div>\n<div>En caso de infecciones graves: prolongar el tratamiento a 5-7 d\u00edas consecutivos. El tratamiento puede repetirse, si es necesario, despu\u00e9s de unos d\u00edas.<\/div>\n<div>Cuchara medidora de 1+5 g incluida.<\/div>\n<h6>Interacci\u00f3n(es): no conocida(s).<\/h6>\n<h6>Contraindicaci\u00f3n(es): sobredosis.<\/h6>\n<h6>Consejos de uso:<\/h6>\n<p>Aislar a las aves enfermas (temperatura 28-33 \u00baC, luces tenues).<br \/>\nDurante el tratamiento, proporcionar tratamiento preventivo a las dem\u00e1s aves tambi\u00e9n.<br \/>\nAsegurarse de que las aves ingieran las cantidades recomendadas del medicamento; por lo tanto, evitar la ingesta de alimentos o agua no medicados.<br \/>\nAdministrar glucosa y MULTIVIT MIX durante el tratamiento.<br \/>\nEn condiciones graves, se recomienda un tratamiento prolongado.<br \/>\nAsegurarse de desinfectar adecuadamente el alojamiento.<br \/>\nSi no se observa una r\u00e1pida mejor\u00eda, consultar a un especialista.<\/p>\n<h6>NOTAS: LEA LAS INSTRUCCIONES ANTES DE USAR.<\/h6>\n<p>Conservar en lugar seco, protegido de la luz solar directa, entre 0-30 \u00b0C.<br \/>\nVida \u00fatil despu\u00e9s de la primera apertura: un (1) a\u00f1o.<br \/>\nN.\u00ba de lote y fecha de caducidad: ver el envase.<br \/>\nEvitar el contacto del medicamento con las manos.<br \/>\nMantener fuera del alcance de los ni\u00f1os.<br \/>\nSolo para tratamiento animal. No para animales destinados al consumo humano.<br \/>\nDesechar el envase vac\u00edo y el producto restante en la basura dom\u00e9stica.<br \/>\nEste medicamento veterinario se comercializa de acuerdo con el programa de exenci\u00f3n para peque\u00f1os animales.<\/p>\n<h6>Contiene:<\/h6>\n<p>Trimetoprima 4 %, Sulfadiazina s\u00f3dica 20 %, ingredientes inactivos c.s.p. 100 g<\/p>\n<h6>IMPORTANTE<\/h6>\n<p>Puede haber un ligero endurecimiento del polvo con el tiempo. Sin embargo, esto no afecta a la calidad, eficacia ni a las propiedades \u00fatiles del producto.<\/p>\n","protected":false},"excerpt":{"rendered":"<p>Indicaci\u00f3n: Infecciones gastrointestinales bacterianas, como Staphylococcus, Streptococcus y Enterococcus, en aves. S\u00edntomas: \u2022 Cambio evidente en el comportamiento y la apariencia \u2022&hellip;<\/p>\n","protected":false},"featured_media":10839,"template":"","meta":[],"product_cat":[238],"product_tag":[],"class_list":{"0":"post-10838","1":"product","2":"type-product","3":"status-publish","4":"has-post-thumbnail","6":"product_cat-medicamentos-para-aves","8":"first","9":"instock","10":"shipping-taxable","11":"product-type-simple"},"_links":{"self":[{"href":"https:\/\/care4birds.bg\/es\/wp-json\/wp\/v2\/product\/10838","targetHints":{"allow":["GET"]}}],"collection":[{"href":"https:\/\/care4birds.bg\/es\/wp-json\/wp\/v2\/product"}],"about":[{"href":"https:\/\/care4birds.bg\/es\/wp-json\/wp\/v2\/types\/product"}],"wp:featuredmedia":[{"embeddable":true,"href":"https:\/\/care4birds.bg\/es\/wp-json\/wp\/v2\/media\/10839"}],"wp:attachment":[{"href":"https:\/\/care4birds.bg\/es\/wp-json\/wp\/v2\/media?parent=10838"}],"wp:term":[{"taxonomy":"product_cat","embeddable":true,"href":"https:\/\/care4birds.bg\/es\/wp-json\/wp\/v2\/product_cat?post=10838"},{"taxonomy":"product_tag","embeddable":true,"href":"https:\/\/care4birds.bg\/es\/wp-json\/wp\/v2\/product_tag?post=10838"}],"curies":[{"name":"wp","href":"https:\/\/api.w.org\/{rel}","templated":true}]}}