{"id":10856,"date":"2025-11-03T11:34:48","date_gmt":"2025-11-03T11:34:48","guid":{"rendered":"https:\/\/care4birds.bg\/product\/salmo-mix\/"},"modified":"2026-04-01T08:02:48","modified_gmt":"2026-04-01T08:02:48","slug":"salmo-mix","status":"publish","type":"product","link":"https:\/\/care4birds.bg\/es\/producto\/salmo-mix\/","title":{"rendered":"Salmo-mix"},"content":{"rendered":"<h6>Indicaciones:<\/h6>\n<div>Salmonelosis, colibacilosis (enfermedad sudorosa) e infecciones bacterianas comunes en aves.<\/div>\n<h6>S\u00edntomas:<\/h6>\n<div>S\u00cdNTOMAS COMUNES DE INFECCIONES BACTERIANAS:<\/div>\n<div>S\u00cdNTOMAS ADICIONALES DE COLIBACILLOSIS (ENFERMEDAD SUDOROSA):<\/div>\n<div>\u2022 Cambios evidentes en el comportamiento y la apariencia<\/div>\n<div>\u2022 Plumas erizadas y desordenadas<\/div>\n<div>\u2022 Diarrea<\/div>\n<div>\u2022 Respiraci\u00f3n inusual o dificultosa<\/div>\n<div>\u2022 Disminuci\u00f3n del apetito y estar bajo en el posadero<\/div>\n<div>\u2022 Interior del nido manchado con diarrea amarilla de los polluelos<\/div>\n<div>\u2022 Crecimiento retardado de los polluelos<\/div>\n<div>\u2022 Aumento de la mortalidad durante los primeros d\u00edas de vida<\/div>\n<div><\/div>\n<div>La salmonelosis es m\u00e1s frecuente en per\u00edodos h\u00famedos del a\u00f1o, fuera del aviario, cuando no se toman medidas higi\u00e9nicas adecuadas; la exposici\u00f3n a ratones o excrementos de aves silvestres es una fuente de infecci\u00f3n.<\/div>\n<h6>Dosificaci\u00f3n:<\/h6>\n<div>DOSIFICACI\u00d3N: COMO TRATAMIENTO NORMAL, a\u00f1adir 5 g en 1 litro de agua potable<\/div>\n<div>durante 5\u20137 d\u00edas consecutivos.<\/div>\n<div>EN CASO DE SALMONELOSIS O COLIBACILLOSIS (ENFERMEDAD SUDOROSA), repetir<\/div>\n<div>el tratamiento despu\u00e9s de 2 d\u00edas<\/div>\n<div>Cucharilla medidora de 1+5 g incluida.<\/div>\n<div><\/div>\n<p>Interacci\u00f3n(es): no conocida(s).<\/p>\n<p>Contraindicaciones: sobredosis.<\/p>\n<h6>Consejos de uso:<\/h6>\n<p>Aislar a las aves enfermas (temperatura 28-33 \u00baC, luz tenue).<br \/>\nDurante el tratamiento, proporcionar tratamiento preventivo tambi\u00e9n a las dem\u00e1s aves.<br \/>\nAsegurarse de que las aves tomen las cantidades recomendadas de medicaci\u00f3n; por lo tanto, evitar la ingesti\u00f3n de alimento o agua no medicados.<br \/>\nAdministrar glucosa y MULTIVIT MIX durante el tratamiento.<br \/>\nPara casos graves, se recomienda un tratamiento prolongado.<br \/>\nAsegurarse de desinfectar adecuadamente el alojamiento.<br \/>\nSi no se produce una mejora r\u00e1pida, consulte a un especialista.<\/p>\n<h6>NOTAS: LEA LAS INSTRUCCIONES ANTES DE USAR.<\/h6>\n<p>Almacenar en lugar seco, fuera de la luz solar directa, entre 0-30 \u00b0C.<br \/>\nVida \u00fatil despu\u00e9s de la primera apertura: un (1) a\u00f1o.<br \/>\nN\u00famero de lote y fecha de caducidad: ver envase.<br \/>\nEvitar el contacto del medicamento con las manos.<br \/>\nMantener fuera del alcance de los ni\u00f1os.<br \/>\nSolo para tratamiento de animales. No para animales destinados al consumo humano.<br \/>\nDesechar el envase vac\u00edo y el producto restante con la basura dom\u00e9stica.<br \/>\nEste medicamento veterinario se comercializa de acuerdo con el esquema de exenci\u00f3n para peque\u00f1os animales.<\/p>\n<h6>Contiene:<\/h6>\n<p>Furaltadona HCl 12,8%, Cloranfenicol 8%, Clortetraciclina HCl 12,5%, Ingredientes inactivos q.s. hasta 100 g<\/p>\n","protected":false},"excerpt":{"rendered":"<p>Indicaciones: Salmonelosis, colibacilosis (enfermedad sudorosa) e infecciones bacterianas comunes en aves. S\u00edntomas: S\u00cdNTOMAS COMUNES DE INFECCIONES BACTERIANAS: S\u00cdNTOMAS ADICIONALES DE COLIBACILLOSIS (ENFERMEDAD&hellip;<\/p>\n","protected":false},"featured_media":10857,"template":"","meta":[],"product_cat":[238],"product_tag":[],"class_list":{"0":"post-10856","1":"product","2":"type-product","3":"status-publish","4":"has-post-thumbnail","6":"product_cat-medicamentos-para-aves","8":"first","9":"instock","10":"shipping-taxable","11":"product-type-simple"},"_links":{"self":[{"href":"https:\/\/care4birds.bg\/es\/wp-json\/wp\/v2\/product\/10856","targetHints":{"allow":["GET"]}}],"collection":[{"href":"https:\/\/care4birds.bg\/es\/wp-json\/wp\/v2\/product"}],"about":[{"href":"https:\/\/care4birds.bg\/es\/wp-json\/wp\/v2\/types\/product"}],"wp:featuredmedia":[{"embeddable":true,"href":"https:\/\/care4birds.bg\/es\/wp-json\/wp\/v2\/media\/10857"}],"wp:attachment":[{"href":"https:\/\/care4birds.bg\/es\/wp-json\/wp\/v2\/media?parent=10856"}],"wp:term":[{"taxonomy":"product_cat","embeddable":true,"href":"https:\/\/care4birds.bg\/es\/wp-json\/wp\/v2\/product_cat?post=10856"},{"taxonomy":"product_tag","embeddable":true,"href":"https:\/\/care4birds.bg\/es\/wp-json\/wp\/v2\/product_tag?post=10856"}],"curies":[{"name":"wp","href":"https:\/\/api.w.org\/{rel}","templated":true}]}}