{"id":10874,"date":"2025-11-03T11:34:46","date_gmt":"2025-11-03T11:34:46","guid":{"rendered":"https:\/\/care4birds.bg\/product\/worm-mix\/"},"modified":"2026-04-01T08:05:41","modified_gmt":"2026-04-01T08:05:41","slug":"worm-mix","status":"publish","type":"product","link":"https:\/\/care4birds.bg\/es\/producto\/worm-mix\/","title":{"rendered":"Worm-mix"},"content":{"rendered":"<div>\n<h6>Indicaci\u00f3n:<\/h6>\n<\/div>\n<div>Para la prevenci\u00f3n y el tratamiento de infestaciones por lombrices redondas y de pelos en aves.<\/div>\n<h6>S\u00edntomas:<\/h6>\n<div>DE LOS GUSANOS INTESTINALES<\/div>\n<div><\/div>\n<div>\u2022 P\u00e9rdida de peso<\/div>\n<div>\u2022 P\u00e9rdida de condici\u00f3n<\/div>\n<div>\u2022 Mayor vulnerabilidad a otras enfermedades<\/div>\n<h6>CU\u00c1NDO TRATAR A SUS ANIMALES:<\/h6>\n<div>\u2022 Como rutina, despu\u00e9s de la muda<\/div>\n<div>\u2022 Si compra aves nuevas<\/div>\n<div>\u2022 En caso de infecciones por gusanos<\/div>\n<h6>Dosificaci\u00f3n:<\/h6>\n<div>DOSIFICACI\u00d3N: COMO TRATAMIENTO GENERAL PARA AVES:<\/div>\n<div>1 g por 500 g de peso vivo \/ 5 g por 2500 g de peso vivo durante 2 d\u00edas consecutivos<\/div>\n<div>Administre Worm-mix con el alimento o en el agua de bebida.<\/div>\n<div>Repita este tratamiento despu\u00e9s de 10-12 d\u00edas.<\/div>\n<div>Cucharilla medidora 1+5 g incluida<\/div>\n<h6>Interacciones: desconocidas.<\/h6>\n<h6>Contraindicaciones: sobredosis: No administrar este producto durante apareamiento, alimentaci\u00f3n de cr\u00edas, muda de plumas grandes y a aves menores de 14 d\u00edas.<\/h6>\n<h6>Consejos de uso:<\/h6>\n<p>A\u00edsle las aves enfermas (temperatura 28\u201333 \u00baC, luz tenue).<br \/>\nMientras trate a los animales enfermos, proporcione tratamiento preventivo a otras aves tambi\u00e9n.<br \/>\nAseg\u00farese de que las aves tomen las cantidades recomendadas de medicamento; por lo tanto, evite el consumo de alimento o agua no medicados.<br \/>\nAdministre glucosa y MULTIVIT MIX durante el tratamiento.<br \/>\nEn casos graves, se recomienda un tratamiento prolongado.<br \/>\nAseg\u00farese de desinfectar adecuadamente el alojamiento.<br \/>\nSi no se produce una mejora r\u00e1pida, consulte a un experto.<\/p>\n<h6>NOTAS: LEA LAS INSTRUCCIONES ANTES DE USAR.<\/h6>\n<p>Almacene seco, fuera de la luz solar directa, entre 0-30 \u00baC.<br \/>\nVida \u00fatil despu\u00e9s de la primera apertura: un (1) a\u00f1o.<br \/>\nN\u00famero de lote y fecha de caducidad: ver envase.<br \/>\nEvite el contacto del medicamento con las manos.<br \/>\nMantener fuera del alcance de los ni\u00f1os.<br \/>\nSolo para tratamiento de animales. No para animales destinados a producir alimentos para el consumo humano.<br \/>\nDeseche el envase vac\u00edo y el producto restante junto con la basura dom\u00e9stica.<br \/>\nEste medicamento veterinario se comercializa de acuerdo con el esquema de exenci\u00f3n para animales peque\u00f1os.<\/p>\n<h6>Contiene:<\/h6>\n<p>Levamisol HCl 2%, Ingredientes inactivos q.s. hasta 100 g<\/p>\n","protected":false},"excerpt":{"rendered":"<p>Indicaci\u00f3n: Para la prevenci\u00f3n y el tratamiento de infestaciones por lombrices redondas y de pelos en aves. S\u00edntomas: DE LOS GUSANOS INTESTINALES&hellip;<\/p>\n","protected":false},"featured_media":10875,"template":"","meta":[],"product_cat":[238],"product_tag":[],"class_list":{"0":"post-10874","1":"product","2":"type-product","3":"status-publish","4":"has-post-thumbnail","6":"product_cat-medicamentos-para-aves","8":"first","9":"instock","10":"shipping-taxable","11":"product-type-simple"},"_links":{"self":[{"href":"https:\/\/care4birds.bg\/es\/wp-json\/wp\/v2\/product\/10874","targetHints":{"allow":["GET"]}}],"collection":[{"href":"https:\/\/care4birds.bg\/es\/wp-json\/wp\/v2\/product"}],"about":[{"href":"https:\/\/care4birds.bg\/es\/wp-json\/wp\/v2\/types\/product"}],"wp:featuredmedia":[{"embeddable":true,"href":"https:\/\/care4birds.bg\/es\/wp-json\/wp\/v2\/media\/10875"}],"wp:attachment":[{"href":"https:\/\/care4birds.bg\/es\/wp-json\/wp\/v2\/media?parent=10874"}],"wp:term":[{"taxonomy":"product_cat","embeddable":true,"href":"https:\/\/care4birds.bg\/es\/wp-json\/wp\/v2\/product_cat?post=10874"},{"taxonomy":"product_tag","embeddable":true,"href":"https:\/\/care4birds.bg\/es\/wp-json\/wp\/v2\/product_tag?post=10874"}],"curies":[{"name":"wp","href":"https:\/\/api.w.org\/{rel}","templated":true}]}}