{"id":10892,"date":"2025-11-03T11:33:19","date_gmt":"2025-11-03T11:33:19","guid":{"rendered":"https:\/\/care4birds.bg\/product\/fungi-mix\/"},"modified":"2026-03-30T08:56:31","modified_gmt":"2026-03-30T08:56:31","slug":"fungi-mix","status":"publish","type":"product","link":"https:\/\/care4birds.bg\/es\/producto\/fungi-mix\/","title":{"rendered":"Fungi-mix"},"content":{"rendered":"<div>\n<h6>Indicaci\u00f3n:<\/h6>\n<\/div>\n<div>Infecciones f\u00fangicas como Candidiasis, Moniliasis y Aspergilosis en aves.<\/div>\n<div>La levadura se encuentra en todas partes, incluso en alimentos en mal estado. Por esta raz\u00f3n, las frutas y verduras frescas no deben dejarse en la jaula del ave durante largos per\u00edodos. En el calor y la humedad del verano, los alimentos pueden echarse a perder en pocas horas. La mala higiene tambi\u00e9n puede propagar infecciones por levadura. No esterilizar el equipo de alimentaci\u00f3n manual, limpiar incorrectamente la jaula e incluso no lavarse las manos puede propagar la levadura. La mayor\u00eda de las aves sanas no se ver\u00e1n afectadas. Las aves mayores, neonatos, aves enfermas y estresadas generalmente desarrollan infecciones por levadura. Estas infecciones secundarias<\/div>\n<div>ponen un estr\u00e9s adicional en su sistema inmunol\u00f3gico ya sobrecargado e interfieren con el proceso de curaci\u00f3n.<\/div>\n<h6>S\u00edntomas:<\/h6>\n<div>\u2022 P\u00e9rdida de plumas<\/div>\n<div>\u2022 Mal apetito<\/div>\n<div>\u2022 V\u00f3mitos<\/div>\n<div>\u2022 Buche hinchado<\/div>\n<div>\u2022 Dificultades respiratorias<\/div>\n<div>\u2022 A menudo combinado con diarrea.<\/div>\n<h6>Dosificaci\u00f3n:<\/h6>\n<div>Alimento con huevo: aves en general: 5 g \/ 500 g de alimento blando, dos veces al d\u00eda, 5 a 7 d\u00edas<\/div>\n<div>Agua de bebida: aves en general: 5 g \/ 1 L de agua, dos veces al d\u00eda, 5 a 7 d\u00edas (\u00a1agitar bien antes de usar!) Nystatin se puede mezclar directamente en la f\u00f3rmula de alimentaci\u00f3n manual, pero es m\u00e1s efectivo si se administra puro aproximadamente 1\/2 hora antes de la alimentaci\u00f3n. Esto permite cubrir el buche y atacar a los organismos de Candida no saludables. Para prevenci\u00f3n, suministre a sus aves \u00e1cido c\u00edtrico 5 ml por 1 litro de agua diariamente. Cucharilla medidora 1+5 g incluida.<\/div>\n<h6>Interacciones: desconocidas.<\/h6>\n<h6>Contraindicaciones: sobredosis.<\/h6>\n<h6>Consejos de uso:<\/h6>\n<p>A\u00edsle las aves enfermas (temperatura 28\u201333 \u00baC, luz tenue).<br \/>\nMientras trate a los animales enfermos, proporcione tratamiento preventivo a otras aves tambi\u00e9n.<br \/>\nAseg\u00farese de que las aves tomen las cantidades recomendadas de medicamento; evite alimentos o agua no medicados.<br \/>\nAdministre glucosa y MULTIVIT MIX durante el tratamiento.<br \/>\nEn casos graves, se recomienda un tratamiento prolongado.<br \/>\nAseg\u00farese de desinfectar adecuadamente el alojamiento.<br \/>\nSi no se produce una mejora r\u00e1pida, consulte a un experto.<\/p>\n<h6>NOTAS: LEA LAS INSTRUCCIONES ANTES DE USAR.<\/h6>\n<p>Almacene en lugar seco, fuera de la luz solar directa, entre 0\u201330 \u00baC.<br \/>\nVida \u00fatil despu\u00e9s de la primera apertura: un (1) a\u00f1o.<br \/>\nN\u00famero de lote y fecha de caducidad: ver envase.<br \/>\nEvite el contacto del medicamento con las manos.<br \/>\nMantener fuera del alcance de los ni\u00f1os.<br \/>\nSolo para tratamiento de animales. No para animales destinados a producir alimentos para consumo humano.<br \/>\nDeseche el envase vac\u00edo y el producto restante con los residuos dom\u00e9sticos.<br \/>\nEste medicamento veterinario se comercializa de acuerdo con el esquema de exenci\u00f3n para animales peque\u00f1os.<\/p>\n<h6>Contiene:<\/h6>\n<p>100 g Nystatina (200.000 i.u\/gramo)<\/p>\n","protected":false},"excerpt":{"rendered":"<p>Indicaci\u00f3n: Infecciones f\u00fangicas como Candidiasis, Moniliasis y Aspergilosis en aves. La levadura se encuentra en todas partes, incluso en alimentos en mal&hellip;<\/p>\n","protected":false},"featured_media":10893,"template":"","meta":[],"product_cat":[238],"product_tag":[],"class_list":{"0":"post-10892","1":"product","2":"type-product","3":"status-publish","4":"has-post-thumbnail","6":"product_cat-medicamentos-para-aves","8":"first","9":"instock","10":"shipping-taxable","11":"product-type-simple"},"_links":{"self":[{"href":"https:\/\/care4birds.bg\/es\/wp-json\/wp\/v2\/product\/10892","targetHints":{"allow":["GET"]}}],"collection":[{"href":"https:\/\/care4birds.bg\/es\/wp-json\/wp\/v2\/product"}],"about":[{"href":"https:\/\/care4birds.bg\/es\/wp-json\/wp\/v2\/types\/product"}],"wp:featuredmedia":[{"embeddable":true,"href":"https:\/\/care4birds.bg\/es\/wp-json\/wp\/v2\/media\/10893"}],"wp:attachment":[{"href":"https:\/\/care4birds.bg\/es\/wp-json\/wp\/v2\/media?parent=10892"}],"wp:term":[{"taxonomy":"product_cat","embeddable":true,"href":"https:\/\/care4birds.bg\/es\/wp-json\/wp\/v2\/product_cat?post=10892"},{"taxonomy":"product_tag","embeddable":true,"href":"https:\/\/care4birds.bg\/es\/wp-json\/wp\/v2\/product_tag?post=10892"}],"curies":[{"name":"wp","href":"https:\/\/api.w.org\/{rel}","templated":true}]}}