{"id":10910,"date":"2025-11-03T11:31:54","date_gmt":"2025-11-03T11:31:54","guid":{"rendered":"https:\/\/care4birds.bg\/product\/protozoal-mix\/"},"modified":"2026-03-30T09:04:06","modified_gmt":"2026-03-30T09:04:06","slug":"protozoal-mix","status":"publish","type":"product","link":"https:\/\/care4birds.bg\/es\/producto\/protozoal-mix\/","title":{"rendered":"Protozoal-mix"},"content":{"rendered":"<div>\n<div>\n<h6>Indicaci\u00f3n:<\/h6>\n<\/div>\n<div>Infecciones protozoarias: Tricomoniasis (Canker), Giardiasis<\/div>\n<\/div>\n<div>\n<div>y Cochlosoma en aves.<\/div>\n<\/div>\n<h6>S\u00edntomas:<\/h6>\n<div>\n<div>\u2022 Tricomoniasis: P\u00e9rdida de peso, regurgitaci\u00f3n, saliva seca alrededor del pico<\/div>\n<\/div>\n<div>\n<div>\u2022 Giardiasis: Diarrea y algunas muertes.<\/div>\n<\/div>\n<div>\n<div>\u2022 Cochlosomosis: En polluelos, deshidrataci\u00f3n y debilidad con diarrea amarilla.<\/div>\n<\/div>\n<div>\n<div>En pinzones criados bajo Bengal\u00edes, que act\u00faan como portadores asintom\u00e1ticos.<\/div>\n<\/div>\n<div>\n<div>Los s\u00edntomas son m\u00e1s graves en polluelos de 10 d\u00edas a 6 semanas. La infecci\u00f3n puede propagarse a trav\u00e9s de heces, comida y agua contaminadas.<\/div>\n<\/div>\n<h6>Dosificaci\u00f3n:<\/h6>\n<div>Tricomoniasis y Giardiasis: a\u00f1adir 5 g a 1 litro de agua de bebida<\/div>\n<div>durante 5-7 d\u00edas consecutivos.<\/div>\n<div>Loro: 1 g por 1 litro de agua de bebida durante 5-7 d\u00edas consecutivos.<\/div>\n<div>Cochlosomosis: a\u00f1adir 5 g a 1 litro de agua de bebida o 500 g de alimento blando durante 5 d\u00edas consecutivos. Repetir este tratamiento mensualmente durante 6 meses.<\/div>\n<div>Cucharilla medidora 1+5 g incluida.<\/div>\n<h6>Interacci\u00f3n(es): desconocida.<\/h6>\n<h6>Contraindicaciones: sobredosis.<\/h6>\n<h6>Consejos de uso:<\/h6>\n<p>A\u00edsle las aves enfermas (temperatura 28\u201333 \u00baC, luces atenuadas).<br \/>\nMientras se tratan las aves enfermas, tambi\u00e9n proporcione tratamiento preventivo a otras aves.<br \/>\nAseg\u00farese de que las aves tomen la cantidad recomendada de medicamento; por lo tanto, evite el consumo de comida o agua no medicada.<br \/>\nAdministre glucosa y MULTIVIT MIX durante el tratamiento.<br \/>\nEn casos graves, se recomienda tratamiento prolongado.<br \/>\nAseg\u00farese de desinfectar adecuadamente el alojamiento.<br \/>\nSi no ocurre una mejor\u00eda r\u00e1pida, consulte a un experto.  <\/p>\n<h6>NOTAS: LEA LAS INSTRUCCIONES ANTES DE USAR.<\/h6>\n<p>Vida \u00fatil despu\u00e9s de la primera apertura: un (1) a\u00f1o.<br \/>\nN\u00famero de lote y fecha de caducidad: ver paquete.<br \/>\nEvite el contacto del medicamento con las manos.<br \/>\nMantener fuera del alcance de los ni\u00f1os.<br \/>\nSolo para tratamiento animal. No para animales destinados a producir alimentos para el consumo humano.<br \/>\nDeseche el envase vac\u00edo y el producto restante en la basura dom\u00e9stica.<br \/>\nEste medicamento veterinario se comercializa de acuerdo con el esquema de exenci\u00f3n para animales peque\u00f1os.  <\/p>\n<h6>Contiene:<\/h6>\n<p>Ronidazol 10%, ingredientes inactivos q.s. 100 g<\/p>\n","protected":false},"excerpt":{"rendered":"<p>Indicaci\u00f3n: Infecciones protozoarias: Tricomoniasis (Canker), Giardiasis y Cochlosoma en aves. S\u00edntomas: \u2022 Tricomoniasis: P\u00e9rdida de peso, regurgitaci\u00f3n, saliva seca alrededor del pico&hellip;<\/p>\n","protected":false},"featured_media":10911,"template":"","meta":[],"product_cat":[238],"product_tag":[],"class_list":{"0":"post-10910","1":"product","2":"type-product","3":"status-publish","4":"has-post-thumbnail","6":"product_cat-medicamentos-para-aves","8":"first","9":"instock","10":"shipping-taxable","11":"product-type-simple"},"_links":{"self":[{"href":"https:\/\/care4birds.bg\/es\/wp-json\/wp\/v2\/product\/10910","targetHints":{"allow":["GET"]}}],"collection":[{"href":"https:\/\/care4birds.bg\/es\/wp-json\/wp\/v2\/product"}],"about":[{"href":"https:\/\/care4birds.bg\/es\/wp-json\/wp\/v2\/types\/product"}],"wp:featuredmedia":[{"embeddable":true,"href":"https:\/\/care4birds.bg\/es\/wp-json\/wp\/v2\/media\/10911"}],"wp:attachment":[{"href":"https:\/\/care4birds.bg\/es\/wp-json\/wp\/v2\/media?parent=10910"}],"wp:term":[{"taxonomy":"product_cat","embeddable":true,"href":"https:\/\/care4birds.bg\/es\/wp-json\/wp\/v2\/product_cat?post=10910"},{"taxonomy":"product_tag","embeddable":true,"href":"https:\/\/care4birds.bg\/es\/wp-json\/wp\/v2\/product_tag?post=10910"}],"curies":[{"name":"wp","href":"https:\/\/api.w.org\/{rel}","templated":true}]}}