{"id":10928,"date":"2025-11-03T11:31:44","date_gmt":"2025-11-03T11:31:44","guid":{"rendered":"https:\/\/care4birds.bg\/product\/combi-mix-2\/"},"modified":"2026-03-30T09:41:30","modified_gmt":"2026-03-30T09:41:30","slug":"combi-mix-2","status":"publish","type":"product","link":"https:\/\/care4birds.bg\/es\/producto\/combi-mix-2\/","title":{"rendered":"Combi-mix"},"content":{"rendered":"<div>\n<h6>Indicaci\u00f3n:<\/h6>\n<\/div>\n<div>Coccidiosis y Atoxoplasmosis (Lankesterella) en aves.<\/div>\n<h6>S\u00edntomas:<\/h6>\n<div>\u2022 P\u00e9rdida de apetito<\/div>\n<div>\u2022 Plumaje erizado<\/div>\n<div>\u2022 Heces acuosas y mucosas<\/div>\n<div>\u2022 Plumaje sucio alrededor del ano<\/div>\n<div>\u2022 Aumento del tama\u00f1o del h\u00edgado<\/div>\n<div>\u2022 Intestinos inflamados<\/div>\n<h6>Dosificaci\u00f3n:<\/h6>\n<div>Dosificaci\u00f3n Coccidiosis: Aves de jaula, canarios: 1 g \/ 200 ml agua potable (5 g \/ 1 l agua potable), 7 d\u00edas; repetir tratamiento despu\u00e9s de 2 d\u00edas.<\/div>\n<div>Dosificaci\u00f3n Atoxoplasmosis (Lankesterella): Aves de jaula, canarios: 1 g \/ 400 ml agua potable (5 g \/ 2 l agua potable), continuamente durante el per\u00edodo de cr\u00eda hasta despu\u00e9s del primer muda. Cuchara medidora 1+5 g incluida.<\/div>\n<h6>Interacciones:<\/h6>\n<div>Desconocidas.<\/div>\n<h6>Contraindicaciones:<\/h6>\n<div>sobredosificaci\u00f3n.<\/div>\n<h6>Consejos de uso:<\/h6>\n<div>A\u00edsle las aves enfermas (temperatura 28\u201333 \u00baC, luz atenuada).<\/div>\n<div>Durante el tratamiento, proporcione tratamiento preventivo tambi\u00e9n a otras aves.<\/div>\n<div>Aseg\u00farese de que las aves tomen las cantidades recomendadas de medicamento; evite la ingesta de comida o agua no medicada.<\/div>\n<div>Administre glucosa y MULTIVIT MIX durante el tratamiento.<\/div>\n<div>Para casos graves, se recomienda tratamiento extendido.<\/div>\n<div>Aseg\u00farese de desinfectar adecuadamente la vivienda.<\/div>\n<div>Si no ocurre mejor\u00eda r\u00e1pida, consulte a un especialista.<\/div>\n<h6>NOTAS: LEA LAS INSTRUCCIONES ANTES DE USAR.<\/h6>\n<div>Almacenar en lugar seco, fuera de la luz directa del sol, entre 0\u201330 \u00baC.<\/div>\n<div>Vida \u00fatil despu\u00e9s de la primera apertura: un (1) a\u00f1o.<\/div>\n<div>N\u00famero de lote y fecha de caducidad: ver envase.<\/div>\n<div>Evitar el contacto del medicamento con las manos.<\/div>\n<div>Mantener fuera del alcance de los ni\u00f1os.<\/div>\n<div>S\u00f3lo para tratamiento animal. No para animales destinados a consumo humano.<\/div>\n<div>Deseche el envase vac\u00edo y el producto restante en la basura dom\u00e9stica.<\/div>\n<div>Este medicamento veterinario se comercializa de acuerdo con el esquema de exenci\u00f3n para animales peque\u00f1os.<\/div>\n<h6>Contiene:<\/h6>\n<div>Sulfachlorpiridazina Sodio 5 %, ingredientes inactivos q.s. 100 g<\/div>\n<h6>IMPORTANTE:<\/h6>\n<div>Puede haber un ligero endurecimiento del polvo con el tiempo, pero no afecta su eficacia ni propiedades \u00fatiles.<\/div>\n","protected":false},"excerpt":{"rendered":"<p>Indicaci\u00f3n: Coccidiosis y Atoxoplasmosis (Lankesterella) en aves. S\u00edntomas: \u2022 P\u00e9rdida de apetito \u2022 Plumaje erizado \u2022 Heces acuosas y mucosas \u2022 Plumaje&hellip;<\/p>\n","protected":false},"featured_media":10929,"template":"","meta":[],"product_cat":[238],"product_tag":[],"class_list":{"0":"post-10928","1":"product","2":"type-product","3":"status-publish","4":"has-post-thumbnail","6":"product_cat-medicamentos-para-aves","8":"first","9":"instock","10":"shipping-taxable","11":"product-type-simple"},"_links":{"self":[{"href":"https:\/\/care4birds.bg\/es\/wp-json\/wp\/v2\/product\/10928","targetHints":{"allow":["GET"]}}],"collection":[{"href":"https:\/\/care4birds.bg\/es\/wp-json\/wp\/v2\/product"}],"about":[{"href":"https:\/\/care4birds.bg\/es\/wp-json\/wp\/v2\/types\/product"}],"wp:featuredmedia":[{"embeddable":true,"href":"https:\/\/care4birds.bg\/es\/wp-json\/wp\/v2\/media\/10929"}],"wp:attachment":[{"href":"https:\/\/care4birds.bg\/es\/wp-json\/wp\/v2\/media?parent=10928"}],"wp:term":[{"taxonomy":"product_cat","embeddable":true,"href":"https:\/\/care4birds.bg\/es\/wp-json\/wp\/v2\/product_cat?post=10928"},{"taxonomy":"product_tag","embeddable":true,"href":"https:\/\/care4birds.bg\/es\/wp-json\/wp\/v2\/product_tag?post=10928"}],"curies":[{"name":"wp","href":"https:\/\/api.w.org\/{rel}","templated":true}]}}