{"id":10946,"date":"2025-11-03T11:29:59","date_gmt":"2025-11-03T11:29:59","guid":{"rendered":"https:\/\/care4birds.bg\/product\/orni-mix\/"},"modified":"2026-03-30T09:53:22","modified_gmt":"2026-03-30T09:53:22","slug":"orni-mix","status":"publish","type":"product","link":"https:\/\/care4birds.bg\/es\/producto\/orni-mix\/","title":{"rendered":"Orni-mix"},"content":{"rendered":"<div>\n<h6>Indicaci\u00f3n:<\/h6>\n<\/div>\n<div>\n<div>Infecciones de las v\u00edas respiratorias causadas por Ornithosis, Neumon\u00eda, Micoplasmosis, Psitacosis (Clamidiosis) en aves.<\/div>\n<\/div>\n<h6>S\u00edntomas:<\/h6>\n<div>\n<div>\u2022 Infecci\u00f3n de los senos paranasales, respiraci\u00f3n dificultosa, falta de aire, respiraci\u00f3n ruidosa o \u201cgoteo nasal\u201d<\/div>\n<\/div>\n<div>\n<div>\u2022 Secreci\u00f3n ocular o hinchaz\u00f3n, enredos de plumas alrededor de los ojos<\/div>\n<\/div>\n<div>\n<div>\u2022 Letargo, plumas erizadas, p\u00e9rdida de apetito, p\u00e9rdida de peso, debilidad.<\/div>\n<\/div>\n<h6>Dosificaci\u00f3n<\/h6>\n<div>\n<div>Dosificaci\u00f3n: Aves de jaula y aviario (canarios, pinzones):<\/div>\n<\/div>\n<div>\n<div>5 g \/ 2 litros de agua potable, 5-10 d\u00edas consecutivos.<\/div>\n<\/div>\n<div>\n<div>Dosificaci\u00f3n: Periquitos, loros:<\/div>\n<\/div>\n<div>\n<div>1 g \/ 2 kg de peso corporal, o 3 g \/ 200 ml de agua potable, 5-10 d\u00edas consecutivos.<\/div>\n<\/div>\n<div>\n<div>Para el tratamiento de Psitacosis (Fiebre del loro): 1 g \/ 2 kg de peso corporal, o 3 g \/ 200 ml de agua potable. Duraci\u00f3n del tratamiento: 45 d\u00edas. Todas las fuentes de calcio deben eliminarse durante este per\u00edodo, ya que el calcio afecta la absorci\u00f3n del antibi\u00f3tico.<\/div>\n<\/div>\n<div>\n<div>Cucharilla medidora 1+5 g incluida.<\/div>\n<\/div>\n<h6>Interacciones:<\/h6>\n<p> Desconocidas.<\/p>\n<h6>Contraindicaciones:<\/h6>\n<p> Sobredosis.<\/p>\n<h6>Consejos de uso:<\/h6>\n<p>A\u00edsle a los p\u00e1jaros enfermos (temperatura 28\u201333 \u00baC, luz tenue).<br \/>\nDurante el tratamiento, proporcione tratamiento preventivo a otras aves.<br \/>\nAseg\u00farese de que las aves tomen la dosis recomendada; evite la ingesta de alimentos o agua no medicados.<br \/>\nAdministre glucosa y MULTIVIT MIX durante el tratamiento.<br \/>\nPara casos graves, se recomienda tratamiento extendido.<br \/>\nAseg\u00farese de desinfectar adecuadamente la instalaci\u00f3n.<br \/>\nSi no hay mejor\u00eda r\u00e1pida, consulte a un experto.<\/p>\n<h6>NOTAS: LEA LAS INSTRUCCIONES ANTES DE USAR.<\/h6>\n<p>Almacene en lugar seco, fuera de la luz solar directa, entre 0-30 \u00baC.<br \/>\nVida \u00fatil despu\u00e9s de la primera apertura: un (1) a\u00f1o.<br \/>\nN\u00famero de lote y fecha de caducidad: vea el envase.<br \/>\nEvite el contacto con las manos.<br \/>\nMantener fuera del alcance de los ni\u00f1os.<br \/>\nSolo para tratamiento animal. No para animales destinados al consumo humano.<br \/>\nDeseche el envase vac\u00edo y el producto restante en los residuos dom\u00e9sticos.<br \/>\nEste medicamento veterinario se comercializa de acuerdo con el esquema de exenci\u00f3n para animales peque\u00f1os.<\/p>\n<h6>Contiene:<\/h6>\n<p>Doxiciclina Hiclato 6%, Espiramicina Adipato 10%, Metronidazol 10%, Bromhexina HCl 2%, excipientes q.s. hasta 100 g<\/p>\n","protected":false},"excerpt":{"rendered":"<p>Indicaci\u00f3n: Infecciones de las v\u00edas respiratorias causadas por Ornithosis, Neumon\u00eda, Micoplasmosis, Psitacosis (Clamidiosis) en aves. S\u00edntomas: \u2022 Infecci\u00f3n de los senos paranasales,&hellip;<\/p>\n","protected":false},"featured_media":10947,"template":"","meta":[],"product_cat":[238],"product_tag":[],"class_list":{"0":"post-10946","1":"product","2":"type-product","3":"status-publish","4":"has-post-thumbnail","6":"product_cat-medicamentos-para-aves","8":"first","9":"instock","10":"shipping-taxable","11":"product-type-simple"},"_links":{"self":[{"href":"https:\/\/care4birds.bg\/es\/wp-json\/wp\/v2\/product\/10946","targetHints":{"allow":["GET"]}}],"collection":[{"href":"https:\/\/care4birds.bg\/es\/wp-json\/wp\/v2\/product"}],"about":[{"href":"https:\/\/care4birds.bg\/es\/wp-json\/wp\/v2\/types\/product"}],"wp:featuredmedia":[{"embeddable":true,"href":"https:\/\/care4birds.bg\/es\/wp-json\/wp\/v2\/media\/10947"}],"wp:attachment":[{"href":"https:\/\/care4birds.bg\/es\/wp-json\/wp\/v2\/media?parent=10946"}],"wp:term":[{"taxonomy":"product_cat","embeddable":true,"href":"https:\/\/care4birds.bg\/es\/wp-json\/wp\/v2\/product_cat?post=10946"},{"taxonomy":"product_tag","embeddable":true,"href":"https:\/\/care4birds.bg\/es\/wp-json\/wp\/v2\/product_tag?post=10946"}],"curies":[{"name":"wp","href":"https:\/\/api.w.org\/{rel}","templated":true}]}}