{"id":10965,"date":"2025-11-03T11:29:04","date_gmt":"2025-11-03T11:29:04","guid":{"rendered":"https:\/\/care4birds.bg\/product\/multivit-mix\/"},"modified":"2026-03-30T10:00:11","modified_gmt":"2026-03-30T10:00:11","slug":"multivit-mix","status":"publish","type":"product","link":"https:\/\/care4birds.bg\/es\/producto\/multivit-mix\/","title":{"rendered":"Multivit-Mix"},"content":{"rendered":"<div>Multivit-mix es una mezcla especial de vitaminas solubles en agua y glucosa. Estas vitaminas son de gran importancia para el metabolismo de las aves. Se a\u00f1ade glucosa a esta mezcla para proporcionar energ\u00eda directa a las aves.<\/div>\n<div><\/div>\n<div>Multivit-mix contribuye a:<\/div>\n<div>\u2022 mayor resistencia<\/div>\n<div>\u2022 buena reproducci\u00f3n<\/div>\n<div>\u2022 recuperaci\u00f3n \u00f3ptima<\/div>\n<div><\/div>\n<div>Los requerimientos diarios de vitaminas de un ave son muy importantes; la deficiencia puede causar varios problemas, por ejemplo:<\/div>\n<div>\u2022 La deficiencia de vitamina A puede causar baja fertilidad en machos y hembras, producir cambios en el revestimiento del tracto respiratorio y digestivo, facilitar la invasi\u00f3n de infecciones, afectar la vista y causar la muerte del embri\u00f3n.<\/div>\n<div>\u2022 La deficiencia del grupo de vitaminas B puede causar trastornos nerviosos, retraso en el crecimiento y desarrollo del plumaje, alteraci\u00f3n del metabolismo de grasas, baja eclosi\u00f3n de huevos y desarrollo deficiente de los polluelos.<\/div>\n<div>\u2022 La deficiencia de vitamina D puede causar raquitismo y huevos con c\u00e1scara blanda.<\/div>\n<div><\/div>\n<div>Los multivitam\u00ednicos se administran al menos una vez por semana:<\/div>\n<div>\u2022 Durante crecimiento, muda y reproducci\u00f3n<\/div>\n<div>\u2022 Durante estr\u00e9s intenso o esfuerzo<\/div>\n<div>\u2022 Despu\u00e9s de tratamiento por enfermedad, desparasitaci\u00f3n e inoculaciones<\/div>\n<h6>Dosificaci\u00f3n<\/h6>\n<div>Dosificaci\u00f3n: Aves ornamentales:<\/div>\n<div>\u2022 Como dosis \u00fanica despu\u00e9s de la medicaci\u00f3n: 2 g\/0.5 l de agua potable o 2 g\/250 g de alimento.<\/div>\n<div>\u2022 Como dosis de mantenimiento: dos veces por semana 1 g\/0.5 l de agua potable o 1 g\/250 g de alimento.<\/div>\n<div>Multivit-mix puede agregarse al agua potable o administrarse con el alimento. Cucharilla medidora 1+5 g incluida.<\/div>\n<h6>Interacciones:<\/h6>\n<p> desconocidas.<\/p>\n<h6>Contraindicaciones:<\/h6>\n<p> sobredosificaci\u00f3n.<\/p>\n<h6>NOTAS: LEA LAS INSTRUCCIONES ANTES DE USAR.<\/h6>\n<div>Almacenar en lugar seco, fuera de la luz directa del sol, entre 0-30 \u00b0C. Vida \u00fatil despu\u00e9s de la primera apertura: un (1) a\u00f1o. N\u00famero de lote y fecha de caducidad: ver envase. Evitar contacto con las manos. Mantener fuera del alcance de los ni\u00f1os. Solo para tratamiento animal. No para animales destinados al consumo humano. Desechar envase vac\u00edo y producto restante en residuos dom\u00e9sticos. Este medicamento veterinario se comercializa de acuerdo con el esquema de exenci\u00f3n para animales peque\u00f1os.<\/div>\n<h6>Contiene:<\/h6>\n<div>200 g Multivitam\u00ednicos<\/div>\n","protected":false},"excerpt":{"rendered":"<p>Multivit-mix es una mezcla especial de vitaminas solubles en agua y glucosa. Estas vitaminas son de gran importancia para el metabolismo de&hellip;<\/p>\n","protected":false},"featured_media":10966,"template":"","meta":[],"product_cat":[238],"product_tag":[],"class_list":{"0":"post-10965","1":"product","2":"type-product","3":"status-publish","4":"has-post-thumbnail","6":"product_cat-medicamentos-para-aves","8":"first","9":"instock","10":"shipping-taxable","11":"product-type-simple"},"_links":{"self":[{"href":"https:\/\/care4birds.bg\/es\/wp-json\/wp\/v2\/product\/10965","targetHints":{"allow":["GET"]}}],"collection":[{"href":"https:\/\/care4birds.bg\/es\/wp-json\/wp\/v2\/product"}],"about":[{"href":"https:\/\/care4birds.bg\/es\/wp-json\/wp\/v2\/types\/product"}],"wp:featuredmedia":[{"embeddable":true,"href":"https:\/\/care4birds.bg\/es\/wp-json\/wp\/v2\/media\/10966"}],"wp:attachment":[{"href":"https:\/\/care4birds.bg\/es\/wp-json\/wp\/v2\/media?parent=10965"}],"wp:term":[{"taxonomy":"product_cat","embeddable":true,"href":"https:\/\/care4birds.bg\/es\/wp-json\/wp\/v2\/product_cat?post=10965"},{"taxonomy":"product_tag","embeddable":true,"href":"https:\/\/care4birds.bg\/es\/wp-json\/wp\/v2\/product_tag?post=10965"}],"curies":[{"name":"wp","href":"https:\/\/api.w.org\/{rel}","templated":true}]}}