{"id":10984,"date":"2025-11-03T11:28:39","date_gmt":"2025-11-03T11:28:39","guid":{"rendered":"https:\/\/care4birds.bg\/product\/eye-drops-2\/"},"modified":"2026-03-30T10:06:55","modified_gmt":"2026-03-30T10:06:55","slug":"eye-drops-2","status":"publish","type":"product","link":"https:\/\/care4birds.bg\/es\/producto\/eye-drops-2\/","title":{"rendered":"Eye drops"},"content":{"rendered":"<h6>Indicaci\u00f3n:<\/h6>\n<div>Todo tipo de infecciones; enfermedades de ojos o o\u00eddos causadas por bacterias gram + y &#8211;<\/div>\n<h6>Dosificaci\u00f3n<\/h6>\n<div>1-2 gotas o seg\u00fan lo indique el veterinario<\/div>\n<h6>Tratamiento<\/h6>\n<div>1-2 veces al d\u00eda hasta que aparezca mejor\u00eda,<\/div>\n<div>o seg\u00fan lo indique el veterinario<\/div>\n<div><\/div>\n<div>NOTAS: LEA LAS INSTRUCCIONES ANTES DE USAR.<\/div>\n<ul>\n<li>Almacenar seco, fuera de la luz solar directa, entre 0-30 \u00baC.<\/li>\n<li>Almacenamiento limitado una vez abierto.<\/li>\n<li>Evitar el contacto del medicamento con las manos.<\/li>\n<li>Mantener fuera del alcance de los ni\u00f1os.<\/li>\n<li>Solo para tratamiento de animales. No para animales destinados a consumo humano.<\/li>\n<li>En caso de duda o problemas persistentes, consulte a un experto.<\/li>\n<\/ul>\n<div><b>EL PRODUCTO CONTIENE ESTEROIDES, NO USAR ANTES DE CARRERAS.<\/b><\/div>\n<h6>F\u00f3rmula<\/h6>\n<div>Contiene: Fosfato de Prednisolona Sodio 55 mg\/g, Sulfato de Neomicina 50 mg\/g<\/div>\n<h6>Contiene:<\/h6>\n<div>10 ml de medicamento veterinario para aves<\/div>\n","protected":false},"excerpt":{"rendered":"<p>Indicaci\u00f3n: Todo tipo de infecciones; enfermedades de ojos o o\u00eddos causadas por bacterias gram + y &#8211; Dosificaci\u00f3n 1-2 gotas o seg\u00fan&hellip;<\/p>\n","protected":false},"featured_media":10985,"template":"","meta":[],"product_cat":[238],"product_tag":[],"class_list":{"0":"post-10984","1":"product","2":"type-product","3":"status-publish","4":"has-post-thumbnail","6":"product_cat-medicamentos-para-aves","8":"first","9":"instock","10":"shipping-taxable","11":"product-type-simple"},"_links":{"self":[{"href":"https:\/\/care4birds.bg\/es\/wp-json\/wp\/v2\/product\/10984","targetHints":{"allow":["GET"]}}],"collection":[{"href":"https:\/\/care4birds.bg\/es\/wp-json\/wp\/v2\/product"}],"about":[{"href":"https:\/\/care4birds.bg\/es\/wp-json\/wp\/v2\/types\/product"}],"wp:featuredmedia":[{"embeddable":true,"href":"https:\/\/care4birds.bg\/es\/wp-json\/wp\/v2\/media\/10985"}],"wp:attachment":[{"href":"https:\/\/care4birds.bg\/es\/wp-json\/wp\/v2\/media?parent=10984"}],"wp:term":[{"taxonomy":"product_cat","embeddable":true,"href":"https:\/\/care4birds.bg\/es\/wp-json\/wp\/v2\/product_cat?post=10984"},{"taxonomy":"product_tag","embeddable":true,"href":"https:\/\/care4birds.bg\/es\/wp-json\/wp\/v2\/product_tag?post=10984"}],"curies":[{"name":"wp","href":"https:\/\/api.w.org\/{rel}","templated":true}]}}