{"id":11003,"date":"2025-11-03T11:27:22","date_gmt":"2025-11-03T11:27:22","guid":{"rendered":"https:\/\/care4birds.bg\/product\/eye-cream-2\/"},"modified":"2026-03-30T10:15:03","modified_gmt":"2026-03-30T10:15:03","slug":"eye-cream-2","status":"publish","type":"product","link":"https:\/\/care4birds.bg\/es\/producto\/eye-cream-2\/","title":{"rendered":"Eye cream"},"content":{"rendered":"<h6>Indicaci\u00f3n:<\/h6>\n<div>Todo tipo de infecciones; enfermedades de ojos o o\u00eddos complicadas<\/div>\n<div>por reacciones al\u00e9rgicas.<\/div>\n<h6>Dosificaci\u00f3n<\/h6>\n<div>Una peque\u00f1a cantidad alrededor del ojo o del o\u00eddo o seg\u00fan lo indique el veterinario<\/div>\n<h6>Tratamiento<\/h6>\n<div>1-2 veces al d\u00eda hasta que aparezca mejor\u00eda, o seg\u00fan lo indique el veterinario<\/div>\n<h6>NOTAS: LEA LAS INSTRUCCIONES ANTES DE USAR.<\/h6>\n<ul>\n<li>Almacenar seco, fuera de la luz solar directa, entre 0-30 \u00b0C.<\/li>\n<li>Almacenamiento limitado una vez abierto.<\/li>\n<li>Evitar el contacto del medicamento con las manos.<\/li>\n<li>Mantener fuera del alcance de los ni\u00f1os.<\/li>\n<li>Solo para tratamiento de animales. No para animales destinados a consumo humano.<\/li>\n<li>En caso de duda o problemas persistentes, consulte a un experto.<\/li>\n<\/ul>\n<div>EL PRODUCTO CONTIENE ESTEROIDES.<\/div>\n<h6>F\u00f3rmula<\/h6>\n<div>Contiene: Oxitetraciclina HCl 5,4 mg\/g, Polimixina B Sulfato 1,27 mg\/g,<\/div>\n<div>Hidrocortisona micr. 1,5 mg\/g (suministrado como tubo de 5 gramos)<\/div>\n<h6>Contiene:<\/h6>\n<div>5 g de medicamento veterinario para aves<\/div>\n","protected":false},"excerpt":{"rendered":"<p>Indicaci\u00f3n: Todo tipo de infecciones; enfermedades de ojos o o\u00eddos complicadas por reacciones al\u00e9rgicas. Dosificaci\u00f3n Una peque\u00f1a cantidad alrededor del ojo o&hellip;<\/p>\n","protected":false},"featured_media":11004,"template":"","meta":[],"product_cat":[238],"product_tag":[],"class_list":{"0":"post-11003","1":"product","2":"type-product","3":"status-publish","4":"has-post-thumbnail","6":"product_cat-medicamentos-para-aves","8":"first","9":"instock","10":"shipping-taxable","11":"product-type-simple"},"_links":{"self":[{"href":"https:\/\/care4birds.bg\/es\/wp-json\/wp\/v2\/product\/11003","targetHints":{"allow":["GET"]}}],"collection":[{"href":"https:\/\/care4birds.bg\/es\/wp-json\/wp\/v2\/product"}],"about":[{"href":"https:\/\/care4birds.bg\/es\/wp-json\/wp\/v2\/types\/product"}],"wp:featuredmedia":[{"embeddable":true,"href":"https:\/\/care4birds.bg\/es\/wp-json\/wp\/v2\/media\/11004"}],"wp:attachment":[{"href":"https:\/\/care4birds.bg\/es\/wp-json\/wp\/v2\/media?parent=11003"}],"wp:term":[{"taxonomy":"product_cat","embeddable":true,"href":"https:\/\/care4birds.bg\/es\/wp-json\/wp\/v2\/product_cat?post=11003"},{"taxonomy":"product_tag","embeddable":true,"href":"https:\/\/care4birds.bg\/es\/wp-json\/wp\/v2\/product_tag?post=11003"}],"curies":[{"name":"wp","href":"https:\/\/api.w.org\/{rel}","templated":true}]}}